{"id":9277,"date":"2026-04-13T13:51:11","date_gmt":"2026-04-13T10:51:11","guid":{"rendered":"https:\/\/www.aydinaski.gov.tr\/?page_id=9277"},"modified":"2026-04-13T13:57:24","modified_gmt":"2026-04-13T10:57:24","slug":"sicil-ve-telefon-numarasi-ile-giris-yapiniz","status":"publish","type":"page","link":"https:\/\/www.aydinaski.gov.tr\/index.php\/sicil-ve-telefon-numarasi-ile-giris-yapiniz\/","title":{"rendered":"L\u00fctfen giri\u015f yap\u0131n\u0131z."},"content":{"rendered":"","protected":false},"excerpt":{"rendered":"","protected":false},"author":1,"featured_media":0,"parent":0,"menu_order":0,"comment_status":"closed","ping_status":"closed","template":"page-sicil-bazli-islemler-login.php","meta":{"ngg_post_thumbnail":0,"footnotes":""},"class_list":["post-9277","page","type-page","status-publish","hentry"],"_links":{"self":[{"href":"https:\/\/www.aydinaski.gov.tr\/index.php\/wp-json\/wp\/v2\/pages\/9277","targetHints":{"allow":["GET"]}}],"collection":[{"href":"https:\/\/www.aydinaski.gov.tr\/index.php\/wp-json\/wp\/v2\/pages"}],"about":[{"href":"https:\/\/www.aydinaski.gov.tr\/index.php\/wp-json\/wp\/v2\/types\/page"}],"author":[{"embeddable":true,"href":"https:\/\/www.aydinaski.gov.tr\/index.php\/wp-json\/wp\/v2\/users\/1"}],"replies":[{"embeddable":true,"href":"https:\/\/www.aydinaski.gov.tr\/index.php\/wp-json\/wp\/v2\/comments?post=9277"}],"version-history":[{"count":2,"href":"https:\/\/www.aydinaski.gov.tr\/index.php\/wp-json\/wp\/v2\/pages\/9277\/revisions"}],"predecessor-version":[{"id":9279,"href":"https:\/\/www.aydinaski.gov.tr\/index.php\/wp-json\/wp\/v2\/pages\/9277\/revisions\/9279"}],"wp:attachment":[{"href":"https:\/\/www.aydinaski.gov.tr\/index.php\/wp-json\/wp\/v2\/media?parent=9277"}],"curies":[{"name":"wp","href":"https:\/\/api.w.org\/{rel}","templated":true}]}}