{"id":81,"date":"2022-09-12T13:59:14","date_gmt":"2022-09-12T10:59:14","guid":{"rendered":"http:\/\/localhost:8080\/aydinaski\/?page_id=81"},"modified":"2024-03-12T15:43:41","modified_gmt":"2024-03-12T12:43:41","slug":"laboratuvar-hizmetleri","status":"publish","type":"page","link":"https:\/\/www.aydinaski.gov.tr\/index.php\/laboratuvar-hizmetleri\/","title":{"rendered":"Laboratuvar Hizmetleri"},"content":{"rendered":"\n<p class=\"has-text-align-center\"><strong>Laboratuvar Hizmetlerimiz<\/strong><br><br>Ayd\u0131n B\u00fcy\u00fck\u015fehir Belediyesi ASK\u0130 Genel M\u00fcd\u00fcrl\u00fc\u011f\u00fc Ar\u0131tma Tesisleri Daire Ba\u015fkanl\u0131\u011f\u0131na ba\u011fl\u0131 olan laboratuvar\u0131m\u0131z Bal\u0131kk\u00f6y \u0130\u00e7mesuyu Ar\u0131tma Tesisinde hizmet vermektedir.<br><br>Ayd\u0131n \u0130linin g\u00fcnl\u00fck su ihtiyac\u0131n\u0131 kar\u015f\u0131layan Genel M\u00fcd\u00fcrl\u00fc\u011f\u00fcm\u00fcz Laboratuvar b\u00fcnyesinde bulunan son sistem cihazlarla inceledi\u011fi su numuneleriyle Ayd\u0131n Halk\u0131n\u0131n sa\u011fl\u0131kl\u0131 ve g\u00fcvenli su kullanmas\u0131n\u0131 sa\u011flamaktad\u0131r.<br><br>Laboratuvar\u0131m\u0131zda Ayd\u0131n \u0130li genelinde 17 \u0130l\u00e7e ve 776 noktadan belirli aral\u0131klarla al\u0131nan ve vatanda\u015flar\u0131m\u0131zdan gelen istekler do\u011frultusunda al\u0131nan numuneler kontrol edilmekte, denetlenmektedir.<br><br>Laboratuvar\u0131m\u0131z mikrobiyolojik analiz, fiziksel analiz, a\u011f\u0131r metal analizi, anyon-katyon (\u0130yon) analizi birimlerinden olu\u015fmaktad\u0131r.<br><br>Laboratuvar\u0131m\u0131z T\u00dcRKAK akreditasyon belgesine sahiptir.<br><br><br><strong>Akreditasyon Sertifikas\u0131<\/strong><br><br>Kuruldu\u011fu g\u00fcnden bu yana son teknolojiyi takip ederek, modern ve g\u00fcvenilir bir \u015fekilde hizmet veren Genel M\u00fcd\u00fcrl\u00fc\u011f\u00fcm\u00fcze ba\u011fl\u0131 laboratuvar\u0131m\u0131z T\u00fcrk Akreditasyon Kurumu (T\u00dcRKAK) taraf\u0131ndan verilen akreditasyon sertifikas\u0131n\u0131 01.07.2020 tarihinde alarak teknik yeterlili\u011fini ispatlam\u0131\u015f ve uluslararas\u0131 g\u00fcvenilirlik kazanm\u0131\u015ft\u0131r.<br><br>Laboratuvar\u0131m\u0131zda \u00e7\u0131kan deney raporlar\u0131da uluslararas\u0131 bir ge\u00e7erlilik kazanm\u0131\u015f ve uluslararas\u0131 kriterleri yerine getirmi\u015f ve yeterlili\u011fi kan\u0131tlanm\u0131\u015f uzman bir laboratuvar olarak hizmet vermektedir.<br><br>Bu sertifikan\u0131n amac\u0131 herhangi bir analizin ne zaman, nerede ve kim taraf\u0131ndan yap\u0131l\u0131rsa yap\u0131ls\u0131n ayn\u0131 sonucu vermesini sa\u011flamaya y\u00f6neliktir. Akredite laboratuvarlar taraf\u0131ndan elde edilen sonu\u00e7lar\u0131 ihtiva eden rapor ve sertifikalar uluslararas\u0131 kabul g\u00f6rmektedir.<br><br><br><strong>Akreditasyon Parametreleri<\/strong><br><br>\u0130letkenlik, Ph, Bulan\u0131kl\u0131k, Demir, Mangan, Al\u00fcminyum, Krom, Nikel, Bak\u0131r, Arsenik, Selenyum, Kadmiyum, Antimon, Civa, Kur\u015fun, Flor\u00fcr, Klor\u00fcr, Nitrit, Nitrat, S\u00fclfat, Sodyum, Amonyum, Magnezyum, Kalsiyum, Bromat.<br><br><br><a href=\"https:\/\/www.aydinaski.gov.tr\/wp-content\/uploads\/2024\/03\/turkak_sertifika.pdf\" data-type=\"link\" data-id=\"https:\/\/www.aydinaski.gov.tr\/wp-content\/uploads\/2024\/03\/turkak_sertifika.pdf\" target=\"_blank\" rel=\"noreferrer noopener\">Akreditasyon Sertifikam\u0131z<\/a><br><br><a href=\"https:\/\/www.aydinaski.gov.tr\/wp-content\/uploads\/2024\/03\/FR_36_MUSTERI_MEMNUNIYETI_ANKET_FORMU_Rev_00.pdf\" data-type=\"link\" data-id=\"https:\/\/www.aydinaski.gov.tr\/wp-content\/uploads\/2024\/03\/FR_36_MUSTERI_MEMNUNIYETI_ANKET_FORMU_Rev_00.pdf\" target=\"_blank\" rel=\"noreferrer noopener\">Memnuniyet Anket Formu<\/a><br><br><a href=\"https:\/\/www.aydinaski.gov.tr\/wp-content\/uploads\/2024\/03\/FR_37_MUSTERI_SIKAYET_FORMU_Rev_00.pdf\" data-type=\"link\" data-id=\"https:\/\/www.aydinaski.gov.tr\/wp-content\/uploads\/2024\/03\/FR_37_MUSTERI_SIKAYET_FORMU_Rev_00.pdf\" target=\"_blank\" rel=\"noreferrer noopener\">\u015eikayet Formu<\/a><br><br><a href=\"http:\/\/www.aydinaski.gov.tr\/Content\/files\/LS_05_LABORATUVAR_HIZMET_FIYAT_LISTESI_Rev_00.pdf\" target=\"_blank\" rel=\"noreferrer noopener\">Fiyat Listesi<\/a><br><br><a href=\"https:\/\/www.aydinaski.gov.tr\/index.php\/su-analiz-raporlari\/\" data-type=\"link\" data-id=\"https:\/\/www.aydinaski.gov.tr\/index.php\/su-analiz-raporlari\/\" target=\"_blank\" rel=\"noreferrer noopener\">Su Analiz Raporlar\u0131<\/a><\/p>\n\n\n\n<p class=\"has-text-align-center\"><a href=\"https:\/\/www.aydinaski.gov.tr\/wp-content\/uploads\/2024\/03\/SIKAYETLERIN-DEGERLENDIRILMESI-PROSEDURU.docx\" data-type=\"link\" data-id=\"https:\/\/www.aydinaski.gov.tr\/wp-content\/uploads\/2024\/03\/SIKAYETLERIN-DEGERLENDIRILMESI-PROSEDURU.docx\">\u015eikayetlerin De\u011ferlendirilmesi Prosed\u00fcr\u00fc<\/a><br><br><br><strong>\u0130leti\u015fim Bilgileri :<\/strong><br><br><strong>Adres :<\/strong> T.C. Ayd\u0131n B\u00fcy\u00fck\u015fehir Belediyesi, Ayd\u0131n Su ve Kanalizasyon \u0130daresi Genel M\u00fcd\u00fcrl\u00fc\u011f\u00fc Ar\u0131tma Tesisleri Dairesi Ba\u015fkanl\u0131\u011f\u0131, Bal\u0131kk\u00f6y \u0130\u00e7mesuyu Ar\u0131tma Tesisi, Bal\u0131kk\u00f6y Mevkii Efeler\/AYDIN<br><br><strong>Telefon : <\/strong>444 70 09<\/p>\n","protected":false},"excerpt":{"rendered":"<p>Laboratuvar Hizmetlerimiz Ayd\u0131n B\u00fcy\u00fck\u015fehir Belediyesi ASK\u0130 Genel M\u00fcd\u00fcrl\u00fc\u011f\u00fc Ar\u0131tma Tesisleri Daire Ba\u015fkanl\u0131\u011f\u0131na ba\u011fl\u0131 olan laboratuvar\u0131m\u0131z Bal\u0131kk\u00f6y \u0130\u00e7mesuyu Ar\u0131tma Tesisinde hizmet vermektedir. Ayd\u0131n \u0130linin g\u00fcnl\u00fck su ihtiyac\u0131n\u0131 kar\u015f\u0131layan Genel M\u00fcd\u00fcrl\u00fc\u011f\u00fcm\u00fcz Laboratuvar b\u00fcnyesinde bulunan son sistem cihazlarla inceledi\u011fi su numuneleriyle Ayd\u0131n Halk\u0131n\u0131n sa\u011fl\u0131kl\u0131 ve g\u00fcvenli su kullanmas\u0131n\u0131 sa\u011flamaktad\u0131r. Laboratuvar\u0131m\u0131zda Ayd\u0131n \u0130li genelinde 17 \u0130l\u00e7e ve 776 noktadan [&hellip;]<\/p>\n","protected":false},"author":1,"featured_media":0,"parent":0,"menu_order":0,"comment_status":"closed","ping_status":"closed","template":"","meta":{"ngg_post_thumbnail":0,"footnotes":""},"class_list":["post-81","page","type-page","status-publish","hentry"],"_links":{"self":[{"href":"https:\/\/www.aydinaski.gov.tr\/index.php\/wp-json\/wp\/v2\/pages\/81","targetHints":{"allow":["GET"]}}],"collection":[{"href":"https:\/\/www.aydinaski.gov.tr\/index.php\/wp-json\/wp\/v2\/pages"}],"about":[{"href":"https:\/\/www.aydinaski.gov.tr\/index.php\/wp-json\/wp\/v2\/types\/page"}],"author":[{"embeddable":true,"href":"https:\/\/www.aydinaski.gov.tr\/index.php\/wp-json\/wp\/v2\/users\/1"}],"replies":[{"embeddable":true,"href":"https:\/\/www.aydinaski.gov.tr\/index.php\/wp-json\/wp\/v2\/comments?post=81"}],"version-history":[{"count":6,"href":"https:\/\/www.aydinaski.gov.tr\/index.php\/wp-json\/wp\/v2\/pages\/81\/revisions"}],"predecessor-version":[{"id":6672,"href":"https:\/\/www.aydinaski.gov.tr\/index.php\/wp-json\/wp\/v2\/pages\/81\/revisions\/6672"}],"wp:attachment":[{"href":"https:\/\/www.aydinaski.gov.tr\/index.php\/wp-json\/wp\/v2\/media?parent=81"}],"curies":[{"name":"wp","href":"https:\/\/api.w.org\/{rel}","templated":true}]}}