{"id":77,"date":"2022-09-12T13:58:17","date_gmt":"2022-09-12T10:58:17","guid":{"rendered":"http:\/\/localhost:8080\/aydinaski\/?page_id=77"},"modified":"2022-09-15T17:05:27","modified_gmt":"2022-09-15T14:05:27","slug":"aski-tarihcesi","status":"publish","type":"page","link":"https:\/\/www.aydinaski.gov.tr\/index.php\/aski-tarihcesi\/","title":{"rendered":"ASK\u0130 Tarih\u00e7esi"},"content":{"rendered":"\n<p><strong>&nbsp;ASK\u0130 Genel M\u00fcd\u00fcrl\u00fc\u011f\u00fc\u2019n\u00fcn Kurumsal Tarihi<\/strong><\/p>\n\n\n\n<p>Ayd\u0131n Su ve Kanalizasyon \u0130daresi Genel M\u00fcd\u00fcrl\u00fc\u011f\u00fc (ASK\u0130) 20.11.1981 tarih ve 2560 say\u0131l\u0131 Kanuna 3305 say\u0131l\u0131 Kanunla De\u011fi\u015fik Ge\u00e7ici 10\u2019uncu Madde ve Bakanlar Kurulu\u2019nun 13.03.2014 tarih ve 2014\/6072 say\u0131l\u0131 karar\u0131 ile Ayd\u0131n B\u00fcy\u00fck\u015fehir Belediyesi\u2019ne ba\u011fl\u0131 olarak, kurulmu\u015f m\u00fcstakil b\u00fct\u00e7eli ve kamu t\u00fczel ki\u015fili\u011fine haiz bir kurulu\u015ftur. ASK\u0130 Genel M\u00fcd\u00fcrl\u00fc\u011f\u00fc\u2019n\u00fcn g\u00f6rev, yetki ve sorumluluk alan\u0131 Ayd\u0131n B\u00fcy\u00fck\u015fehir Belediyesinin g\u00f6rev alan\u0131 ile s\u0131n\u0131rl\u0131d\u0131r. Ancak \u015fehrin yararland\u0131\u011f\u0131 su kaynaklar\u0131na ili\u015fkin hizmetler, B\u00fcy\u00fck\u015fehir Belediyesi s\u0131n\u0131rlar\u0131 d\u0131\u015f\u0131nda olsa da idarece y\u00fcr\u00fct\u00fcl\u00fcr. ASK\u0130 Genel M\u00fcd\u00fcrl\u00fc\u011f\u00fc 06.12.2012 tarih 28489 say\u0131l\u0131 Resmi Gazete yay\u0131mlanan 6360 Say\u0131l\u0131 \u201cOn D\u00f6rt \u0130lde B\u00fcy\u00fck\u015fehir Belediyesi Ve Yirmi Yedi \u0130l\u00e7e Kurulmas\u0131 \u0130le Baz\u0131 Kanun Ve Kanun H\u00fckm\u00fcnde Kararnamelerde De\u011fi\u015fiklik Yap\u0131lmas\u0131na Dair Kanun\u201d ile 30 Mart 2014 yerel se\u00e7imlerinin ard\u0131ndan Ayd\u0131n B\u00fcy\u00fck\u015fehir Belediyesi\u2019nden ayr\u0131larak kendi t\u00fczel ki\u015fili\u011fine kavu\u015fmu\u015ftur.&nbsp;<\/p>\n","protected":false},"excerpt":{"rendered":"<p>&nbsp;ASK\u0130 Genel M\u00fcd\u00fcrl\u00fc\u011f\u00fc\u2019n\u00fcn Kurumsal Tarihi Ayd\u0131n Su ve Kanalizasyon \u0130daresi Genel M\u00fcd\u00fcrl\u00fc\u011f\u00fc (ASK\u0130) 20.11.1981 tarih ve 2560 say\u0131l\u0131 Kanuna 3305 say\u0131l\u0131 Kanunla De\u011fi\u015fik Ge\u00e7ici 10\u2019uncu Madde ve Bakanlar Kurulu\u2019nun 13.03.2014 tarih ve 2014\/6072 say\u0131l\u0131 karar\u0131 ile Ayd\u0131n B\u00fcy\u00fck\u015fehir Belediyesi\u2019ne ba\u011fl\u0131 olarak, kurulmu\u015f m\u00fcstakil b\u00fct\u00e7eli ve kamu t\u00fczel ki\u015fili\u011fine haiz bir kurulu\u015ftur. ASK\u0130 Genel M\u00fcd\u00fcrl\u00fc\u011f\u00fc\u2019n\u00fcn g\u00f6rev, [&hellip;]<\/p>\n","protected":false},"author":1,"featured_media":0,"parent":0,"menu_order":0,"comment_status":"closed","ping_status":"closed","template":"","meta":{"ngg_post_thumbnail":0,"footnotes":""},"class_list":["post-77","page","type-page","status-publish","hentry"],"_links":{"self":[{"href":"https:\/\/www.aydinaski.gov.tr\/index.php\/wp-json\/wp\/v2\/pages\/77","targetHints":{"allow":["GET"]}}],"collection":[{"href":"https:\/\/www.aydinaski.gov.tr\/index.php\/wp-json\/wp\/v2\/pages"}],"about":[{"href":"https:\/\/www.aydinaski.gov.tr\/index.php\/wp-json\/wp\/v2\/types\/page"}],"author":[{"embeddable":true,"href":"https:\/\/www.aydinaski.gov.tr\/index.php\/wp-json\/wp\/v2\/users\/1"}],"replies":[{"embeddable":true,"href":"https:\/\/www.aydinaski.gov.tr\/index.php\/wp-json\/wp\/v2\/comments?post=77"}],"version-history":[{"count":2,"href":"https:\/\/www.aydinaski.gov.tr\/index.php\/wp-json\/wp\/v2\/pages\/77\/revisions"}],"predecessor-version":[{"id":273,"href":"https:\/\/www.aydinaski.gov.tr\/index.php\/wp-json\/wp\/v2\/pages\/77\/revisions\/273"}],"wp:attachment":[{"href":"https:\/\/www.aydinaski.gov.tr\/index.php\/wp-json\/wp\/v2\/media?parent=77"}],"curies":[{"name":"wp","href":"https:\/\/api.w.org\/{rel}","templated":true}]}}