{"id":75,"date":"2022-09-12T13:57:52","date_gmt":"2022-09-12T10:57:52","guid":{"rendered":"http:\/\/localhost:8080\/aydinaski\/?page_id=75"},"modified":"2025-11-10T17:15:26","modified_gmt":"2025-11-10T14:15:26","slug":"aski-kamu-hizmet-standartlari-tablolari","status":"publish","type":"page","link":"https:\/\/www.aydinaski.gov.tr\/index.php\/aski-kamu-hizmet-standartlari-tablolari\/","title":{"rendered":"ASK\u0130 Kamu Hizmet Standartlar\u0131 Tablolar\u0131"},"content":{"rendered":"\n<figure style=\"display:none;\" class=\"wp-block-table\"><table><tbody><tr><td>1<\/td><td class=\"has-text-align-center\" data-align=\"center\"><a href=\"https:\/\/www.aydinaski.gov.tr\/wp-content\/uploads\/2023\/11\/1-Abone-kamu-hizmet-standartlari-tablosu.xlsx\" data-type=\"link\" data-id=\"https:\/\/www.aydinaski.gov.tr\/wp-content\/uploads\/2023\/11\/1-Abone-kamu-hizmet-standartlari-tablosu.xlsx\" target=\"_blank\" rel=\"noreferrer noopener\">ABONE \u0130\u015eLER\u0130 DA\u0130RES\u0130 BA\u015eKANLI\u011eI<\/a><\/td><\/tr><tr><td>2<\/td><td class=\"has-text-align-center\" data-align=\"center\"><a href=\"https:\/\/www.aydinaski.gov.tr\/wp-content\/uploads\/2023\/12\/2-Aritma-kamu-hizmet-standartlari-tablosu.xlsx\" data-type=\"link\" data-id=\"https:\/\/www.aydinaski.gov.tr\/wp-content\/uploads\/2023\/12\/2-Aritma-kamu-hizmet-standartlari-tablosu.xlsx\" target=\"_blank\" rel=\"noreferrer noopener\">ARITMA TES\u0130SLER\u0130 DA\u0130RES\u0130 BA\u015eKANLI\u011eI<\/a><\/td><\/tr><tr><td>3<\/td><td class=\"has-text-align-center\" data-align=\"center\"><a href=\"https:\/\/www.aydinaski.gov.tr\/wp-content\/uploads\/2023\/11\/3-Bilgi-Islem-kamu-hizmet-standartlari-tablosu.xlsx\" data-type=\"link\" data-id=\"https:\/\/www.aydinaski.gov.tr\/wp-content\/uploads\/2023\/11\/3-Bilgi-Islem-kamu-hizmet-standartlari-tablosu.xlsx\" target=\"_blank\" rel=\"noreferrer noopener\">B\u0130LG\u0130 \u0130\u015eLEM DA\u0130RES\u0130 BA\u015eKANLI\u011eI<\/a><\/td><\/tr><tr><td>4<\/td><td class=\"has-text-align-center\" data-align=\"center\"><a href=\"https:\/\/www.aydinaski.gov.tr\/wp-content\/uploads\/2023\/11\/4-Destek-kamu-hizmet-standartlari-tablosu.xlsx\" data-type=\"link\" data-id=\"https:\/\/www.aydinaski.gov.tr\/wp-content\/uploads\/2023\/11\/4-Destek-kamu-hizmet-standartlari-tablosu.xlsx\" target=\"_blank\" rel=\"noreferrer noopener\">DESTEK H\u0130ZMETLER\u0130 DA\u0130RES\u0130 BA\u015eKANLI\u011eI<\/a><\/td><\/tr><tr><td>5<\/td><td class=\"has-text-align-center\" data-align=\"center\"><a href=\"https:\/\/www.aydinaski.gov.tr\/wp-content\/uploads\/2023\/11\/5-Elektrik-Mak.-Kamu-hizmet-standartlari-tablosu.xlsx\" data-type=\"link\" data-id=\"https:\/\/www.aydinaski.gov.tr\/wp-content\/uploads\/2023\/11\/5-Elektrik-Mak.-Kamu-hizmet-standartlari-tablosu.xlsx\" target=\"_blank\" rel=\"noreferrer noopener\">ELEKTR\u0130K, MAK\u0130NA VE \u0130KMAL DA\u0130RES\u0130 BA\u015eKANLI\u011eI<\/a><\/td><\/tr><tr><td>6<\/td><td class=\"has-text-align-center\" data-align=\"center\"><a href=\"https:\/\/www.aydinaski.gov.tr\/wp-content\/uploads\/2023\/11\/6-Emlak-Istimlak-kamu-hizmet-standartlari-tablosu.xlsx\" data-type=\"link\" data-id=\"https:\/\/www.aydinaski.gov.tr\/wp-content\/uploads\/2023\/11\/6-Emlak-Istimlak-kamu-hizmet-standartlari-tablosu.xlsx\" target=\"_blank\" rel=\"noreferrer noopener\">EMLAK VE \u0130ST\u0130MLAK DA\u0130RES\u0130 BA\u015eKANLI\u011eI<\/a><\/td><\/tr><tr><td>7<\/td><td class=\"has-text-align-center\" data-align=\"center\"><a href=\"https:\/\/www.aydinaski.gov.tr\/wp-content\/uploads\/2023\/11\/7-Etut-Plan-kamu-hizmet-standartlari-tablosu.xlsx\" data-type=\"link\" data-id=\"https:\/\/www.aydinaski.gov.tr\/wp-content\/uploads\/2023\/11\/7-Etut-Plan-kamu-hizmet-standartlari-tablosu.xlsx\" target=\"_blank\" rel=\"noreferrer noopener\">ET\u00dcT VE PLAN DA\u0130RES\u0130 BA\u015eKANLI\u011eI<\/a><\/td><\/tr><tr><td>8<\/td><td class=\"has-text-align-center\" data-align=\"center\"><a href=\"https:\/\/www.aydinaski.gov.tr\/wp-content\/uploads\/2023\/11\/8-Hukuk-kamu-hizmet-standartlari.xlsx\" data-type=\"link\" data-id=\"https:\/\/www.aydinaski.gov.tr\/wp-content\/uploads\/2023\/11\/8-Hukuk-kamu-hizmet-standartlari.xlsx\" target=\"_blank\" rel=\"noreferrer noopener\">1. HUKUK M\u00dc\u015eAV\u0130RL\u0130\u011e\u0130<\/a><\/td><\/tr><tr><td>9<\/td><td class=\"has-text-align-center\" data-align=\"center\"> <a href=\"https:\/\/www.aydinaski.gov.tr\/wp-content\/uploads\/2023\/11\/9-Icme-su-kanal-kamu-hizmet-standartlari-tablo.xlsx\" data-type=\"link\" data-id=\"https:\/\/www.aydinaski.gov.tr\/wp-content\/uploads\/2023\/11\/9-Icme-su-kanal-kamu-hizmet-standartlari-tablo.xlsx\" target=\"_blank\" rel=\"noreferrer noopener\">\u0130\u00c7ME SUYU VE KANAL\u0130ZASYON DA\u0130RES\u0130 BA\u015eKANLI\u011eI<\/a><\/td><\/tr><tr><td>10<\/td><td class=\"has-text-align-center\" data-align=\"center\"><a href=\"https:\/\/www.aydinaski.gov.tr\/wp-content\/uploads\/2023\/11\/10-Insan-kaynak.-kamu-hizmet-standartlari-tablosu.xlsx\" data-type=\"link\" data-id=\"https:\/\/www.aydinaski.gov.tr\/wp-content\/uploads\/2023\/11\/10-Insan-kaynak.-kamu-hizmet-standartlari-tablosu.xlsx\" target=\"_blank\" rel=\"noreferrer noopener\">\u0130NSAN KAYNAKLARI VE E\u011e\u0130T\u0130M DA\u0130RES\u0130 BA\u015eKANLI\u011eI<\/a><\/td><\/tr><tr><td>11<\/td><td class=\"has-text-align-center\" data-align=\"center\"><a href=\"https:\/\/www.aydinaski.gov.tr\/wp-content\/uploads\/2023\/11\/11-Mali-Hizmetler-kamu-hizmet-standartlari-tablosu.xlsx\" data-type=\"link\" data-id=\"https:\/\/www.aydinaski.gov.tr\/wp-content\/uploads\/2023\/11\/11-Mali-Hizmetler-kamu-hizmet-standartlari-tablosu.xlsx\" target=\"_blank\" rel=\"noreferrer noopener\">MAL\u0130 H\u0130ZMETLER DA\u0130RES\u0130 BA\u015eKANLI\u011eI<\/a><\/td><\/tr><tr><td>12<\/td><td class=\"has-text-align-center\" data-align=\"center\"><a href=\"https:\/\/www.aydinaski.gov.tr\/wp-content\/uploads\/2023\/11\/12-Strateji-kamu-hizmet-standartlari-tablosu.xlsx\" data-type=\"link\" data-id=\"https:\/\/www.aydinaski.gov.tr\/wp-content\/uploads\/2023\/11\/12-Strateji-kamu-hizmet-standartlari-tablosu.xlsx\" target=\"_blank\" rel=\"noreferrer noopener\">STRATEJ\u0130 GEL\u0130\u015eT\u0130RME DA\u0130RES\u0130 BA\u015eKANLI\u011eI<\/a><\/td><\/tr><tr><td>13<\/td><td class=\"has-text-align-center\" data-align=\"center\"><a href=\"https:\/\/www.aydinaski.gov.tr\/wp-content\/uploads\/2023\/11\/13-Yatirim-insaat-kamu-hizmet-standartlari-tablosu.xlsx\" data-type=\"link\" data-id=\"https:\/\/www.aydinaski.gov.tr\/wp-content\/uploads\/2023\/11\/13-Yatirim-insaat-kamu-hizmet-standartlari-tablosu.xlsx\" target=\"_blank\" rel=\"noreferrer noopener\">YATIRIM VE \u0130N\u015eAAT DA\u0130RES\u0130 BA\u015eKANLI\u011eI<\/a><\/td><\/tr><\/tbody><\/table><figcaption class=\"wp-element-caption\">ASK\u0130 Kamu Hizmet Standartlar\u0131 Tablolar\u0131<\/figcaption><\/figure>\n\n\n\n<p>Kamu Hizmet Standartlar\u0131 Tablolar\u0131n\u0131 indirmek i\u00e7in <a href=\"https:\/\/www.aydinaski.gov.tr\/wp-content\/uploads\/2025\/11\/ASKI-Kamu-Hizmet-Standartlari-Tablolari-10_11_2025.pdf\">t\u0131klay\u0131n\u0131z<\/a>.<\/p>\n\n\n\n<p><\/p>\n","protected":false},"excerpt":{"rendered":"<p>1 ABONE \u0130\u015eLER\u0130 DA\u0130RES\u0130 BA\u015eKANLI\u011eI 2 ARITMA TES\u0130SLER\u0130 DA\u0130RES\u0130 BA\u015eKANLI\u011eI 3 B\u0130LG\u0130 \u0130\u015eLEM DA\u0130RES\u0130 BA\u015eKANLI\u011eI 4 DESTEK H\u0130ZMETLER\u0130 DA\u0130RES\u0130 BA\u015eKANLI\u011eI 5 ELEKTR\u0130K, MAK\u0130NA VE \u0130KMAL DA\u0130RES\u0130 BA\u015eKANLI\u011eI 6 EMLAK VE \u0130ST\u0130MLAK DA\u0130RES\u0130 BA\u015eKANLI\u011eI 7 ET\u00dcT VE PLAN DA\u0130RES\u0130 BA\u015eKANLI\u011eI 8 1. HUKUK M\u00dc\u015eAV\u0130RL\u0130\u011e\u0130 9 \u0130\u00c7ME SUYU VE KANAL\u0130ZASYON DA\u0130RES\u0130 BA\u015eKANLI\u011eI 10 \u0130NSAN KAYNAKLARI VE E\u011e\u0130T\u0130M [&hellip;]<\/p>\n","protected":false},"author":1,"featured_media":0,"parent":0,"menu_order":0,"comment_status":"closed","ping_status":"closed","template":"","meta":{"ngg_post_thumbnail":0,"footnotes":""},"class_list":["post-75","page","type-page","status-publish","hentry"],"_links":{"self":[{"href":"https:\/\/www.aydinaski.gov.tr\/index.php\/wp-json\/wp\/v2\/pages\/75","targetHints":{"allow":["GET"]}}],"collection":[{"href":"https:\/\/www.aydinaski.gov.tr\/index.php\/wp-json\/wp\/v2\/pages"}],"about":[{"href":"https:\/\/www.aydinaski.gov.tr\/index.php\/wp-json\/wp\/v2\/types\/page"}],"author":[{"embeddable":true,"href":"https:\/\/www.aydinaski.gov.tr\/index.php\/wp-json\/wp\/v2\/users\/1"}],"replies":[{"embeddable":true,"href":"https:\/\/www.aydinaski.gov.tr\/index.php\/wp-json\/wp\/v2\/comments?post=75"}],"version-history":[{"count":13,"href":"https:\/\/www.aydinaski.gov.tr\/index.php\/wp-json\/wp\/v2\/pages\/75\/revisions"}],"predecessor-version":[{"id":9165,"href":"https:\/\/www.aydinaski.gov.tr\/index.php\/wp-json\/wp\/v2\/pages\/75\/revisions\/9165"}],"wp:attachment":[{"href":"https:\/\/www.aydinaski.gov.tr\/index.php\/wp-json\/wp\/v2\/media?parent=75"}],"curies":[{"name":"wp","href":"https:\/\/api.w.org\/{rel}","templated":true}]}}