{"id":73,"date":"2022-09-12T13:57:27","date_gmt":"2022-09-12T10:57:27","guid":{"rendered":"http:\/\/localhost:8080\/aydinaski\/?page_id=73"},"modified":"2025-12-31T15:25:37","modified_gmt":"2025-12-31T12:25:37","slug":"aski-kamu-ic-kontrol-standartlarina-uyum-eylem-plani","status":"publish","type":"page","link":"https:\/\/www.aydinaski.gov.tr\/index.php\/aski-kamu-ic-kontrol-standartlarina-uyum-eylem-plani\/","title":{"rendered":"ASK\u0130 Kamu \u0130\u00e7 Kontrol Standartlar\u0131na Uyum Eylem Plan\u0131"},"content":{"rendered":"\n<div class=\"wp-block-columns is-layout-flex wp-container-core-columns-is-layout-9d6595d7 wp-block-columns-is-layout-flex\">\n<div class=\"wp-block-column is-layout-flow wp-block-column-is-layout-flow\" style=\"flex-basis:100%\">\n<figure class=\"wp-block-table\"><table class=\"has-fixed-layout\"><tbody><tr><td>Aski Kamu \u0130\u00e7 Kontrol Standartlar\u0131na Uyum Eylem Plan\u0131 2026-2027<\/td><td class=\"has-text-align-center\" data-align=\"center\"><a href=\"\/wp-content\/uploads\/2025\/12\/ASKI-2026-2027-IC_KONTROL_EYLEM_PLANI.pdf\" data-type=\"link\" data-id=\"\/wp-content\/uploads\/2025\/12\/ASKI-2026-2027-IC_KONTROL_EYLEM_PLANI.pdf\">\u0130ndir<\/a><\/td><\/tr><tr><td>Aski Kamu \u0130\u00e7 Kontrol Standartlar\u0131na Uyum Eylem Plan\u0131 2024-2025<\/td><td class=\"has-text-align-center\" data-align=\"center\"><a href=\"\/wp-content\/uploads\/2023\/12\/ASKI-2024-2025-Kamu-ic-kontrol-standartlarina-uyum-PLAN.pdf\" data-type=\"URL\" data-id=\"\/wp-content\/uploads\/2023\/12\/ASKI-2024-2025-Kamu-ic-kontrol-standartlarina-uyum-PLAN.pdf\">\u0130ndir<\/a><\/td><\/tr><tr><td>Aski Kamu \u0130\u00e7 Kontrol Standartlar\u0131na Uyum Eylem Plan\u0131 2022-2023<\/td><td class=\"has-text-align-center\" data-align=\"center\"><a href=\"\/wp-content\/uploads\/2022\/09\/ic_kontrol_standartlari_uyum_eylem_plani_2022_2023.pdf\" data-type=\"URL\" data-id=\"\/wp-content\/uploads\/2022\/09\/ic_kontrol_standartlari_uyum_eylem_plani_2022_2023.pdf\">\u0130ndir<\/a><\/td><\/tr><tr><td>Aski Kamu \u0130\u00e7 Kontrol Standartlar\u0131na Uyum Eylem Plan\u0131 2020-2021<\/td><td class=\"has-text-align-center\" data-align=\"center\"><a href=\"\/wp-content\/uploads\/2022\/09\/ASKI_IC_KONTROL_STANDARTLARI_2020-2021.pdf\" data-type=\"URL\" data-id=\"\/wp-content\/uploads\/2022\/09\/ASKI_IC_KONTROL_STANDARTLARI_2020-2021.pdf\">\u0130ndir<\/a><\/td><\/tr><\/tbody><\/table><\/figure>\n<\/div>\n<\/div>\n\n\n\n<p><\/p>\n","protected":false},"excerpt":{"rendered":"<p>Aski Kamu \u0130\u00e7 Kontrol Standartlar\u0131na Uyum Eylem Plan\u0131 2026-2027 \u0130ndir Aski Kamu \u0130\u00e7 Kontrol Standartlar\u0131na Uyum Eylem Plan\u0131 2024-2025 \u0130ndir Aski Kamu \u0130\u00e7 Kontrol Standartlar\u0131na Uyum Eylem Plan\u0131 2022-2023 \u0130ndir Aski Kamu \u0130\u00e7 Kontrol Standartlar\u0131na Uyum Eylem Plan\u0131 2020-2021 \u0130ndir<\/p>\n","protected":false},"author":1,"featured_media":0,"parent":0,"menu_order":0,"comment_status":"closed","ping_status":"closed","template":"","meta":{"ngg_post_thumbnail":0,"footnotes":""},"class_list":["post-73","page","type-page","status-publish","hentry"],"_links":{"self":[{"href":"https:\/\/www.aydinaski.gov.tr\/index.php\/wp-json\/wp\/v2\/pages\/73","targetHints":{"allow":["GET"]}}],"collection":[{"href":"https:\/\/www.aydinaski.gov.tr\/index.php\/wp-json\/wp\/v2\/pages"}],"about":[{"href":"https:\/\/www.aydinaski.gov.tr\/index.php\/wp-json\/wp\/v2\/types\/page"}],"author":[{"embeddable":true,"href":"https:\/\/www.aydinaski.gov.tr\/index.php\/wp-json\/wp\/v2\/users\/1"}],"replies":[{"embeddable":true,"href":"https:\/\/www.aydinaski.gov.tr\/index.php\/wp-json\/wp\/v2\/comments?post=73"}],"version-history":[{"count":19,"href":"https:\/\/www.aydinaski.gov.tr\/index.php\/wp-json\/wp\/v2\/pages\/73\/revisions"}],"predecessor-version":[{"id":9182,"href":"https:\/\/www.aydinaski.gov.tr\/index.php\/wp-json\/wp\/v2\/pages\/73\/revisions\/9182"}],"wp:attachment":[{"href":"https:\/\/www.aydinaski.gov.tr\/index.php\/wp-json\/wp\/v2\/media?parent=73"}],"curies":[{"name":"wp","href":"https:\/\/api.w.org\/{rel}","templated":true}]}}