{"id":71,"date":"2022-09-12T13:55:34","date_gmt":"2022-09-12T10:55:34","guid":{"rendered":"http:\/\/localhost:8080\/aydinaski\/?page_id=71"},"modified":"2025-11-21T16:57:28","modified_gmt":"2025-11-21T13:57:28","slug":"arabuluculuk-komisyonu","status":"publish","type":"page","link":"https:\/\/www.aydinaski.gov.tr\/index.php\/arabuluculuk-komisyonu\/","title":{"rendered":"Arabuluculuk Komisyonu"},"content":{"rendered":"\n<p class=\"has-text-align-center\"><strong>\u0130\u015f Hukuku Arabuluculuk Komisyonu \u00dcyeleri<\/strong><\/p>\n\n\n\n<table><tbody><tr><td><strong>AS\u0130L \u00dcYELER<\/strong><\/td><\/tr><tr><td><strong>ADI SOYADI<\/strong><\/td><td><strong>G\u00d6REV\u0130<\/strong><\/td><\/tr><tr><td>G\u00fclnur DEM\u0130RB\u0130LEK<\/td><td>AVUKAT<\/td><\/tr><tr><td>U\u011fur AYDIN<\/td><td>MEMUR<\/td><\/tr><\/tbody><\/table>\n\n\n<table>\n<tbody>\n<tr>\n<td><strong>AS\u0130L \u00dcYELER<\/strong><\/td>\n<\/tr>\n<tr>\n<td><strong>ADI SOYADI<\/strong><\/td>\n<td><strong>G\u00d6REV\u0130<\/strong><\/td>\n<\/tr>\n<tr>\n<td>Evrim \u00c7ET\u0130N<\/td>\n<td>AVUKAT<\/td>\n<\/tr>\n<tr>\n<td>M\u00fc\u015ferref SEVER<\/td>\n<td>MEMUR<\/td>\n<\/tr>\n<tr>\n<td>Fuat AKSU<\/td>\n<td>MEMUR<\/td>\n<\/tr>\n<\/tbody>\n<\/table>\n\n\n<div style=\"height:100px\" aria-hidden=\"true\" class=\"wp-block-spacer\"><\/div>\n\n\n\n<p class=\"has-text-align-center\"><strong>T\u00fcketici Arabuluculuk Komisyonu \u00dcyeleri<\/strong><\/p>\n\n\n<table>\n<tbody>\n<tr>\n<td><strong>AS\u0130L \u00dcYELER<\/strong><\/td>\n<\/tr>\n<tr>\n<td><strong>ADI SOYADI<\/strong><\/td>\n<td><strong>G\u00d6REV\u0130<\/strong><\/td>\n<\/tr>\n<tr>\n<td>\u0130pek Su \u015e\u0130M\u015eEK<\/td>\n<td>AVUKAT<\/td>\n<\/tr>\n<tr>\n<td>G\u00fcl\u015fah SUNE<\/td>\n<td>MEMUR<\/td>\n<\/tr>\n<tr>\n<td>Volkan \u00c7INAR<\/td>\n<td>MEMUR<\/td>\n<\/tr>\n<\/tbody>\n<\/table>\n<table>\n<tbody>\n<tr>\n<td><strong>AS\u0130L \u00dcYELER<\/strong><\/td>\n<\/tr>\n<tr>\n<td><strong>ADI SOYADI<\/strong><\/td>\n<td><strong>G\u00d6REV\u0130<\/strong><\/td>\n<\/tr>\n<tr>\n<td>Ezgi UZUN KELESL\u0130<\/td>\n<td>AVUKAT<\/td>\n<\/tr>\n<tr>\n<td>Elif G\u00d6KMENO\u011eLU<\/td>\n<td>MEMUR<\/td>\n<\/tr>\n<tr>\n<td>Y\u0131lmaz AKBABA<\/td>\n<td>MEMUR<\/td>\n<\/tr>\n<\/tbody>\n<\/table>\n\n\n<div style=\"height:100px\" aria-hidden=\"true\" class=\"wp-block-spacer\"><\/div>\n\n\n\n<p class=\"has-text-align-center\"><strong>Ticari Arabuluculuk Komisyonu \u00dcyeleri<\/strong><\/p>\n\n\n<table>\n<tbody>\n<tr>\n<td><strong>YEDEK \u00dcYELER<\/strong><\/td>\n<\/tr>\n<tr>\n<td><strong>ADI SOYADI<\/strong><\/td>\n<td><strong>G\u00d6REV\u0130<\/strong><\/td>\n<\/tr>\n<tr>\n<td>Bur\u00e7in KURT<\/td>\n<td>AVUKAT<\/td>\n<\/tr>\n<tr>\n<td>Salim ALTINTA\u015e<\/td>\n<td>MEMUR<\/td>\n<\/tr>\n<\/tbody>\n<\/table>\n<table>\n<tbody>\n<tr>\n<td><strong>YEDEK \u00dcYELER<\/strong><\/td>\n<\/tr>\n<tr>\n<td><strong>ADI SOYADI<\/strong><\/td>\n<td><strong>G\u00d6REV\u0130<\/strong><\/td>\n<\/tr>\n<tr>\n<td>Erhan OKTAN<\/td>\n<td>AVUKAT<\/td>\n<\/tr>\n<tr>\n<td>Ayta\u00e7 G\u0130RG\u0130N<\/td>\n<td>MEMUR<\/td>\n<\/tr>\n<tr>\n<td>\u0130smail \u015eINGCA<\/td>\n<td>MEMUR<\/td>\n<\/tr>\n<\/tbody>\n<\/table>\n\n\n<p><\/p>\n\n\n\n<p class=\"has-text-align-center\"><strong>Komisyon \u00dcyeleri \u0130leti\u015fim<\/strong><\/p>\n\n\n\n<p class=\"has-text-align-center\">Telefon&nbsp; &nbsp; &nbsp;: 444 7009 &#8211; 3023<\/p>\n\n\n\n<p class=\"has-text-align-center\">E-Posta&nbsp;  &nbsp;: hukuk@aydinaski.gov.tr<\/p>\n\n\n\n<p class=\"has-text-align-center\"><strong>NOT&nbsp; :&nbsp;<\/strong> Arabulucuk davetiyelerinin ( G\u00fczelhisar Mahallesi \u0130stiklal Caddesi No:4 Efeler \/ AYDIN ) adresine g\u00f6nderilmesi gerekmektedir.<\/p>\n","protected":false},"excerpt":{"rendered":"<p>\u0130\u015f Hukuku Arabuluculuk Komisyonu \u00dcyeleri AS\u0130L \u00dcYELER ADI SOYADI G\u00d6REV\u0130 G\u00fclnur DEM\u0130RB\u0130LEK AVUKAT U\u011fur AYDIN MEMUR AS\u0130L \u00dcYELER ADI SOYADI G\u00d6REV\u0130 Evrim \u00c7ET\u0130N AVUKAT M\u00fc\u015ferref SEVER MEMUR Fuat AKSU MEMUR T\u00fcketici Arabuluculuk Komisyonu \u00dcyeleri AS\u0130L \u00dcYELER ADI SOYADI G\u00d6REV\u0130 \u0130pek Su \u015e\u0130M\u015eEK AVUKAT G\u00fcl\u015fah SUNE MEMUR Volkan \u00c7INAR MEMUR AS\u0130L \u00dcYELER ADI SOYADI G\u00d6REV\u0130 Ezgi [&hellip;]<\/p>\n","protected":false},"author":1,"featured_media":0,"parent":0,"menu_order":0,"comment_status":"closed","ping_status":"closed","template":"","meta":{"ngg_post_thumbnail":0,"footnotes":""},"class_list":["post-71","page","type-page","status-publish","hentry"],"_links":{"self":[{"href":"https:\/\/www.aydinaski.gov.tr\/index.php\/wp-json\/wp\/v2\/pages\/71","targetHints":{"allow":["GET"]}}],"collection":[{"href":"https:\/\/www.aydinaski.gov.tr\/index.php\/wp-json\/wp\/v2\/pages"}],"about":[{"href":"https:\/\/www.aydinaski.gov.tr\/index.php\/wp-json\/wp\/v2\/types\/page"}],"author":[{"embeddable":true,"href":"https:\/\/www.aydinaski.gov.tr\/index.php\/wp-json\/wp\/v2\/users\/1"}],"replies":[{"embeddable":true,"href":"https:\/\/www.aydinaski.gov.tr\/index.php\/wp-json\/wp\/v2\/comments?post=71"}],"version-history":[{"count":16,"href":"https:\/\/www.aydinaski.gov.tr\/index.php\/wp-json\/wp\/v2\/pages\/71\/revisions"}],"predecessor-version":[{"id":9172,"href":"https:\/\/www.aydinaski.gov.tr\/index.php\/wp-json\/wp\/v2\/pages\/71\/revisions\/9172"}],"wp:attachment":[{"href":"https:\/\/www.aydinaski.gov.tr\/index.php\/wp-json\/wp\/v2\/media?parent=71"}],"curies":[{"name":"wp","href":"https:\/\/api.w.org\/{rel}","templated":true}]}}