{"id":69,"date":"2022-09-12T13:55:06","date_gmt":"2022-09-12T10:55:06","guid":{"rendered":"http:\/\/localhost:8080\/aydinaski\/?page_id=69"},"modified":"2024-12-12T16:32:44","modified_gmt":"2024-12-12T13:32:44","slug":"mevzuat","status":"publish","type":"page","link":"https:\/\/www.aydinaski.gov.tr\/index.php\/mevzuat\/","title":{"rendered":"Mevzuat-Y\u00f6netmelik"},"content":{"rendered":"<table>\n<tbody>\n<tr>\n<td>1<\/td>\n<td>Kaynak Sular\u0131n\u0131n Kiralanmas\u0131 \u0130le Yer Alt\u0131 Sular\u0131n\u0131n Sat\u0131\u015f\u0131, Ta\u015f\u0131nmas\u0131 ve T\u00fcketilmesinin Denetlenmesine \u0130li\u015fkin Usul ve Esaslar Hakk\u0131nda Y\u00f6netmelik<\/td>\n<td><a href=\"\/wp-content\/uploads\/2024\/05\/kaynak_sulari2024.pdf\" target=\"_blank\" rel=\"noopener\">\u0130ncelemek \u0130\u00e7in T\u0131klay\u0131n\u0131z<\/a><\/td>\n<\/tr>\n<tr>\n<td>2<\/td>\n<td>Tarifeler Y\u00f6netmeli\u011fi<\/td>\n<td><a href=\"\/index.php\/tarifeler-yonetmeligi\/\" data-type=\"URL\" data-id=\"\/index.php\/tarifeler-yonetmeligi\/\">\u0130ncelemek \u0130\u00e7in T\u0131klay\u0131n\u0131z<\/a><\/td>\n<\/tr>\n<tr>\n<td>3<\/td>\n<td>Ta\u015f\u0131n\u0131r, Ta\u015f\u0131nmaz, Kaynak ve Haklar\u0131n De\u011ferlendirilmesine \u0130li\u015fkin Usul ve Esaslar Hakk\u0131nda Y\u00f6netmelik<\/td>\n<td><a href=\"\/wp-content\/uploads\/2024\/05\/Yonetmelik.pdf\" target=\"_blank\" rel=\"noopener\">\u0130ncelemek \u0130\u00e7in T\u0131klay\u0131n\u0131z<\/a><\/td>\n<\/tr>\n<tr>\n<td>4<\/td>\n<td>At\u0131ksular\u0131n Kanalizasyon \u015eebekesine De\u015farj Y\u00f6netmeli\u011fi<\/td>\n<td><a href=\"\/wp-content\/uploads\/2022\/09\/Atiksularin-Kanalizasyon-Sebekesine-Desarj-Yonetmeligi.pdf\" data-type=\"URL\" data-id=\"\/wp-content\/uploads\/2022\/09\/Atiksularin-Kanalizasyon-Sebekesine-Desarj-Yonetmeligi.pdf\">\u0130ncelemek \u0130\u00e7in T\u0131klay\u0131n\u0131z<\/a><\/td>\n<\/tr>\n<tr>\n<td>5<\/td>\n<td>Disiplin Kurullar\u0131 ve Disiplin Amirleri Y\u00f6netmeli\u011fi<\/td>\n<td><a href=\"\/index.php\/disiplin-kurullari-ve-disiplin-amirleri-yonetmeligi\/\" data-type=\"URL\" data-id=\"\/index.php\/disiplin-kurullari-ve-disiplin-amirleri-yonetmeligi\/\">\u0130ncelemek \u0130\u00e7in T\u0131klay\u0131n\u0131z<\/a><\/td>\n<\/tr>\n<tr>\n<td>6<\/td>\n<td>Havza Y\u0131k\u0131m Y\u00f6netmeli\u011fi<\/td>\n<td><a href=\"\/index.php\/havza-yikim-yonetmeligi\/\" data-type=\"URL\" data-id=\"\/index.php\/havza-yikim-yonetmeligi\/\">\u0130ncelemek \u0130\u00e7in T\u0131klay\u0131n\u0131z<\/a><\/td>\n<\/tr>\n<tr>\n<td>7<\/td>\n<td>Su Havzalar\u0131 Koruma Y\u00f6netmeli\u011fi<\/td>\n<td><a href=\"\/wp-content\/uploads\/2022\/09\/Su-Havzalari-Koruma-Yonetmeligi.pdf\" data-type=\"URL\" data-id=\"\/wp-content\/uploads\/2022\/09\/Su-Havzalari-Koruma-Yonetmeligi.pdf\">\u0130ncelemek \u0130\u00e7in T\u0131klay\u0131n\u0131z<\/a><\/td>\n<\/tr>\n<tr>\n<td>8<\/td>\n<td>Y\u00f6netim Kurulunun \u00c7al\u0131\u015fma Esaslar\u0131 Hakk\u0131nda Y\u00f6netmelik<\/td>\n<td><a href=\"\/index.php\/yonetim-kurulunun-calisma-esaslari-hakkinda-yonetmelik-2\/\" data-type=\"URL\" data-id=\"\/index.php\/yonetim-kurulunun-calisma-esaslari-hakkinda-yonetmelik-2\/\">\u0130ncelemek \u0130\u00e7in T\u0131klay\u0131n\u0131z<\/a><\/td>\n<\/tr>\n<tr>\n<td>9<\/td>\n<td>Te\u015fkilat Y\u00f6netmeli\u011fi<\/td>\n<td><a href=\"\/wp-content\/uploads\/2024\/12\/ASKI-TESKILAT-YONETMELIGI.pdf\">\u0130ncelemek \u0130\u00e7in T\u0131klay\u0131n\u0131z<\/a><\/td>\n<\/tr>\n<tr>\n<td>10<\/td>\n<td>Tefti\u015f Kurulu Ba\u015fkanl\u0131\u011f\u0131 Y\u00f6netmeli\u011fi<\/td>\n<td><a href=\"\/wp-content\/uploads\/2022\/09\/Teftis-Kurulu-Baskanligi-Yonetmeligi.pdf\" data-type=\"URL\" data-id=\"\/wp-content\/uploads\/2022\/09\/Teftis-Kurulu-Baskanligi-Yonetmeligi.pdf\">\u0130ncelemek \u0130\u00e7in T\u0131klay\u0131n\u0131z<\/a><\/td>\n<\/tr>\n<tr>\n<td>11<\/td>\n<td>Hukuk M\u00fc\u015favirli\u011fi Te\u015fkilat G\u00f6rev ve \u00c7al\u0131\u015fma Y\u00f6netmeli\u011fi<\/td>\n<td><a href=\"\/wp-content\/uploads\/2022\/09\/Hukuk-Musavirligi-Teskilat-Gorev-ve-Calisma.pdf\" data-type=\"URL\" data-id=\"\/wp-content\/uploads\/2022\/09\/Hukuk-Musavirligi-Teskilat-Gorev-ve-Calisma.pdf\">\u0130ncelemek \u0130\u00e7in T\u0131klay\u0131n\u0131z<\/a><\/td>\n<\/tr>\n<tr>\n<td>12<\/td>\n<td>2560 Say\u0131l\u0131 \u0130SK\u0130 Kurulu\u015f Kanunu<\/td>\n<td><a href=\"http:\/\/www.mevzuat.gov.tr\/Metin1.Aspx?MevzuatKod=1.5.2560&amp;MevzuatIliski=0&amp;sourceXmlSearch=&amp;Tur=1&amp;Tertip=5&amp;No=2560\" target=\"_blank\" rel=\"noreferrer noopener\">\u0130ncelemek \u0130\u00e7in T\u0131klay\u0131n\u0131z<\/a><\/td>\n<\/tr>\n<tr>\n<td>13<\/td>\n<td>S\u00f6zle\u015fmeli Personel Disiplin Y\u00f6netmeli\u011fi<\/td>\n<td><a href=\"https:\/\/www.aydinaski.gov.tr\/wp-content\/uploads\/2022\/12\/ASKSZLEMELPERSONELDSPLNYNETMEL2022.pdf\" target=\"_blank\" rel=\"noreferrer noopener\" data-type=\"URL\" data-id=\"https:\/\/www.aydinaski.gov.tr\/wp-content\/uploads\/2022\/12\/ASKSZLEMELPERSONELDSPLNYNETMEL2022.pdf\">\u0130ncelemek \u0130\u00e7in T\u0131klay\u0131n\u0131z<\/a><\/td>\n<\/tr>\n<\/tbody>\n<\/table>\n","protected":false},"excerpt":{"rendered":"<p>1 Kaynak Sular\u0131n\u0131n Kiralanmas\u0131 \u0130le Yer Alt\u0131 Sular\u0131n\u0131n Sat\u0131\u015f\u0131, Ta\u015f\u0131nmas\u0131 ve T\u00fcketilmesinin Denetlenmesine \u0130li\u015fkin Usul ve Esaslar Hakk\u0131nda Y\u00f6netmelik \u0130ncelemek \u0130\u00e7in T\u0131klay\u0131n\u0131z 2 Tarifeler Y\u00f6netmeli\u011fi \u0130ncelemek \u0130\u00e7in T\u0131klay\u0131n\u0131z 3 Ta\u015f\u0131n\u0131r, Ta\u015f\u0131nmaz, Kaynak ve Haklar\u0131n De\u011ferlendirilmesine \u0130li\u015fkin Usul ve Esaslar Hakk\u0131nda Y\u00f6netmelik \u0130ncelemek \u0130\u00e7in T\u0131klay\u0131n\u0131z 4 At\u0131ksular\u0131n Kanalizasyon \u015eebekesine De\u015farj Y\u00f6netmeli\u011fi \u0130ncelemek \u0130\u00e7in T\u0131klay\u0131n\u0131z 5 Disiplin [&hellip;]<\/p>\n","protected":false},"author":1,"featured_media":0,"parent":0,"menu_order":0,"comment_status":"closed","ping_status":"closed","template":"","meta":{"ngg_post_thumbnail":0,"footnotes":""},"class_list":["post-69","page","type-page","status-publish","hentry"],"_links":{"self":[{"href":"https:\/\/www.aydinaski.gov.tr\/index.php\/wp-json\/wp\/v2\/pages\/69","targetHints":{"allow":["GET"]}}],"collection":[{"href":"https:\/\/www.aydinaski.gov.tr\/index.php\/wp-json\/wp\/v2\/pages"}],"about":[{"href":"https:\/\/www.aydinaski.gov.tr\/index.php\/wp-json\/wp\/v2\/types\/page"}],"author":[{"embeddable":true,"href":"https:\/\/www.aydinaski.gov.tr\/index.php\/wp-json\/wp\/v2\/users\/1"}],"replies":[{"embeddable":true,"href":"https:\/\/www.aydinaski.gov.tr\/index.php\/wp-json\/wp\/v2\/comments?post=69"}],"version-history":[{"count":19,"href":"https:\/\/www.aydinaski.gov.tr\/index.php\/wp-json\/wp\/v2\/pages\/69\/revisions"}],"predecessor-version":[{"id":8915,"href":"https:\/\/www.aydinaski.gov.tr\/index.php\/wp-json\/wp\/v2\/pages\/69\/revisions\/8915"}],"wp:attachment":[{"href":"https:\/\/www.aydinaski.gov.tr\/index.php\/wp-json\/wp\/v2\/media?parent=69"}],"curies":[{"name":"wp","href":"https:\/\/api.w.org\/{rel}","templated":true}]}}