{"id":67,"date":"2022-09-12T13:54:27","date_gmt":"2022-09-12T10:54:27","guid":{"rendered":"http:\/\/localhost:8080\/aydinaski\/?page_id=67"},"modified":"2025-08-19T09:56:06","modified_gmt":"2025-08-19T06:56:06","slug":"kurumsal-mali-durum-ve-beklentiler-raporu","status":"publish","type":"page","link":"https:\/\/www.aydinaski.gov.tr\/index.php\/kurumsal-mali-durum-ve-beklentiler-raporu\/","title":{"rendered":"Kurumsal Mali Durum ve Beklentiler Raporu"},"content":{"rendered":"\n<p>Y\u0131llara G\u00f6re Kurumsal Mali Durum ve Beklentiler Raporlar\u0131m\u0131z A\u015fa\u011f\u0131da Listelenmi\u015ftir.<\/p>\n\n\n<table>\n<tbody>\n<tr>\n<td>2025 Kurumsal Mali Durum ve Beklentiler Raporu<\/td>\n<td style=\"text-align: center;\"><a href=\"\/wp-content\/uploads\/2025\/08\/2025-MALI-DURUM-BEKLENTI-RAPORU.pdf\" target=\"_blank\" rel=\"noreferrer noopener\" data-type=\"URL\">\u0130ndir<\/a><\/td>\n<\/tr>\n<tr>\n<td>2024 Kurumsal Mali Durum ve Beklentiler Raporu<\/td>\n<td style=\"text-align: center;\"><a href=\"\/wp-content\/uploads\/2024\/08\/2024-MALI-DURUM-BEKL.RAP_.pdf\" target=\"_blank\" rel=\"noreferrer noopener\" data-type=\"URL\">\u0130ndir<\/a><\/td>\n<\/tr>\n<tr>\n<td>2023 Kurumsal Mali Durum ve Beklentiler Raporu<\/td>\n<td style=\"text-align: center;\"><a href=\"\/wp-content\/uploads\/2023\/08\/2023-MALI-DURUM-BEKL.RAP_.-SONHALI.pdf\" target=\"_blank\" rel=\"noreferrer noopener\" data-type=\"URL\">\u0130ndir<\/a><\/td>\n<\/tr>\n<tr>\n<td>2022 Kurumsal Mali Durum ve Beklentiler Raporu<\/td>\n<td style=\"text-align: center;\"><a href=\"\/wp-content\/uploads\/2022\/09\/2022-YILI-MALI-DURUM-VE-BEKLENTILER.pdf\" target=\"_blank\" rel=\"noreferrer noopener\" data-type=\"URL\">\u0130ndir<\/a><\/td>\n<\/tr>\n<tr>\n<td>2021 Kurumsal Mali Durum ve Beklentiler Raporu<\/td>\n<td style=\"text-align: center;\"><a href=\"\/wp-content\/uploads\/2022\/09\/mali_beklentiler_raporu2021.pdf\" target=\"_blank\" rel=\"noreferrer noopener\" data-type=\"URL\" data-id=\"\/wp-content\/uploads\/2022\/09\/mali_beklentiler_raporu2021.pdf\">\u0130ndir<\/a><\/td>\n<\/tr>\n<tr>\n<td>2020 Kurumsal Mali Durum ve Beklentiler Raporu<\/td>\n<td style=\"text-align: center;\"><a href=\"\/wp-content\/uploads\/2022\/10\/2020_mali_beklentiler_raporu.pdf\" data-type=\"URL\" data-id=\"\/wp-content\/uploads\/2022\/10\/2020_mali_beklentiler_raporu.pdf\">\u0130ndir<\/a><\/td>\n<\/tr>\n<tr>\n<td>2018 Kurumsal Mali Durum ve Beklentiler Raporu<\/td>\n<td style=\"text-align: center;\"><a href=\"\/wp-content\/uploads\/2022\/09\/ASKI-2018-MALI-BEKLENTILER-.pdf\" target=\"_blank\" rel=\"noreferrer noopener\" data-type=\"URL\" data-id=\"\/wp-content\/uploads\/2022\/09\/ASKI-2018-MALI-BEKLENTILER-.pdf\">\u0130ndir<\/a><\/td>\n<\/tr>\n<tr>\n<td>2017 Kurumsal Mali Durum ve Beklentiler Raporu<\/td>\n<td style=\"text-align: center;\"><a href=\"\/wp-content\/uploads\/2022\/09\/2017-KURUMSAL-MALI-DURUM-VE-BEKLENTILER-RAPORU.pdf\" target=\"_blank\" rel=\"noreferrer noopener\" data-type=\"URL\" data-id=\"\/wp-content\/uploads\/2022\/09\/2017-KURUMSAL-MALI-DURUM-VE-BEKLENTILER-RAPORU.pdf\">\u0130ndir<\/a><\/td>\n<\/tr>\n<tr>\n<td>2015 Kurumsal Mali Durum ve Beklentiler Raporu<\/td>\n<td style=\"text-align: center;\"><a href=\"\/wp-content\/uploads\/2022\/09\/mali-durum-ve-beklentiler-2015.pdf\" target=\"_blank\" rel=\"noreferrer noopener\" data-type=\"URL\" data-id=\"\/wp-content\/uploads\/2022\/09\/mali-durum-ve-beklentiler-2015.pdf\">\u0130ndir<\/a><\/td>\n<\/tr>\n<\/tbody>\n<\/table>","protected":false},"excerpt":{"rendered":"<p>Y\u0131llara G\u00f6re Kurumsal Mali Durum ve Beklentiler Raporlar\u0131m\u0131z A\u015fa\u011f\u0131da Listelenmi\u015ftir. 2025 Kurumsal Mali Durum ve Beklentiler Raporu \u0130ndir 2024 Kurumsal Mali Durum ve Beklentiler Raporu \u0130ndir 2023 Kurumsal Mali Durum ve Beklentiler Raporu \u0130ndir 2022 Kurumsal Mali Durum ve Beklentiler Raporu \u0130ndir 2021 Kurumsal Mali Durum ve Beklentiler Raporu \u0130ndir 2020 Kurumsal Mali Durum ve [&hellip;]<\/p>\n","protected":false},"author":1,"featured_media":0,"parent":0,"menu_order":0,"comment_status":"closed","ping_status":"closed","template":"","meta":{"ngg_post_thumbnail":0,"footnotes":""},"class_list":["post-67","page","type-page","status-publish","hentry"],"_links":{"self":[{"href":"https:\/\/www.aydinaski.gov.tr\/index.php\/wp-json\/wp\/v2\/pages\/67","targetHints":{"allow":["GET"]}}],"collection":[{"href":"https:\/\/www.aydinaski.gov.tr\/index.php\/wp-json\/wp\/v2\/pages"}],"about":[{"href":"https:\/\/www.aydinaski.gov.tr\/index.php\/wp-json\/wp\/v2\/types\/page"}],"author":[{"embeddable":true,"href":"https:\/\/www.aydinaski.gov.tr\/index.php\/wp-json\/wp\/v2\/users\/1"}],"replies":[{"embeddable":true,"href":"https:\/\/www.aydinaski.gov.tr\/index.php\/wp-json\/wp\/v2\/comments?post=67"}],"version-history":[{"count":28,"href":"https:\/\/www.aydinaski.gov.tr\/index.php\/wp-json\/wp\/v2\/pages\/67\/revisions"}],"predecessor-version":[{"id":9037,"href":"https:\/\/www.aydinaski.gov.tr\/index.php\/wp-json\/wp\/v2\/pages\/67\/revisions\/9037"}],"wp:attachment":[{"href":"https:\/\/www.aydinaski.gov.tr\/index.php\/wp-json\/wp\/v2\/media?parent=67"}],"curies":[{"name":"wp","href":"https:\/\/api.w.org\/{rel}","templated":true}]}}