{"id":65,"date":"2022-09-12T13:53:17","date_gmt":"2022-09-12T10:53:17","guid":{"rendered":"http:\/\/localhost:8080\/aydinaski\/?page_id=65"},"modified":"2025-05-26T11:20:37","modified_gmt":"2025-05-26T08:20:37","slug":"faaliyet-programi","status":"publish","type":"page","link":"https:\/\/www.aydinaski.gov.tr\/index.php\/faaliyet-programi\/","title":{"rendered":"Faaliyet Raporu"},"content":{"rendered":"\n<p>Ayd\u0131n Su ve Kanalizasyon \u0130daresi Genel M\u00fcd\u00fcrl\u00fc\u011f\u00fc Y\u0131ll\u0131k Faaliyet Raporlar\u0131na A\u015fa\u011f\u0131daki Tablodan Ula\u015fabilirsiniz.<\/p>\n\n\n<table>\n<tbody>\n<tr>\n<td><a href=\"https:\/\/www.aydinaski.gov.tr\/wp-content\/uploads\/2023\/05\/ASKI_2022_FAALIYET_SONNN.pdf\" data-type=\"URL\" data-id=\"https:\/\/www.aydinaski.gov.tr\/wp-content\/uploads\/2023\/05\/ASKI_2022_FAALIYET_SONNN.pdf\">2022 Faaliyet Raporu \u0130\u00e7in T\u0131klay\u0131n\u0131z<\/a><\/td>\n<td><a href=\"\/wp-content\/uploads\/2024\/05\/ASKI-2023-FAALIYET-RAPORU.pdf\">2023 Faaliyet Raporu \u0130\u00e7in T\u0131klay\u0131n\u0131z<\/a><\/td>\n<td><a href=\"https:\/\/www.aydinaski.gov.tr\/wp-content\/uploads\/2025\/05\/ASKI_2024_FAALIYET_RAPORU.pdf\">2024 Faaliyet Raporu \u0130\u00e7in T\u0131klay\u0131n\u0131z<\/a><\/td>\n<td>&nbsp;<\/td>\n<\/tr>\n<tr>\n<td><a href=\"\/wp-content\/uploads\/2022\/09\/2021_faaliyet_raporu.pdf\" data-type=\"URL\" data-id=\"\/wp-content\/uploads\/2022\/09\/2021_faaliyet_raporu.pdf\">2021 Faaliyet Raporu i\u00e7in T\u0131klay\u0131n\u0131z<\/a><\/td>\n<td><a href=\"\/wp-content\/uploads\/2022\/09\/2020_faaliyet_raporu.pdf\" data-type=\"URL\" data-id=\"\/wp-content\/uploads\/2022\/09\/2020_faaliyet_raporu.pdf\">2020 Faaliyet Raporu i\u00e7in T\u0131klay\u0131n\u0131z<\/a><\/td>\n<td><a href=\"\/wp-content\/uploads\/2022\/09\/2019_faaliyet_raporu.pdf\" data-type=\"URL\" data-id=\"\/wp-content\/uploads\/2022\/09\/2019_faaliyet_raporu.pdf\">2019 Faaliyet Raporu i\u00e7in T\u0131klay\u0131n\u0131z<\/a><\/td>\n<td><a href=\"\/wp-content\/uploads\/2022\/09\/2018_faaliyet_raporu.pdf\" data-type=\"URL\" data-id=\"\/wp-content\/uploads\/2022\/09\/2018_faaliyet_raporu.pdf\">2018 Faaliyet Raporu i\u00e7in T\u0131klay\u0131n\u0131z<\/a><\/td>\n<\/tr>\n<tr>\n<td><a href=\"\/wp-content\/uploads\/2022\/09\/2017_faaliyet_raporu.pdf\" data-type=\"URL\" data-id=\"\/wp-content\/uploads\/2022\/09\/2017_faaliyet_raporu.pdf\">2017 Faaliyet Raporu i\u00e7in T\u0131klay\u0131n\u0131z<\/a><\/td>\n<td><a href=\"\/wp-content\/uploads\/2022\/09\/2016_faaliyet_raporu.pdf\" data-type=\"URL\" data-id=\"\/wp-content\/uploads\/2022\/09\/2016_faaliyet_raporu.pdf\">2016 Faaliyet Raporu i\u00e7in T\u0131klay\u0131n\u0131z<\/a><\/td>\n<td><a href=\"\/wp-content\/uploads\/2022\/09\/2015_faaliyet_raporu.pdf\" data-type=\"URL\" data-id=\"\/wp-content\/uploads\/2022\/09\/2015_faaliyet_raporu.pdf\">2015 Faaliyet Raporu i\u00e7in T\u0131klay\u0131n\u0131z<\/a><\/td>\n<td><a href=\"\/wp-content\/uploads\/2022\/09\/aski-2014-faaliyet-programi.pdf\" data-type=\"URL\" data-id=\"\/wp-content\/uploads\/2022\/09\/aski-2014-faaliyet-programi.pdf\">2014 Faaliyet Raporu i\u00e7in T\u0131klay\u0131n\u0131z<\/a><\/td>\n<\/tr>\n<\/tbody>\n<\/table>\n<p>Ayd\u0131n Su ve Kanalizasyon \u0130daresi Genel M\u00fcd\u00fcrl\u00fc\u011f\u00fc Faaliyet Raporlar\u0131<\/p>\n\n\n<p><\/p>\n","protected":false},"excerpt":{"rendered":"<p>Ayd\u0131n Su ve Kanalizasyon \u0130daresi Genel M\u00fcd\u00fcrl\u00fc\u011f\u00fc Y\u0131ll\u0131k Faaliyet Raporlar\u0131na A\u015fa\u011f\u0131daki Tablodan Ula\u015fabilirsiniz. 2022 Faaliyet Raporu \u0130\u00e7in T\u0131klay\u0131n\u0131z 2023 Faaliyet Raporu \u0130\u00e7in T\u0131klay\u0131n\u0131z 2024 Faaliyet Raporu \u0130\u00e7in T\u0131klay\u0131n\u0131z &nbsp; 2021 Faaliyet Raporu i\u00e7in T\u0131klay\u0131n\u0131z 2020 Faaliyet Raporu i\u00e7in T\u0131klay\u0131n\u0131z 2019 Faaliyet Raporu i\u00e7in T\u0131klay\u0131n\u0131z 2018 Faaliyet Raporu i\u00e7in T\u0131klay\u0131n\u0131z 2017 Faaliyet Raporu i\u00e7in T\u0131klay\u0131n\u0131z 2016 [&hellip;]<\/p>\n","protected":false},"author":1,"featured_media":0,"parent":0,"menu_order":0,"comment_status":"closed","ping_status":"closed","template":"","meta":{"ngg_post_thumbnail":0,"footnotes":""},"class_list":["post-65","page","type-page","status-publish","hentry"],"_links":{"self":[{"href":"https:\/\/www.aydinaski.gov.tr\/index.php\/wp-json\/wp\/v2\/pages\/65","targetHints":{"allow":["GET"]}}],"collection":[{"href":"https:\/\/www.aydinaski.gov.tr\/index.php\/wp-json\/wp\/v2\/pages"}],"about":[{"href":"https:\/\/www.aydinaski.gov.tr\/index.php\/wp-json\/wp\/v2\/types\/page"}],"author":[{"embeddable":true,"href":"https:\/\/www.aydinaski.gov.tr\/index.php\/wp-json\/wp\/v2\/users\/1"}],"replies":[{"embeddable":true,"href":"https:\/\/www.aydinaski.gov.tr\/index.php\/wp-json\/wp\/v2\/comments?post=65"}],"version-history":[{"count":23,"href":"https:\/\/www.aydinaski.gov.tr\/index.php\/wp-json\/wp\/v2\/pages\/65\/revisions"}],"predecessor-version":[{"id":9001,"href":"https:\/\/www.aydinaski.gov.tr\/index.php\/wp-json\/wp\/v2\/pages\/65\/revisions\/9001"}],"wp:attachment":[{"href":"https:\/\/www.aydinaski.gov.tr\/index.php\/wp-json\/wp\/v2\/media?parent=65"}],"curies":[{"name":"wp","href":"https:\/\/api.w.org\/{rel}","templated":true}]}}