{"id":61,"date":"2022-09-12T13:52:23","date_gmt":"2022-09-12T10:52:23","guid":{"rendered":"http:\/\/localhost:8080\/aydinaski\/?page_id=61"},"modified":"2025-12-31T15:28:24","modified_gmt":"2025-12-31T12:28:24","slug":"performans-programi","status":"publish","type":"page","link":"https:\/\/www.aydinaski.gov.tr\/index.php\/performans-programi\/","title":{"rendered":"Performans Program\u0131"},"content":{"rendered":"\n<p>Ayd\u0131n Su ve Kanalizasyon \u0130daresi Genel M\u00fcd\u00fcrl\u00fc\u011f\u00fcm\u00fcz&#8217; \u00fcn Y\u0131ll\u0131k Performans Programlar\u0131<\/p>\n\n\n\n<div class=\"wp-block-media-text alignwide is-stacked-on-mobile\"><figure class=\"wp-block-media-text__media\"><img loading=\"lazy\" decoding=\"async\" width=\"2000\" height=\"2000\" src=\"https:\/\/www.aydinaski.gov.tr\/wp-content\/uploads\/2022\/10\/\u2014Pngtree\u2014rising-performance_4491115.png\" alt=\"\" class=\"wp-image-1370 size-full\"\/><\/figure><div class=\"wp-block-media-text__content\">\n<p><\/p>\n\n\n\n<figure class=\"wp-block-table\"><table class=\"has-fixed-layout\"><tbody><tr><td>Performans Program\u0131 2026<\/td><td class=\"has-text-align-center\" data-align=\"center\"><a href=\"\/wp-content\/uploads\/2025\/12\/2026_PERFORMANS_ASKI.pdf\" data-type=\"link\" data-id=\"\/wp-content\/uploads\/2025\/12\/2026_PERFORMANS_ASKI.pdf\">Pdf indir<\/a><\/td><\/tr><tr><td>Performans Program\u0131 2025<\/td><td class=\"has-text-align-center\" data-align=\"center\"><a href=\"\/wp-content\/uploads\/2024\/12\/ASKI-2025-yili-Performans-Programi.pdf\" target=\"_blank\" rel=\"noreferrer noopener\" data-type=\"URL\" data-id=\"\/wp-content\/uploads\/2023\/12\/ASKI_PERFORMANS_2024_kucuk.pdf\">Pdf indir<\/a><\/td><\/tr><tr><td>Performans Program\u0131 2024<\/td><td class=\"has-text-align-center\" data-align=\"center\"><a href=\"\/wp-content\/uploads\/2023\/12\/ASKI_PERFORMANS_2024_kucuk.pdf\" target=\"_blank\" rel=\"noreferrer noopener\" data-type=\"URL\" data-id=\"\/wp-content\/uploads\/2023\/12\/ASKI_PERFORMANS_2024_kucuk.pdf\">Pdf indir<\/a><\/td><\/tr><tr><td>Performans Program\u0131 2023<\/td><td class=\"has-text-align-center\" data-align=\"center\"><a href=\"\/wp-content\/uploads\/2022\/12\/17-ASKI_PERFORMANS_2023.pdf\" target=\"_blank\" rel=\"noreferrer noopener\" data-type=\"URL\" data-id=\"\/wp-content\/uploads\/2022\/12\/17-ASKI_PERFORMANS_2023.pdf\">Pdf indir<\/a><\/td><\/tr><tr><td>Performans Program\u0131 2022<\/td><td class=\"has-text-align-center\" data-align=\"center\"><a href=\"\/wp-content\/uploads\/2022\/09\/ASKI2022PERFORMANS.pdf\" target=\"_blank\" rel=\"noreferrer noopener\" data-type=\"URL\" data-id=\"\/wp-content\/uploads\/2022\/09\/ASKI2022PERFORMANS.pdf\">Pdf indir<\/a><\/td><\/tr><tr><td>Performans Program\u0131 2021<\/td><td class=\"has-text-align-center\" data-align=\"center\"><a href=\"\/wp-content\/uploads\/2022\/09\/ASKI2021PERFORMANS.pdf\" target=\"_blank\" rel=\"noreferrer noopener\" data-type=\"URL\" data-id=\"\/wp-content\/uploads\/2022\/09\/ASKI2021PERFORMANS.pdf\">Pdf indir<\/a><\/td><\/tr><tr><td>Performans Program\u0131 2020<\/td><td class=\"has-text-align-center\" data-align=\"center\"><a href=\"\/wp-content\/uploads\/2022\/09\/ASKI2020PERFORMANS.pdf\" target=\"_blank\" rel=\"noreferrer noopener\" data-type=\"URL\" data-id=\"\/wp-content\/uploads\/2022\/09\/ASKI2020PERFORMANS.pdf\">Pdf indir<\/a><\/td><\/tr><tr><td>Performans Program\u0131 2019<\/td><td class=\"has-text-align-center\" data-align=\"center\"><a href=\"\/wp-content\/uploads\/2022\/09\/aski-2019-performans-programi.pdf\" target=\"_blank\" rel=\"noreferrer noopener\" data-type=\"URL\" data-id=\"\/wp-content\/uploads\/2022\/09\/aski-2019-performans-programi.pdf\">Pdf indir<\/a><\/td><\/tr><tr><td>Performans Program\u0131 2018<\/td><td class=\"has-text-align-center\" data-align=\"center\"><a href=\"\/wp-content\/uploads\/2022\/09\/Aydin-Buyuksehir-Belediyesi-Su-ve-Kanalizasyon-Idaresi-Genel-Mudurlugu-2018-Yili-Performans-Programi_2018.pdf\" target=\"_blank\" rel=\"noreferrer noopener\" data-type=\"URL\" data-id=\"\/wp-content\/uploads\/2022\/09\/Aydin-Buyuksehir-Belediyesi-Su-ve-Kanalizasyon-Idaresi-Genel-Mudurlugu-2018-Yili-Performans-Programi_2018.pdf\">Pdf indir<\/a><\/td><\/tr><tr><td>Performans Program\u0131 2017<\/td><td class=\"has-text-align-center\" data-align=\"center\"><a href=\"\/wp-content\/uploads\/2022\/09\/aski_performans_programi_2017_compressed.pdf\" target=\"_blank\" rel=\"noreferrer noopener\" data-type=\"URL\" data-id=\"\/wp-content\/uploads\/2022\/09\/aski_performans_programi_2017_compressed.pdf\">Pdf indir<\/a><\/td><\/tr><tr><td>Performans Program\u0131 2016<\/td><td class=\"has-text-align-center\" data-align=\"center\"><a href=\"\/wp-content\/uploads\/2022\/09\/Performans-Program-aski-2016.pdf\" target=\"_blank\" rel=\"noreferrer noopener\" data-type=\"URL\" data-id=\"\/wp-content\/uploads\/2022\/09\/Performans-Program-aski-2016.pdf\">Pdf indir<\/a><\/td><\/tr><tr><td>Performans Program\u0131 2015<\/td><td class=\"has-text-align-center\" data-align=\"center\"><a href=\"\/wp-content\/uploads\/2022\/09\/askiperformans-2015.pdf\" target=\"_blank\" rel=\"noreferrer noopener\" data-type=\"URL\" data-id=\"\/wp-content\/uploads\/2022\/09\/askiperformans-2015.pdf\">Pdf indir<\/a><\/td><\/tr><\/tbody><\/table><\/figure>\n<\/div><\/div>\n","protected":false},"excerpt":{"rendered":"<p>Ayd\u0131n Su ve Kanalizasyon \u0130daresi Genel M\u00fcd\u00fcrl\u00fc\u011f\u00fcm\u00fcz&#8217; \u00fcn Y\u0131ll\u0131k Performans Programlar\u0131 Performans Program\u0131 2026 Pdf indir Performans Program\u0131 2025 Pdf indir Performans Program\u0131 2024 Pdf indir Performans Program\u0131 2023 Pdf indir Performans Program\u0131 2022 Pdf indir Performans Program\u0131 2021 Pdf indir Performans Program\u0131 2020 Pdf indir Performans Program\u0131 2019 Pdf indir Performans Program\u0131 2018 Pdf [&hellip;]<\/p>\n","protected":false},"author":1,"featured_media":0,"parent":0,"menu_order":0,"comment_status":"closed","ping_status":"closed","template":"","meta":{"ngg_post_thumbnail":0,"footnotes":""},"class_list":["post-61","page","type-page","status-publish","hentry"],"_links":{"self":[{"href":"https:\/\/www.aydinaski.gov.tr\/index.php\/wp-json\/wp\/v2\/pages\/61","targetHints":{"allow":["GET"]}}],"collection":[{"href":"https:\/\/www.aydinaski.gov.tr\/index.php\/wp-json\/wp\/v2\/pages"}],"about":[{"href":"https:\/\/www.aydinaski.gov.tr\/index.php\/wp-json\/wp\/v2\/types\/page"}],"author":[{"embeddable":true,"href":"https:\/\/www.aydinaski.gov.tr\/index.php\/wp-json\/wp\/v2\/users\/1"}],"replies":[{"embeddable":true,"href":"https:\/\/www.aydinaski.gov.tr\/index.php\/wp-json\/wp\/v2\/comments?post=61"}],"version-history":[{"count":16,"href":"https:\/\/www.aydinaski.gov.tr\/index.php\/wp-json\/wp\/v2\/pages\/61\/revisions"}],"predecessor-version":[{"id":9184,"href":"https:\/\/www.aydinaski.gov.tr\/index.php\/wp-json\/wp\/v2\/pages\/61\/revisions\/9184"}],"wp:attachment":[{"href":"https:\/\/www.aydinaski.gov.tr\/index.php\/wp-json\/wp\/v2\/media?parent=61"}],"curies":[{"name":"wp","href":"https:\/\/api.w.org\/{rel}","templated":true}]}}