{"id":583,"date":"2022-09-21T11:27:07","date_gmt":"2022-09-21T08:27:07","guid":{"rendered":"http:\/\/localhost\/aydinaski\/?page_id=583"},"modified":"2022-09-21T12:03:18","modified_gmt":"2022-09-21T09:03:18","slug":"su-havzalari-koruma-yonetmeligi","status":"publish","type":"page","link":"https:\/\/www.aydinaski.gov.tr\/index.php\/su-havzalari-koruma-yonetmeligi\/","title":{"rendered":"Su Havzalar\u0131 Koruma Y\u00f6netmeli\u011fi"},"content":{"rendered":"\n<p><strong>AYDIN B\u00dcY\u00dcK\u015eEH\u0130R BELED\u0130YES\u0130<\/strong><\/p>\n\n\n\n<p><strong>&nbsp;ASK\u0130 GENEL M\u00dcD\u00dcRL\u00dc\u011e\u00dc<\/strong><\/p>\n\n\n\n<p><strong>HAVZA YIKIM Y\u00d6NETMEL\u0130\u011e\u0130<\/strong><\/p>\n\n\n\n<p><strong>AMA\u00c7:<\/strong><\/p>\n\n\n\n<p><strong>Madde 1<\/strong>&#8211; Ayd\u0131n \u0130li hudutlar\u0131 i\u00e7erisinde t\u00fcm yerle\u015fim birimlerine i\u00e7me ve kullanma suyu sa\u011flayacak \u00f6nemli y\u00fczeysel su kaynaklar\u0131nda gerek baraj g\u00f6llerinde birikecek suyun, gerekse baraj g\u00f6llerine su sa\u011flayan derelerin ve kaynaklar\u0131n sanayi, evsel ve her t\u00fcrl\u00fc kirletici at\u0131klarla kirletilmesini \u00f6nlemek ve havzadaki su kaynaklar\u0131n\u0131n korunmas\u0131n\u0131 sa\u011flamak amac\u0131yla Ka\u00e7ak Tesis ve Yap\u0131lar\u0131n kald\u0131r\u0131lmas\u0131d\u0131r.<\/p>\n\n\n\n<p><strong>KAPSAM:<\/strong><\/p>\n\n\n\n<p><strong>Madde 2<\/strong>&#8211;Belediye m\u00fccavir alan s\u0131n\u0131rlar\u0131 d\u0131\u015f\u0131nda dahi olsa, baraj su toplama havzalar\u0131nda kalan alanlardaki b\u00fct\u00fcn Ka\u00e7ak Tesis ve Yap\u0131lar bu y\u00f6netmelikte tan\u0131mlanan ilgili madde h\u00fck\u00fcmlerine tabidir. Mill\u00ee Savunma Bakanl\u0131\u011f\u0131\u2019na tahsisli alanlar ile Genel Kurmay Ba\u015fkanl\u0131\u011f\u0131\u2019n\u0131n kullan\u0131ma ihtiya\u00e7 duyaca\u011f\u0131 alanlar ve Milli Savunmaya y\u00f6nelik faaliyetler bu Y\u00f6netmelik d\u0131\u015f\u0131nda kal\u0131r.<\/p>\n\n\n\n<p><strong>HUKUK\u0130 DAYANAK<\/strong><\/p>\n\n\n\n<p><strong>Madde 3<\/strong>&#8211; Bu y\u00f6netmelik, 2560 Say\u0131l\u0131 \u0130SK\u0130 Genel M\u00fcd\u00fcrl\u00fc\u011f\u00fc Kurulu\u015f ve G\u00f6revleri Hakk\u0131ndaki Kanunun 3009 Say\u0131l\u0131 Kanunla de\u011fi\u015fik 2\/c, 6\/l ve 20.maddelerinin verdi\u011fi yetkiye dayan\u0131larak haz\u0131rlanm\u0131\u015ft\u0131r.<\/p>\n\n\n\n<p><strong>TANIMLAR<\/strong><\/p>\n\n\n\n<p><strong>Madde 4-<\/strong> \u0130\u00e7me ve kullanma suyu temin edilen ve edilecek olan y\u00fczeysel su kaynaklar\u0131; i\u00e7me ve kullanma suyu temin edilmek \u00fczere kullan\u0131lan veya kullan\u0131lmas\u0131 ama\u00e7lanan her t\u00fcrl\u00fc yapay ve do\u011fal g\u00f6ller ile bunlar\u0131 besleyen sulard\u0131r.<\/p>\n\n\n\n<p><strong>Al\u0131c\u0131 Ortam: <\/strong>At\u0131ksular\u0131n de\u015farj edildi\u011fi deniz, g\u00f6l, dere, akarsu ve arazidir.<\/p>\n\n\n\n<p><strong>Ar\u0131tma:<\/strong> Sular\u0131n kullan\u0131m sonucu yitirdikleri fiziksel, kimyasal ve bakteriyolojik \u00f6zelliklerinin bir k\u0131sm\u0131n\u0131 veya tamam\u0131n\u0131 tekrar kazand\u0131rabilmek ve\/veya bo\u015fald\u0131klar\u0131 al\u0131c\u0131 ortam\u0131n do\u011fal, fiziksel, kimyasal, bakteriyolojik ve ekolojik \u00f6zelliklerini de\u011fi\u015ftirmeyecek hale getirilebilmelerini temin i\u00e7in uygulanacak her t\u00fcrl\u00fc fiziksel, kimyasal ve biyolojik ar\u0131tma i\u015flemlerini ifade eder.<\/p>\n\n\n\n<p><strong>At\u0131k:<\/strong> Her t\u00fcrl\u00fc \u00fcretim ve t\u00fcketim faaliyetlerinin sonunda fiziksel, kimyasal ve bakteriyolojik \u00f6zellikleri ile kar\u0131\u015ft\u0131klar\u0131 al\u0131c\u0131 ortamlarda dolayl\u0131 veya do\u011frudan zarar verebilen ve o ortamda do\u011fal birle\u015fim ve \u00f6zelliklerinin de\u011fi\u015fmesine yol a\u00e7an kat\u0131, s\u0131v\u0131 veya gaz halindeki maddelerdir.<\/p>\n\n\n\n<p><strong>At\u0131ksu: <\/strong>Evsel, end\u00fcstriyel, tar\u0131msal ve di\u011fer kullan\u0131mlar sonucu kirlenmi\u015f veya \u00f6zellikleri de\u011fi\u015fmi\u015f sular\u0131 ifade eder.<\/p>\n\n\n\n<p><strong>\u00c7evre Kirlili\u011fi:<\/strong> \u0130nsanlar\u0131n her t\u00fcrl\u00fc faaliyetleri sonucu havada, suda ve toprakta meydana gelen do\u011fal olmayan de\u011fi\u015fikliklerle ekolojik dengenin bozulmas\u0131 ve bu t\u00fcr faaliyetler sonucu ortaya \u00e7\u0131kan salg\u0131n hastal\u0131klar ile g\u00f6r\u00fcnt\u00fc bozuklu\u011fu, koku, g\u00fcr\u00fclt\u00fc ve at\u0131ksular\u0131n \u00e7evrede meydana getirdi\u011fi di\u011fer arzu edilmeyen sonu\u00e7lar\u0131 ifade eder.<\/p>\n\n\n\n<p><strong>\u00c7evre Korunmas\u0131: <\/strong>Ekolojik dengenin korunmas\u0131, havada, suda, toprakta kirlilik ve bozulmalar\u0131n \u00f6nlenmesi ve \u00e7evrenin iyile\u015ftirilmesi i\u00e7in yap\u0131lan \u00e7al\u0131\u015fmalar\u0131n b\u00fct\u00fcn\u00fcn\u00fc ifade eder.<\/p>\n\n\n\n<p><strong>Dereler: <\/strong>Arazinin topo\u011frafik, jeolojik ve hidrojeolojik durumu ile iklim \u015fartlar\u0131na ba\u011fl\u0131 olarak y\u0131l\u0131n herhangi bir zaman\u0131nda su ta\u015f\u0131yabilen ve tabii yata\u011f\u0131 olan yerleri ifade eder.<\/p>\n\n\n\n<p><strong>Dere mutlak Koruma alan\u0131:<\/strong> Rezervuara su ta\u015f\u0131yan ve ASK\u0130 Su Havzalar\u0131 Koruma Y\u00f6netmeli\u011fi\u2019 nde yer alan Su Toplama Havzalar\u0131na ait Ek\u2019li listelerde yer alan derelerin, her iki taraf\u0131nda belirlenen koruma band\u0131d\u0131r.&nbsp;<\/p>\n\n\n\n<p><strong>Ekolojik Denge:<\/strong> \u0130nsan ve di\u011fer canl\u0131lar\u0131n, varl\u0131k ve geli\u015fmelerini s\u00fcrd\u00fcrebilmeleri i\u00e7in gerekli olan \u015fartlar\u0131n b\u00fct\u00fcn\u00fcn\u00fc ifade eder.<\/p>\n\n\n\n<p><strong>Ekonomik Uygulanabilirli\u011fi \u0130spatlanm\u0131\u015f \u0130leri Ar\u0131tma Teknolojileri: <\/strong>S\u00fcrekli i\u015fletilmesinde ba\u015far\u0131s\u0131 tecr\u00fcbe ile sabit olan, mukayese edilebilir metotlar, d\u00fczenekler ve i\u015fletme bi\u00e7imleri ve ar\u0131tma metotlar\u0131n\u0131 ifade eder.<\/p>\n\n\n\n<p><strong>Ka\u00e7ak Tesis ve Yap\u0131<\/strong>: Havzalar\u0131n su havzas\u0131 olarak ilan\u0131ndan \u00f6nce Yap\u0131 Ruhsat\u0131, Yap\u0131 Kullanma \u0130zin Belgesi, \u0130mar Aff\u0131 Belgeleri olmayan ve su havzas\u0131 olarak yararlan\u0131lmas\u0131na karar verilen tarihten sonra ASK\u0130 g\u00f6r\u00fc\u015f\u00fc ve ilgili belediyesinden Yap\u0131 Ruhsat\u0131 al\u0131nmadan yap\u0131lm\u0131\u015f yap\u0131lar (bina ve tesisler), 2560 Say\u0131l\u0131 Kanun uygulamas\u0131 bak\u0131m\u0131ndan ka\u00e7ak tesis ve yap\u0131 olarak tan\u0131mlan\u0131r.<\/p>\n\n\n\n<p><strong>K\u0131sa Mesafeli Koruma Alan\u0131:<\/strong> Mutlak Koruma Alan\u0131 \u00fcst s\u0131n\u0131r\u0131ndan itibaren yatay 700m. Geni\u015fli\u011findeki karasal aland\u0131r.<\/p>\n\n\n\n<p><strong>Mutlak Koruma Alan\u0131:<\/strong> \u0130\u00e7me ve kullanma suyu temin edilen veya edilecek olan yapay veya do\u011fal g\u00f6llerde maksimum su seviyesinin kara ile olu\u015fturdu\u011fu \u00e7izgiden itibaren yatay 300m. Geni\u015fli\u011findeki karasal aland\u0131r.<\/p>\n\n\n\n<p><strong>Orta Mesafeli Koruma Alan\u0131:<\/strong> K\u0131sa Mesafeli Koruma Alan\u0131 \u00fcst s\u0131n\u0131r\u0131ndan itibaren yatay 1000 m. geni\u015fli\u011findeki karasal aland\u0131r.<\/p>\n\n\n\n<p><strong>Su Toplama Havzas\u0131:<\/strong> \u0130\u00e7me ve kullanma suyu temin edilen ve edilecek olan y\u00fczey ve yer alt\u0131 su kaynaklar\u0131n\u0131n b\u00f6lge topografyas\u0131yla s\u0131n\u0131rl\u0131 tabii su toplama alanlar\u0131d\u0131r.<\/p>\n\n\n\n<p><strong>S\u0131zd\u0131rmas\u0131z Fosseptik (At\u0131ksu Depolama Tank\u0131) <\/strong>Evsel yada end\u00fcstriyel at\u0131ksular\u0131n biriktirildi\u011fi La\u011f\u0131m Mecras\u0131 \u0130n\u015fas\u0131 m\u00fcmk\u00fcn olmayan yerlerde yap\u0131lacak \u00e7ukurlara ait y\u00f6netmelik esaslar\u0131na g\u00f6re projelendirilmi\u015f fenni \u00e7ukurlard\u0131r.<\/p>\n\n\n\n<p><strong>Tehlikeli ve Zararl\u0131 Maddeler: <\/strong>Solunum, sindirim veya deri absorbsiyonu ile akut toksisite ve uzun s\u00fcrede kronik toksisite kanserojen etki yapan, biyolojik ar\u0131tmaya kar\u015f\u0131 diren\u00e7 g\u00f6steren yer alt\u0131 ve y\u00fczeysel sular\u0131 kirletmemeleri i\u00e7in <strong>\u201cSu Kirlili\u011fi Kontrol Y\u00f6netmeli\u011fi <\/strong>\u201dgere\u011fi \u00e7\u0131kar\u0131lan tebli\u011f uyar\u0131nca \u00f6zel muamele ve bertaraf i\u015flemleri gerektiren maddeleri ifade eder.<\/p>\n\n\n\n<p><strong>Uzun Mesafeli Koruma Alan\u0131:<\/strong> Orta mesafeli koruma alan\u0131 \u00fcst s\u0131n\u0131r\u0131ndan ba\u015flamak \u00fczere su toplama havzas\u0131n\u0131n nihayetine kadar uzanan t\u00fcm yatay karasal aland\u0131r.<\/p>\n\n\n\n<p><strong>\u0130LG\u0130L\u0130 \u0130DARELER<\/strong><\/p>\n\n\n\n<p><strong>Madde 5<\/strong>&#8211; Baraj havzas\u0131nda kalan belde ve il\u00e7e belediyeleri, B\u00fcy\u00fck\u015fehir Belediyesi, ASK\u0130 Genel M\u00fcd\u00fcrl\u00fc\u011f\u00fc, Ayd\u0131n Valili\u011fi, \u0130l\u00e7e ve Belde Belediyelerinin ba\u011fl\u0131 oldu\u011fu kaymakaml\u0131klard\u0131r.<\/p>\n\n\n\n<p><strong>KA\u00c7AK TES\u0130S VE YAPILAR<\/strong><\/p>\n\n\n\n<p><strong>Madde 6<\/strong>&#8211; Havzalar\u0131n su havzas\u0131 olarak ilan\u0131ndan \u00f6nce Yap\u0131 Ruhsat\u0131, Yap\u0131 Kullanma \u0130zin Belgesi, \u0130mar Aff\u0131 Belgeleri olmayan ve su havzas\u0131 olarak yararlan\u0131lmas\u0131na karar verilen tarihten sonra ASK\u0130 g\u00f6r\u00fc\u015f\u00fc ve ilgili belediyesinden Yap\u0131 Ruhsat\u0131 al\u0131nmadan yap\u0131lan t\u00fcm tesis ve yap\u0131lar ka\u00e7ak tesis ve yap\u0131 kapsam\u0131nda de\u011ferlendirilir.<\/p>\n\n\n\n<p>a-)Mutlak, k\u0131sa, dere mutlak koruma alanlar\u0131nda kalan, ka\u00e7ak tesis ve yap\u0131lar\u0131n yap\u0131m\u0131n\u0131n \u00f6nlenmesi, yap\u0131m\u0131 s\u00fcrenlerin yap\u0131m\u0131n\u0131n durdurulmas\u0131 ve y\u0131k\u0131m\u0131 i\u015flemleri 2560 Say\u0131l\u0131 Kanun kapsam\u0131nda ASK\u0130 Genel M\u00fcd\u00fcrl\u00fc\u011f\u00fcnce yap\u0131l\u0131r.<\/p>\n\n\n\n<p>b-) Uzun ve orta mesafeli koruma alanlar\u0131nda (dere mutlak koruma alanlar\u0131 hari\u00e7) kalan binalar ile her \u00e7e\u015fit tesisat ve muhtesat\u0131n yap\u0131m\u0131n\u0131n \u00f6nlenmesi, yap\u0131m\u0131 s\u00fcrenlerin yap\u0131m\u0131n\u0131n durdurulmas\u0131, m\u00fch\u00fcrlenmesi ve y\u0131k\u0131lmas\u0131 ise yetki alan\u0131na g\u00f6re ilgili belediye ba\u015fkanl\u0131klar\u0131ndan talep edilir, G\u00f6revini yerine getirmeyenler hakk\u0131nda ASK\u0130 Genel M\u00fcd\u00fcrl\u00fc\u011f\u00fc taraf\u0131ndan yasal i\u015flem yap\u0131lmas\u0131 i\u00e7in \u0130\u00e7i\u015fleri Bakanl\u0131\u011f\u0131\u2019na ba\u015fvurulur.<\/p>\n\n\n\n<p><strong>KA\u00c7AK TES\u0130S VE YAPILARI \u0130NCELEME ESASLARI<\/strong><\/p>\n\n\n\n<p><strong>Madde 7<\/strong>&#8211; ASK\u0130 Genel M\u00fcd\u00fcrl\u00fc\u011f\u00fc g\u00f6revlileri taraf\u0131ndan tespiti yap\u0131lan ka\u00e7ak tesis ve yap\u0131lar i\u00e7in a\u015fa\u011f\u0131da belirtilen esaslar do\u011frultusunda i\u015flem yap\u0131l\u0131r.<\/p>\n\n\n\n<p>a-) ASK\u0130 g\u00f6revlileri taraf\u0131ndan d\u00fczenlenen tespit tutana\u011f\u0131nda m\u00fclkiyet bilgileri bulunmad\u0131\u011f\u0131ndan \u015fahsa ve muhtara, gerekti\u011finde belediyesine yaz\u0131larak \u201c\u0130mar Durum Belgesi \u201d ve yap\u0131n\u0131n parsel \u00fczerindeki konumunu g\u00f6steren \u201cAplikasyon Krokisi \u201dile birlikte yap\u0131 sahibinin ASK\u0130 Genel M\u00fcd\u00fcrl\u00fc\u011f\u00fcne m\u00fcracaat etmesi istenir.<\/p>\n\n\n\n<p>b-)M\u00fclkiyet bilgileri temin edilen parsele daha \u00f6nce ASK\u0130 Genel M\u00fcd\u00fcrl\u00fc\u011f\u00fc taraf\u0131ndan uygun g\u00f6r\u00fc\u015f verilmi\u015f ise, \u201cka\u00e7ak tesis ve yap\u0131 \u201d kapsam\u0131 d\u0131\u015f\u0131nda olmas\u0131 nedeniyle 3194 Say\u0131l\u0131 \u0130mar Kanununa g\u00f6re i\u015flem yap\u0131lmak \u00fczere ilgili belediyesine bildirilir ve yap\u0131ya ait dosya takipten kald\u0131r\u0131larak ASK\u0130 Genel M\u00fcd\u00fcrl\u00fc\u011f\u00fcndeki i\u015flemleri durdurulur. \u0130lgili belediyesi sonu\u00e7tan ASK\u0130 Genel M\u00fcd\u00fcrl\u00fc\u011f\u00fcne bilgi verir.<\/p>\n\n\n\n<p>c-) M\u00fclkiyet bilgileri temin edilen parsele daha \u00f6nce ASK\u0130 Genel M\u00fcd\u00fcrl\u00fc\u011f\u00fc taraf\u0131ndan uygun g\u00f6r\u00fc\u015f verilmemi\u015f ise, ilgili belediyesinden ASK\u0130 Su Havzalar\u0131 Koruma Y\u00f6netmeli\u011fine g\u00f6re konumu, plan notlar\u0131 ve izinlendirilebilecek yap\u0131 olup olmad\u0131\u011f\u0131n\u0131n bildirilmesi istenir.<\/p>\n\n\n\n<p>d-) Belediyesinin incelemesi sonucunda s\u00f6z konusu yap\u0131n\u0131n ASK\u0130 Su Havzalar\u0131 Koruma Y\u00f6netmeli\u011fine g\u00f6re izin verilen yap\u0131la\u015fma olmas\u0131na ra\u011fmen;&nbsp; ifraz, tevhit, yola cephe, yap\u0131 yakla\u015f\u0131m s\u0131n\u0131r\u0131 vb. \u015fekilde 775 Say\u0131l\u0131 Kanun kapsam\u0131nda oldu\u011funun belirlenmesi halinde ilgili belediyesine i\u015flem yap\u0131lmak \u00fczere bildirilerek dosyas\u0131 takipten kald\u0131r\u0131l\u0131r ve i\u015flemleri durdurulur. Belediyenin sonu\u00e7tan ASK\u0130\u2019 ya bilgi vermesi istenir.<\/p>\n\n\n\n<p>e-) Belediyenin incelemesi sonucunda tespit edilen yap\u0131n\u0131n ASK\u0130 Su Havzalar\u0131 Koruma Y\u00f6netmeli\u011fine uygun bir yap\u0131 oldu\u011funun belirlenmesi halinde ilgili belediye kendi de\u011ferlendirmesi ve evraklar\u0131yla birlikte ASK\u0130\u2019 den g\u00f6r\u00fc\u015f alarak ruhsat i\u015flemlerini sonu\u00e7land\u0131r\u0131r.<\/p>\n\n\n\n<p>f-)&nbsp; B\u00fct\u00fcn bu incelemeler sonucunda tespiti yap\u0131lan yap\u0131n\u0131n mutlak, k\u0131sa, dere mutlak koruma alan\u0131nda kalan ka\u00e7ak tesis ve yap\u0131 olmas\u0131 halinde i\u015flemleri y\u00f6netmelik esaslar\u0131 do\u011frultusunda ASK\u0130 Y\u00f6netim Kurulunca al\u0131nan y\u0131k\u0131m karar\u0131n\u0131 takiben 2560 Say\u0131l\u0131 Kanun kapsam\u0131nda ASK\u0130 Genel M\u00fcd\u00fcrl\u00fc\u011f\u00fcnce yap\u0131l\u0131r.<\/p>\n\n\n\n<p><strong>YASAL BELGELER<\/strong><\/p>\n\n\n\n<p><strong>Madde 8<\/strong>&#8211; Havzalar\u0131n su havzas\u0131 olarak ilan\u0131ndan \u00f6nce \u0130lgili belediyesinden, Bay\u0131nd\u0131rl\u0131k ve \u0130skan M\u00fcd\u00fcrl\u00fc\u011f\u00fcnden ve B\u00fcy\u00fck\u015fehir Belediyesinden al\u0131nm\u0131\u015f \u0130n\u015faat Ruhsat\u0131 ve Yap\u0131 Kullanma \u0130zin Belgesi, \u0130mar Aff\u0131 Ba\u015fvuru Formudur.<\/p>\n\n\n\n<p><strong>YIKIM UYGULAMA ESASLARI<\/strong><\/p>\n\n\n\n<p><strong>Madde 9<\/strong>&#8211; Havzada yap\u0131lacak y\u0131k\u0131m i\u015flemleri a\u015fa\u011f\u0131daki birimler taraf\u0131ndan ve belirtilen \u015fekilde ger\u00e7ekle\u015ftirilir.<\/p>\n\n\n\n<p>&nbsp;&nbsp;&nbsp;&nbsp;&nbsp;&nbsp;&nbsp;&nbsp;&nbsp;&nbsp;&nbsp;&nbsp;&nbsp;&nbsp; 9.1:Ayd\u0131n B\u00fcy\u00fck\u015fehir Belediyesi Su ve Kanalizasyon \u0130daresi Genel M\u00fcd\u00fcrl\u00fc\u011f\u00fc<\/p>\n\n\n\n<p>&nbsp;&nbsp;&nbsp;&nbsp;&nbsp;&nbsp;&nbsp;&nbsp;&nbsp;&nbsp;&nbsp;&nbsp;&nbsp;&nbsp; a-Su Kanal Ar\u0131t\u0131m Daire Ba\u015fkanl\u0131\u011f\u0131<\/p>\n\n\n\n<p>&nbsp;&nbsp;&nbsp;&nbsp;&nbsp;&nbsp;&nbsp;&nbsp;&nbsp;&nbsp;&nbsp;&nbsp;&nbsp;&nbsp; b-Elektrik Makine ve Malzeme \u0130kmal Daire Ba\u015fkanl\u0131\u011f\u0131<\/p>\n\n\n\n<p>&nbsp;&nbsp;&nbsp;&nbsp;&nbsp;&nbsp;&nbsp;&nbsp;&nbsp;&nbsp;&nbsp;&nbsp;&nbsp;&nbsp; c-Hukuk M\u00fc\u015favirli\u011fi<\/p>\n\n\n\n<p>&nbsp;&nbsp;&nbsp;&nbsp;&nbsp;&nbsp;&nbsp;&nbsp;&nbsp;&nbsp;&nbsp;&nbsp;&nbsp;&nbsp; d-Uzman Tabiplik<\/p>\n\n\n\n<p>&nbsp;&nbsp;&nbsp;&nbsp;&nbsp;&nbsp;&nbsp;&nbsp;&nbsp;&nbsp;&nbsp;&nbsp;&nbsp;&nbsp; e-G\u00fcvenlik Amirli\u011fi,<\/p>\n\n\n\n<p>Olarak Y\u0131k\u0131m Y\u00f6nergesinde belirtilen \u015fekilde tespiti yap\u0131lan mutlak, k\u0131sa, dere mutlak koruma alanlar\u0131ndaki ka\u00e7ak yap\u0131 ve tesislerin y\u0131k\u0131m\u0131n\u0131 ger\u00e7ekle\u015ftirir.<\/p>\n\n\n\n<p>9.2-B\u00fcy\u00fck\u015fehir Belediye Ba\u015fkanl\u0131\u011f\u0131<\/p>\n\n\n\n<p>&nbsp;&nbsp;&nbsp;&nbsp;&nbsp;&nbsp;&nbsp;&nbsp;&nbsp;&nbsp;&nbsp;&nbsp;&nbsp;&nbsp; a-Fen \u0130\u015fleri Daire Ba\u015fkanl\u0131\u011f\u0131<\/p>\n\n\n\n<p>&nbsp;&nbsp;&nbsp;&nbsp;&nbsp;&nbsp;&nbsp;&nbsp;&nbsp;&nbsp;&nbsp;&nbsp;&nbsp;&nbsp; b-\u0130mar \u0130\u015fleri Daire Ba\u015fkanl\u0131\u011f\u0131<\/p>\n\n\n\n<p>&nbsp;&nbsp;&nbsp;&nbsp;&nbsp;&nbsp;&nbsp;&nbsp;&nbsp;&nbsp;&nbsp;&nbsp;&nbsp;&nbsp; c-Emlak \u0130stimlak Daire Ba\u015fkanl\u0131\u011f\u0131<\/p>\n\n\n\n<p>&nbsp;&nbsp;&nbsp;&nbsp;&nbsp;&nbsp;&nbsp;&nbsp;&nbsp;&nbsp;&nbsp;&nbsp;&nbsp;&nbsp; d-Zab\u0131ta M\u00fcd\u00fcrl\u00fc\u011f\u00fc<\/p>\n\n\n\n<p>olarak B\u00fcy\u00fck\u015fehir Belediyesi m\u00fccavir alan\u0131 i\u00e7inde ASK\u0130\u2019nin y\u0131k\u0131m\u0131n\u0131 yapaca\u011f\u0131 \u201cka\u00e7ak tesis ve yap\u0131n\u0131n \u201dy\u0131k\u0131m\u0131 esnas\u0131nda ara\u00e7, ekipman, i\u015fg\u00fcc\u00fc deste\u011fini sa\u011flar, y\u0131k\u0131m faaliyetlerinde g\u00f6zlemci olarak bulunur. Y\u00f6netmeli\u011fin 6. ve 7.&nbsp; maddelerindeki g\u00f6revleri yerine getirir.<\/p>\n\n\n\n<p>&nbsp;&nbsp;&nbsp;&nbsp;&nbsp;&nbsp;&nbsp;&nbsp;&nbsp;&nbsp;&nbsp;&nbsp;&nbsp;&nbsp; 9.3- \u0130l\u00e7e ya da Belde Belediye Ba\u015fkanl\u0131\u011f\u0131<\/p>\n\n\n\n<p>&nbsp;&nbsp;&nbsp;&nbsp;&nbsp;&nbsp;&nbsp;&nbsp;&nbsp;&nbsp;&nbsp;&nbsp;&nbsp;&nbsp; a-\u0130mar M\u00fcd\u00fcrl\u00fc\u011f\u00fc<\/p>\n\n\n\n<p>&nbsp;&nbsp;&nbsp;&nbsp;&nbsp;&nbsp;&nbsp;&nbsp;&nbsp;&nbsp;&nbsp;&nbsp;&nbsp;&nbsp; b-Fen \u0130\u015fleri M\u00fcd\u00fcrl\u00fc\u011f\u00fc veya Amirli\u011fi<\/p>\n\n\n\n<p>&nbsp;&nbsp;&nbsp;&nbsp;&nbsp;&nbsp;&nbsp;&nbsp;&nbsp;&nbsp;&nbsp;&nbsp;&nbsp;&nbsp; c- Zab\u0131ta M\u00fcd\u00fcrl\u00fc\u011f\u00fc<\/p>\n\n\n\n<p>Kendi belediye s\u0131n\u0131rlar\u0131 i\u00e7inde ASK\u0130\u2019nin y\u0131k\u0131m\u0131n\u0131 yapaca\u011f\u0131 \u201cka\u00e7ak tesis ve yap\u0131n\u0131n \u201cy\u0131k\u0131m\u0131 esnas\u0131nda ara\u00e7, ekipman, i\u015fg\u00fcc\u00fc deste\u011fini sa\u011flar ve y\u0131k\u0131m faaliyetlerinde g\u00f6zlemci olarak bulunur. Y\u00f6netmeli\u011fin 6. ve 7. maddelerindeki g\u00f6revleri yerine getirir.<\/p>\n\n\n\n<p>9.4-Valilik ya da Kaymakaml\u0131k<\/p>\n\n\n\n<p>Gerek g\u00f6r\u00fcl\u00fcrse, y\u0131k\u0131m mahallinde y\u0131k\u0131m ekibinin can g\u00fcvenli\u011finin sa\u011flanmas\u0131 i\u00e7in yeterli miktarda g\u00fcvenlik ekibinin ve y\u0131k\u0131m an\u0131nda do\u011fabilecek bir olaya kar\u015f\u0131 ivedi kurtarma i\u00e7in Sa\u011fl\u0131k Ekibinin bulundurulmas\u0131, Valilik ya da Kaymakaml\u0131ktan istenir. Bu durumda G\u00fcvenlik ve Sa\u011fl\u0131k Ekipleri gelmeden y\u0131k\u0131m i\u015flemine ba\u015flanmaz.<\/p>\n\n\n\n<p><strong>TESP\u0130T VE TEBL\u0130GAT ESASLARI<\/strong><\/p>\n\n\n\n<p><strong>Madde 10- a-<\/strong>Ka\u00e7ak tesis ve yap\u0131lar\u0131n tespiti ASK\u0130 G\u00f6revlileri taraf\u0131ndan yap\u0131l\u0131r. Yap\u0131lan tespitlerde tespit tutanaklar\u0131 muhtarlar taraf\u0131ndan da imza edilir ve yap\u0131 sahibinin bulunmamas\u0131 halinde tutana\u011f\u0131n bir sureti muhtarl\u0131\u011fa teslim edilir. Muhtarlar kendilerine b\u0131rak\u0131lan ve\/veya posta ile g\u00f6nderilen tebligatlar\u0131 ilgilisine tebli\u011f etmekle y\u00fck\u00fcml\u00fcd\u00fcr.<\/p>\n\n\n\n<p><strong>b-<\/strong>Ka\u00e7ak tesis ve yap\u0131lar\u0131n ASK\u0130 Y\u00f6netim Kurulunca al\u0131nan y\u0131k\u0131m kararlar\u0131 Tebligat Yasas\u0131 h\u00fck\u00fcmlerine g\u00f6re yap\u0131 sahibine tebli\u011f edilir.<\/p>\n\n\n\n<p><strong>YIKIM \u0130\u015eLEM SIRASI<\/strong><\/p>\n\n\n\n<p><strong>Madde 11<\/strong>&#8211; G\u00fcvenlik g\u00fc\u00e7leri binan\u0131n i\u00e7ini ve etraf\u0131n\u0131 bo\u015falt\u0131r ve gerekli emniyet tedbirlerini al\u0131r.<\/p>\n\n\n\n<p>Binada e\u015fya varsa ilgili belediye ba\u015fkanl\u0131\u011f\u0131 taraf\u0131ndan yed-i emin olarak teslim al\u0131n\u0131r ve y\u0131k\u0131m i\u015flemi ger\u00e7ekle\u015ftirir. Y\u0131k\u0131m karar\u0131 al\u0131nm\u0131\u015f olan yap\u0131lar i\u00e7in mahallinde y\u0131k\u0131m tutana\u011f\u0131 tanzim edilir. Birer \u00f6rne\u011fi ilgili Belediye imar yetkilisi ve B\u00fcy\u00fck\u015fehir (Fen \u0130\u015fleri) Belediyesi yetkililerine verilir.<\/p>\n\n\n\n<p><strong>YIKIM MASRAFLARININ TAHS\u0130L\u0130 ESASLARI<\/strong><\/p>\n\n\n\n<p><strong>Madde 12<\/strong>&#8211; Ka\u00e7ak Tesis ve Yap\u0131lar\u0131n y\u0131k\u0131m\u0131n\u0131n ASK\u0130 Genel M\u00fcd\u00fcrl\u00fc\u011f\u00fc taraf\u0131ndan yap\u0131lmas\u0131 halinde, kald\u0131rma (y\u0131k\u0131m) masraflar\u0131 2560 Say\u0131l\u0131 Kanunun 3009 Say\u0131l\u0131 Kanunla de\u011fi\u015fik 20.maddesinde s\u00f6z\u00fc edilen 6183 Say\u0131l\u0131 Amme Alacaklar\u0131n\u0131n Tahsili Usul\u00fc Hakk\u0131nda Kanun H\u00fck\u00fcmlerine uygun olarak ASK\u0130 Y\u00f6netim Kurulu Karar\u0131 do\u011frultusunda tahsil edilir.<\/p>\n\n\n\n<p>Ancak, Ka\u00e7ak Tesis ve Yap\u0131lar\u0131n ilgilisi taraf\u0131ndan yap\u0131lan tebligat \u00fczerine kendilerince kald\u0131r\u0131lmas\u0131 halinde herhangi bir bedel talep edilmez.<\/p>\n\n\n\n<p><strong>Y\u00dcR\u00dcRL\u00dcK<\/strong><\/p>\n\n\n\n<p><strong>Madde 13<\/strong>&#8211; Bu y\u00f6netmelik Genel Kurulun kabul\u00fcn\u00fc takiben ilan tarihinde y\u00fcr\u00fcrl\u00fc\u011fe girer.<\/p>\n\n\n\n<p><strong>Y\u00dcR\u00dcTME<\/strong><\/p>\n\n\n\n<p><strong>Madde 14-<\/strong> \u0130\u015fbu Y\u00f6netmeli\u011fi Ayd\u0131n Su ve Kanalizasyon \u0130daresi Genel M\u00fcd\u00fcr\u00fc y\u00fcr\u00fct\u00fcr.<\/p>\n","protected":false},"excerpt":{"rendered":"<p>AYDIN B\u00dcY\u00dcK\u015eEH\u0130R BELED\u0130YES\u0130 &nbsp;ASK\u0130 GENEL M\u00dcD\u00dcRL\u00dc\u011e\u00dc HAVZA YIKIM Y\u00d6NETMEL\u0130\u011e\u0130 AMA\u00c7: Madde 1&#8211; Ayd\u0131n \u0130li hudutlar\u0131 i\u00e7erisinde t\u00fcm yerle\u015fim birimlerine i\u00e7me ve kullanma suyu sa\u011flayacak \u00f6nemli y\u00fczeysel su kaynaklar\u0131nda gerek baraj g\u00f6llerinde birikecek suyun, gerekse baraj g\u00f6llerine su sa\u011flayan derelerin ve kaynaklar\u0131n sanayi, evsel ve her t\u00fcrl\u00fc kirletici at\u0131klarla kirletilmesini \u00f6nlemek ve havzadaki su kaynaklar\u0131n\u0131n korunmas\u0131n\u0131 [&hellip;]<\/p>\n","protected":false},"author":1,"featured_media":0,"parent":0,"menu_order":0,"comment_status":"closed","ping_status":"closed","template":"","meta":{"ngg_post_thumbnail":0,"footnotes":""},"class_list":["post-583","page","type-page","status-publish","hentry"],"_links":{"self":[{"href":"https:\/\/www.aydinaski.gov.tr\/index.php\/wp-json\/wp\/v2\/pages\/583","targetHints":{"allow":["GET"]}}],"collection":[{"href":"https:\/\/www.aydinaski.gov.tr\/index.php\/wp-json\/wp\/v2\/pages"}],"about":[{"href":"https:\/\/www.aydinaski.gov.tr\/index.php\/wp-json\/wp\/v2\/types\/page"}],"author":[{"embeddable":true,"href":"https:\/\/www.aydinaski.gov.tr\/index.php\/wp-json\/wp\/v2\/users\/1"}],"replies":[{"embeddable":true,"href":"https:\/\/www.aydinaski.gov.tr\/index.php\/wp-json\/wp\/v2\/comments?post=583"}],"version-history":[{"count":2,"href":"https:\/\/www.aydinaski.gov.tr\/index.php\/wp-json\/wp\/v2\/pages\/583\/revisions"}],"predecessor-version":[{"id":609,"href":"https:\/\/www.aydinaski.gov.tr\/index.php\/wp-json\/wp\/v2\/pages\/583\/revisions\/609"}],"wp:attachment":[{"href":"https:\/\/www.aydinaski.gov.tr\/index.php\/wp-json\/wp\/v2\/media?parent=583"}],"curies":[{"name":"wp","href":"https:\/\/api.w.org\/{rel}","templated":true}]}}