{"id":579,"date":"2022-09-21T11:26:37","date_gmt":"2022-09-21T08:26:37","guid":{"rendered":"http:\/\/localhost\/aydinaski\/?page_id=579"},"modified":"2022-12-02T16:44:55","modified_gmt":"2022-12-02T13:44:55","slug":"disiplin-kurullari-ve-disiplin-amirleri-yonetmeligi","status":"publish","type":"page","link":"https:\/\/www.aydinaski.gov.tr\/index.php\/disiplin-kurullari-ve-disiplin-amirleri-yonetmeligi\/","title":{"rendered":"Disiplin Kurullar\u0131 ve Disiplin Amirleri Y\u00f6netmeli\u011fi"},"content":{"rendered":"\n<p class=\"has-text-align-center\"><strong>AYDIN B\u00dcY\u00dcK\u015eEH\u0130R BELED\u0130YES\u0130<\/strong><\/p>\n\n\n\n<p class=\"has-text-align-center\"><strong>SU VE KANAL\u0130ZASYON \u0130DARES\u0130 GENEL M\u00dcD\u00dcRL\u00dc\u011e\u00dc<\/strong><\/p>\n\n\n\n<p class=\"has-text-align-center\"><strong>D\u0130S\u0130PL\u0130N KURULLARI VE D\u0130S\u0130PL\u0130N AM\u0130RLER\u0130 Y\u00d6NETMEL\u0130\u011e\u0130<\/strong><\/p>\n\n\n\n<p><strong>Ama\u00e7<\/strong><\/p>\n\n\n\n<p><strong>MADDE 1<\/strong>&#8211; (1) Bu Y\u00f6netmelik, 14\/07\/1965 tarihli 657 say\u0131l\u0131 Devlet Memurlar\u0131 Kanununun 134 \u00fcnc\u00fc maddesi uyar\u0131nca 17\/09\/1982 tarihli ve 8\/5336 say\u0131l\u0131 Bakanlar Kurulu Karar\u0131 ile y\u00fcr\u00fcrl\u00fc\u011fe konulan Disiplin Kurullar\u0131 ve Disiplin Amirleri Hakk\u0131nda Y\u00f6netmeli\u011fin 16 nc\u0131maddesi gere\u011fince; Ayd\u0131n Su ve Kanalizasyon \u0130daresi Genel M\u00fcd\u00fcrl\u00fc\u011f\u00fc\u2019nde g\u00f6revli memurlar\u0131n disiplin amirlerini belirlemek amac\u0131yla haz\u0131rlanm\u0131\u015ft\u0131r.<\/p>\n\n\n\n<p><strong>Kapsam<\/strong><\/p>\n\n\n\n<p><strong>MADDE 2<\/strong>&#8211; (1) Bu Y\u00f6netmelik, Ayd\u0131n Su ve Kanalizasyon \u0130daresi Genel M\u00fcd\u00fcrl\u00fc\u011f\u00fc\u2019nde g\u00f6revli memurlar hakk\u0131nda uygulan\u0131r.<\/p>\n\n\n\n<p><strong>Disiplin amirleri<\/strong><\/p>\n\n\n\n<p><strong>MADDE 3<\/strong>&#8211; (1) Disiplin amirleri, bu Y\u00f6netmeli\u011fin ekli \u00e7izelgesinde g\u00f6sterilmi\u015ftir.<\/p>\n\n\n\n<p><strong>Memurlar\u0131n disiplin i\u015fleri<\/strong><\/p>\n\n\n\n<p><strong>MADDE 4<\/strong>&#8211; (1) Memurlar\u0131n disiplin i\u015f ve i\u015flemlerinde Disiplin Kurullar\u0131 ve Disiplin Amirleri Hakk\u0131nda Y\u00f6netmelik h\u00fck\u00fcmleri uygulan\u0131r.<\/p>\n\n\n\n<p><strong>Y\u00fcr\u00fcrl\u00fckten Kald\u0131r\u0131lan H\u00fck\u00fcmler<\/strong><\/p>\n\n\n\n<p><strong>MADDE 5- <\/strong>(1)Bu y\u00f6netmeli\u011fin kabul\u00fcnden \u00f6nce y\u00fcr\u00fcrl\u00fckte olan, 29.05.2014 tarih, 4 say\u0131l\u0131 Genel Kurul karar\u0131 ile kabul edilen <strong>Ayd\u0131nB\u00fcy\u00fck\u015fehir Belediyesi ASK\u0130 Genel M\u00fcd\u00fcrl\u00fc\u011f\u00fc Disiplin ve Sicil Amirleri Y\u00f6netmeli\u011fi<\/strong> y\u00fcr\u00fcrl\u00fckten kald\u0131r\u0131lm\u0131\u015ft\u0131r.<\/p>\n\n\n\n<p><strong>Y\u00fcr\u00fcrl\u00fck<\/strong><\/p>\n\n\n\n<p><strong>MADDE 6<\/strong>&#8211; (1) Bu Y\u00f6netmelik, Ayd\u0131n Su ve Kanalizasyon \u0130daresi Genel M\u00fcd\u00fcrl\u00fc\u011f\u00fc Genel Kurulu\u2019nun karar\u0131 ile kabul\u00fc ve yay\u0131m\u0131 tarihinde y\u00fcr\u00fcrl\u00fc\u011fe girer.<\/p>\n\n\n\n<p><strong>Y\u00fcr\u00fctme<\/strong><\/p>\n\n\n\n<p><strong>MADDE 7<\/strong>&#8211; (1) Bu Y\u00f6netmeli\u011fi, Ayd\u0131n Su ve Kanalizasyon \u0130daresi Genel M\u00fcd\u00fcr\u00fc y\u00fcr\u00fct\u00fcr.<\/p>\n\n\n\n<p><strong>EK-1<\/strong><\/p>\n\n\n\n<p><strong>D\u0130S\u0130PL\u0130N AM\u0130RLER\u0130<\/strong><\/p>\n\n\n\n<figure class=\"wp-block-table\"><table><tbody><tr><td>&nbsp; <strong>UNVANI<\/strong> &nbsp;<\/td><td>&nbsp; <strong>D\u0130S\u0130PL\u0130N AM\u0130R\u0130<\/strong><\/td><td>&nbsp; <strong>\u00dcST D\u0130S\u0130PL\u0130N AM\u0130R\u0130<\/strong><\/td><\/tr><tr><td>GENEL M\u00dcD\u00dcR<\/td><td>B\u00dcY\u00dcK\u015eEH\u0130R<br>BELED\u0130YE BA\u015eKANI<\/td><td>&nbsp; &nbsp;<\/td><\/tr><tr><td>GENEL M\u00dcD\u00dcR YARDIMCISI<\/td><td>GENEL M\u00dcD\u00dcR<\/td><td>B\u00dcY\u00dcK\u015eEH\u0130R<br>BELED\u0130YE BA\u015eKANI<\/td><\/tr><tr><td>Y\u00d6NET\u0130M KURULU \u00dcYES\u0130<\/td><td>B\u00dcY\u00dcK\u015eEH\u0130R BELED\u0130YE BA\u015eKANI &nbsp;<\/td><td>&nbsp;<\/td><\/tr><tr><td>\u00d6ZEL KALEM M\u00dcD\u00dcR\u00dc<\/td><td>GENEL M\u00dcD\u00dcR<\/td><td>B\u00dcY\u00dcK\u015eEH\u0130R<br>BELED\u0130YE BA\u015eKANI<\/td><\/tr><tr><td>\u0130\u00c7 DENET\u00c7\u0130<\/td><td>GENEL M\u00dcD\u00dcR<\/td><td>B\u00dcY\u00dcK\u015eEH\u0130R<br>BELED\u0130YE BA\u015eKANI<\/td><\/tr><tr><td>TEFT\u0130\u015e KURULU BA\u015eKANI<\/td><td>GENEL M\u00dcD\u00dcR<\/td><td>B\u00dcY\u00dcK\u015eEH\u0130R<br>BELED\u0130YE BA\u015eKANI<\/td><\/tr><tr><td>1. HUKUK M\u00dc\u015eAV\u0130R\u0130<\/td><td>GENEL M\u00dcD\u00dcR<\/td><td>B\u00dcY\u00dcK\u015eEH\u0130R<br>BELED\u0130YE BA\u015eKANI<\/td><\/tr><tr><td>DA\u0130RE BA\u015eKANI<\/td><td>GENEL M\u00dcD\u00dcR<\/td><td>B\u00dcY\u00dcK\u015eEH\u0130R<br>BELED\u0130YE BA\u015eKANI<\/td><\/tr><tr><td>UZMAN, S\u0130V\u0130L SAVUNMA UZMANI<\/td><td>DA\u0130RE BA\u015eKANI<\/td><td>GENEL M\u00dcD\u00dcR<\/td><\/tr><tr><td>M\u00dcFETT\u0130\u015e VE M\u00dcFETT\u0130\u015e YARDIMCISI<\/td><td>TEFT\u0130\u015e KURULU BA\u015eKANI<\/td><td>GENEL M\u00dcD\u00dcR<\/td><\/tr><tr><td>HUKUK M\u00dc\u015eAV\u0130R\u0130, AVUKAT<\/td><td>1. HUKUK M\u00dc\u015eAV\u0130R\u0130<\/td><td>GENEL M\u00dcD\u00dcR<\/td><\/tr><tr><td>\u015eUBE M\u00dcD\u00dcR\u00dc<\/td><td>DA\u0130RE BA\u015eKANI<\/td><td>GENEL M\u00dcD\u00dcR<\/td><\/tr><tr><td>MAL\u0130 H\u0130ZMETLER UZMANI, MAL\u0130 H\u0130METLER UZMAN YARDIMCISI<\/td><td>MAL\u0130 H\u0130ZMETLER DA\u0130RE BA\u015eKANI<\/td><td>GENEL M\u00dcD\u00dcR<\/td><\/tr><tr><td>\u015eEF, AYN\u0130YAT SAYMANI, E\u011e\u0130TMEN, MUHASEBEC\u0130 VE D\u0130\u011eER MEMURLAR<\/td><td>DA\u0130RE BA\u015eKANI<\/td><td>GENEL M\u00dcD\u00dcR<\/td><\/tr><\/tbody><\/table><\/figure>\n\n\n\n<script>\n        function printCertificate() {\n            const originalContents = document.body.innerHTML;\n            <!--document.getElementById('btn_yazdir').style.display=\"none\";-->\n            const printContents = document.getElementById('av-primary-content').innerHTML;\n            document.body.innerHTML = printContents;\n            window.print();\n            document.body.innerHTML = originalContents;\n        }\n    <\/script>\n<button onclick=\"printCertificate()\" id=\"btn_yazdir\">Yazd\u0131r<\/button>\n<style type = \"text\/css\" media=\"print\">\n@media print {\n    #btn_yazdir {display:none;}\n}\n<\/style>\n","protected":false},"excerpt":{"rendered":"<p>AYDIN B\u00dcY\u00dcK\u015eEH\u0130R BELED\u0130YES\u0130 SU VE KANAL\u0130ZASYON \u0130DARES\u0130 GENEL M\u00dcD\u00dcRL\u00dc\u011e\u00dc D\u0130S\u0130PL\u0130N KURULLARI VE D\u0130S\u0130PL\u0130N AM\u0130RLER\u0130 Y\u00d6NETMEL\u0130\u011e\u0130 Ama\u00e7 MADDE 1&#8211; (1) Bu Y\u00f6netmelik, 14\/07\/1965 tarihli 657 say\u0131l\u0131 Devlet Memurlar\u0131 Kanununun 134 \u00fcnc\u00fc maddesi uyar\u0131nca 17\/09\/1982 tarihli ve 8\/5336 say\u0131l\u0131 Bakanlar Kurulu Karar\u0131 ile y\u00fcr\u00fcrl\u00fc\u011fe konulan Disiplin Kurullar\u0131 ve Disiplin Amirleri Hakk\u0131nda Y\u00f6netmeli\u011fin 16 nc\u0131maddesi gere\u011fince; Ayd\u0131n Su [&hellip;]<\/p>\n","protected":false},"author":1,"featured_media":0,"parent":0,"menu_order":0,"comment_status":"closed","ping_status":"closed","template":"","meta":{"ngg_post_thumbnail":0,"footnotes":""},"class_list":["post-579","page","type-page","status-publish","hentry"],"_links":{"self":[{"href":"https:\/\/www.aydinaski.gov.tr\/index.php\/wp-json\/wp\/v2\/pages\/579","targetHints":{"allow":["GET"]}}],"collection":[{"href":"https:\/\/www.aydinaski.gov.tr\/index.php\/wp-json\/wp\/v2\/pages"}],"about":[{"href":"https:\/\/www.aydinaski.gov.tr\/index.php\/wp-json\/wp\/v2\/types\/page"}],"author":[{"embeddable":true,"href":"https:\/\/www.aydinaski.gov.tr\/index.php\/wp-json\/wp\/v2\/users\/1"}],"replies":[{"embeddable":true,"href":"https:\/\/www.aydinaski.gov.tr\/index.php\/wp-json\/wp\/v2\/comments?post=579"}],"version-history":[{"count":3,"href":"https:\/\/www.aydinaski.gov.tr\/index.php\/wp-json\/wp\/v2\/pages\/579\/revisions"}],"predecessor-version":[{"id":2181,"href":"https:\/\/www.aydinaski.gov.tr\/index.php\/wp-json\/wp\/v2\/pages\/579\/revisions\/2181"}],"wp:attachment":[{"href":"https:\/\/www.aydinaski.gov.tr\/index.php\/wp-json\/wp\/v2\/media?parent=579"}],"curies":[{"name":"wp","href":"https:\/\/api.w.org\/{rel}","templated":true}]}}