{"id":53,"date":"2022-09-12T13:50:43","date_gmt":"2022-09-12T10:50:43","guid":{"rendered":"http:\/\/localhost:8080\/aydinaski\/?page_id=53"},"modified":"2024-09-30T09:06:05","modified_gmt":"2024-09-30T06:06:05","slug":"belediye-baskanimiz","status":"publish","type":"page","link":"https:\/\/www.aydinaski.gov.tr\/index.php\/belediye-baskanimiz\/","title":{"rendered":"Belediye Ba\u015fkan\u0131m\u0131z"},"content":{"rendered":"\n<figure class=\"wp-block-image size-full\"><img loading=\"lazy\" decoding=\"async\" width=\"848\" height=\"487\" src=\"https:\/\/www.aydinaski.gov.tr\/wp-content\/uploads\/2024\/09\/baskan_res.jpg\" alt=\"\" class=\"wp-image-8830\" srcset=\"https:\/\/www.aydinaski.gov.tr\/wp-content\/uploads\/2024\/09\/baskan_res.jpg 848w, https:\/\/www.aydinaski.gov.tr\/wp-content\/uploads\/2024\/09\/baskan_res-300x172.jpg 300w, https:\/\/www.aydinaski.gov.tr\/wp-content\/uploads\/2024\/09\/baskan_res-768x441.jpg 768w\" sizes=\"auto, (max-width: 848px) 100vw, 848px\" \/><\/figure>\n\n\n\n<p><strong>\u00d6zlem \u00c7ER\u00c7\u0130O\u011eLU <\/strong>11 A\u011fustos 1968&#8217;de\u00a0Nazilli-Ayd\u0131n&#8217;da do\u011fdu. \u0130lk, orta ve lise e\u011fitimini Nazilli\u2019 de tamamlayan \u00d6zlem \u00c7er\u00e7io\u011flu, 1988\u2019de Sel\u00e7uk \u00dcniversitesi\u2019nden mezun oldu. \u00dcniversite \u00f6\u011freniminden sonra yurtd\u0131\u015f\u0131nda ba\u015far\u0131l\u0131 \u00e7al\u0131\u015fmalara imza atarak ad\u0131ndan s\u00f6z ettirdi. \u00d6zellikle kurdu\u011fu sosyal ili\u015fkilerdeki ba\u015far\u0131s\u0131yla T\u00fcrk cemiyetlerinde g\u00f6rev ald\u0131, \u00f6zel sekt\u00f6rde \u00e7al\u0131\u015ft\u0131.<\/p>\n\n\n\n<p>E\u011fitime destek \u00e7al\u0131\u015fmalar\u0131, uyu\u015fturucuyla m\u00fccadele, sokak \u00e7ocuklar\u0131n\u0131 kazanma ve kad\u0131n haklar\u0131 gibi toplumsal i\u00e7erikli projelerde g\u00f6rev ald\u0131. 22. ve 23. d\u00f6nem Cumhuriyet Halk Partisi Ayd\u0131n Milletvekili olarak parlamentoya se\u00e7ildi.\u00a0<\/p>\n\n\n\n<p>Parlamentoda \u0130nsan Haklar\u0131n\u0131 \u0130nceleme Komisyonu&#8217;nda ve Sanayi Ticaret Enerji Tabii Kaynaklar Bilgi ve Teknoloji Komisyonu&#8217; nda g\u00f6rev alan \u00d6zlem \u00c7er\u00e7io\u011flu,\u00a0 Cumhuriyet Halk Partisi&#8217;nde Parti Meclisi \u00fcyeli\u011fi de yapt\u0131.<br><br>2009 y\u0131l\u0131nda Ayd\u0131n Belediye Ba\u015fkan\u0131 se\u00e7ildi.<\/p>\n\n\n\n<p>2014 y\u0131l\u0131nda Ayd\u0131n B\u00fcy\u00fck\u015fehir Belediye Ba\u015fkan\u0131 se\u00e7ildi.<\/p>\n\n\n\n<p>2019 y\u0131l\u0131nda da yeniden Ayd\u0131n B\u00fcy\u00fck\u015fehir Belediye Ba\u015fkanl\u0131\u011f\u0131\u2019 na se\u00e7ildi.<\/p>\n\n\n\n<p>2024 y\u0131l\u0131nda 4. kez yeniden Ayd\u0131n B\u00fcy\u00fck\u015fehir Belediye Ba\u015fkanl\u0131\u011f\u0131\u2019 na se\u00e7ildi.<\/p>\n\n\n\n<p>Ayd\u0131n\u2019in ilk kad\u0131n belediye ba\u015fkan\u0131 olan \u00d6zlem \u00c7er\u00e7io\u011flu, evli ve 2 \u00e7ocuk annesidir; ingilizce bilmektedir.<\/p>\n\n\n\n<p><\/p>\n","protected":false},"excerpt":{"rendered":"<p>\u00d6zlem \u00c7ER\u00c7\u0130O\u011eLU 11 A\u011fustos 1968&#8217;de\u00a0Nazilli-Ayd\u0131n&#8217;da do\u011fdu. \u0130lk, orta ve lise e\u011fitimini Nazilli\u2019 de tamamlayan \u00d6zlem \u00c7er\u00e7io\u011flu, 1988\u2019de Sel\u00e7uk \u00dcniversitesi\u2019nden mezun oldu. \u00dcniversite \u00f6\u011freniminden sonra yurtd\u0131\u015f\u0131nda ba\u015far\u0131l\u0131 \u00e7al\u0131\u015fmalara imza atarak ad\u0131ndan s\u00f6z ettirdi. \u00d6zellikle kurdu\u011fu sosyal ili\u015fkilerdeki ba\u015far\u0131s\u0131yla T\u00fcrk cemiyetlerinde g\u00f6rev ald\u0131, \u00f6zel sekt\u00f6rde \u00e7al\u0131\u015ft\u0131. E\u011fitime destek \u00e7al\u0131\u015fmalar\u0131, uyu\u015fturucuyla m\u00fccadele, sokak \u00e7ocuklar\u0131n\u0131 kazanma ve kad\u0131n haklar\u0131 [&hellip;]<\/p>\n","protected":false},"author":1,"featured_media":0,"parent":0,"menu_order":0,"comment_status":"closed","ping_status":"closed","template":"","meta":{"ngg_post_thumbnail":0,"footnotes":""},"class_list":["post-53","page","type-page","status-publish","hentry"],"_links":{"self":[{"href":"https:\/\/www.aydinaski.gov.tr\/index.php\/wp-json\/wp\/v2\/pages\/53","targetHints":{"allow":["GET"]}}],"collection":[{"href":"https:\/\/www.aydinaski.gov.tr\/index.php\/wp-json\/wp\/v2\/pages"}],"about":[{"href":"https:\/\/www.aydinaski.gov.tr\/index.php\/wp-json\/wp\/v2\/types\/page"}],"author":[{"embeddable":true,"href":"https:\/\/www.aydinaski.gov.tr\/index.php\/wp-json\/wp\/v2\/users\/1"}],"replies":[{"embeddable":true,"href":"https:\/\/www.aydinaski.gov.tr\/index.php\/wp-json\/wp\/v2\/comments?post=53"}],"version-history":[{"count":10,"href":"https:\/\/www.aydinaski.gov.tr\/index.php\/wp-json\/wp\/v2\/pages\/53\/revisions"}],"predecessor-version":[{"id":8832,"href":"https:\/\/www.aydinaski.gov.tr\/index.php\/wp-json\/wp\/v2\/pages\/53\/revisions\/8832"}],"wp:attachment":[{"href":"https:\/\/www.aydinaski.gov.tr\/index.php\/wp-json\/wp\/v2\/media?parent=53"}],"curies":[{"name":"wp","href":"https:\/\/api.w.org\/{rel}","templated":true}]}}