{"id":3,"date":"2022-09-12T09:16:27","date_gmt":"2022-09-12T06:16:27","guid":{"rendered":"http:\/\/localhost:8080\/aydinaski\/?page_id=3"},"modified":"2022-11-09T10:30:34","modified_gmt":"2022-11-09T07:30:34","slug":"gizlilik-politikasi","status":"publish","type":"page","link":"https:\/\/www.aydinaski.gov.tr\/index.php\/gizlilik-politikasi\/","title":{"rendered":"Gizlilik Politikas\u0131 (KVKK)"},"content":{"rendered":"\n<p>\u0130\u015fbu gizlilik politikas\u0131, Ayd\u0131n B\u00fcy\u00fck\u015fehir Bediyesi Su Ve Kanalizasyon \u0130daresi Genel M\u00fcd\u00fcrl\u00fc\u011f\u00fc (k\u0131saca <strong>&#8220;ASK\u0130&#8221;<\/strong> olarak adland\u0131r\u0131lacakt\u0131r.) taraf\u0131ndan y\u00fcr\u00fct\u00fclen t\u00fcm internet uygulamalar\u0131 ve \u00fc\u00e7\u00fcnc\u00fc parti yaz\u0131l\u0131mlar i\u00e7in ge\u00e7erlidir.<\/p>\n\n\n\n<p>ASK\u0130, ki\u015fisel verilerinizin hukuka uygun olarak toplanmas\u0131,saklanmas\u0131 ve payla\u015f\u0131lmas\u0131n\u0131 sa\u011flamak ve gizlili\u011finizi korumak amac\u0131yla m\u00fcmk\u00fcn olan en \u00fcstseviyede g\u00fcvenlik tedbirlerini almaktad\u0131r.<\/p>\n\n\n\n<p>\u0130\u015flemlere devam etmeden \u00f6nce 6698 say\u0131l\u0131 Ki\u015fisel Verilerin Korunmas\u0131 Kanunu&#8217;na (6698 say\u0131l\u0131 Kanun) ili\u015fkin a\u015fa\u011f\u0131daki metni onaylaman\u0131z\u0131 rica ederiz.<\/p>\n\n\n\n<p>6698 say\u0131l\u0131 Kanun uyar\u0131nca, ger\u00e7ek bir ki\u015finin kimli\u011fini belirli ya da belirlenebilir bir hale getirmeye yarayan her t\u00fcrl\u00fc bilgi ki\u015fisel veri kapsam\u0131ndad\u0131r. \u0130daremiz nezdindeki ki\u015fisel verileriniz a\u015fa\u011f\u0131da a\u00e7\u0131klanan sebep, ama\u00e7 ve y\u00f6ntemlerle, ilgili yasal d\u00fczenlemeler ve yasal otoritelerce \u00f6ng\u00f6r\u00fclen bilgi saklama, raporlama, bilgilendirme y\u00fck\u00fcml\u00fcl\u00fcklerine uyum gere\u011fi, Veri Sorumlusu s\u0131fat\u0131yla \u0130daremizce sistemlerimize kaydedilecek, depolanacak, muhafaza edilecek, saklanacak, yasal ya da finansal gerekler, nedenler ile s\u0131n\u0131fland\u0131r\u0131lacak, g\u00fcncellenecek ve mevzuat\u0131n izin verdi\u011fi durumlarda ve yasal s\u0131n\u0131rlar dahilinde 3. ki\u015filere a\u00e7\u0131klanabilecek\/devredilebilecek, s\u0131n\u0131fland\u0131r\u0131labilecek ve 6698 say\u0131l\u0131 Kanun\u2019da say\u0131lan \u015fekillerde i\u015flenebilecektir.<\/p>\n\n\n\n<p>6698 say\u0131l\u0131 Kanun uyar\u0131nca, ki\u015fisel verileriniz; veri sorumlusu olarak ASK\u0130 taraf\u0131ndan a\u015fa\u011f\u0131da a\u00e7\u0131klanan kapsamda toplanacak ve i\u015flenebilecektir.<\/p>\n\n\n\n<p>Ki\u015fisel verilerinizin hizmetlerimizde kullan\u0131lmas\u0131 s\u0131ras\u0131nda \u00f6zel hayat\u0131n\u0131z\u0131n gizlili\u011fi ve temel hak ve \u00f6zg\u00fcrl\u00fcklerin korunmas\u0131 temel prensibimizdir.<\/p>\n\n\n\n<h4 class=\"wp-block-heading\">K\u0130\u015e\u0130SEL VER\u0130LER\u0130N \u0130\u015eLENME AMACI<\/h4>\n\n\n\n<p>ASK\u0130, abonelerine sunmu\u015f oldu\u011fu hizmetleri en iyi ko\u015fullar alt\u0131nda sa\u011flayabilmek, hizmetlerini g\u00fcvenilir ve kesintisiz bir \u015fekilde temin etmek, abone memnuniyetini en \u00fcst seviyeye \u00e7\u0131karmak, \u00f6demelerin yap\u0131lmas\u0131, mezk\u00fbr hizmetlere ili\u015fkin \u00e7e\u015fitli i\u015flemlerin yerine getirilmesi ve geli\u015ftirilmesi ve taraf\u0131n\u0131zla akdedilen s\u00f6zle\u015fmelerin gereklerinin yerine getirilmesi ama\u00e7lar\u0131yla do\u011frudan veya dolayl\u0131 olarak ilgili olan kimlik bilgileri, adres bilgileri, ileti\u015fim bilgileri ve sair ki\u015fisel verileri elde eder, kaydeder, g\u00fcvenlikli sistemlerinde depolar, muhafaza eder, de\u011fi\u015ftirir, yeniden d\u00fczenler, mevzuata uygun bi\u00e7imde a\u00e7\u0131klar ve aktar\u0131r, devral\u0131r, s\u0131n\u0131fland\u0131r\u0131r, i\u015fler ya da verilerin kullan\u0131lmas\u0131n\u0131 engeller.<\/p>\n\n\n\n<h4 class=\"wp-block-heading\">K\u0130\u015e\u0130SEL VER\u0130LER\u0130N \u0130\u015eLENME AMA\u00c7LARI VE HUKUK\u0130 SEBEPLER\u0130<\/h4>\n\n\n\n<p>6502 say\u0131l\u0131 T\u00fcketicinin Korunmas\u0131 Hakk\u0131nda Kanun ba\u015fta olmak \u00fczere her t\u00fcrl\u00fc t\u00fcketici mevzuat\u0131, \u0130daremizin ba\u011fl\u0131 oldu\u011fu ve di\u011fer mevzuatlar kapsam\u0131nda, \u0130daremiz taraf\u0131ndan ya da \u0130daremize ba\u011fl\u0131 birimlerce sunulabilecek hizmetlerin tan\u0131t\u0131m ve da\u011f\u0131t\u0131m\u0131 i\u00e7in; bu hizmetlerde kullan\u0131lmak \u00fczere i\u015flem sahibinin bilgilerini tespit i\u00e7in kimlik, adres ve di\u011fer gerekli bilgileri kaydetmek; elektronik veya ka\u011f\u0131t ortam\u0131nda i\u015fleme dayanak olacak t\u00fcm kay\u0131t ve belgeleri d\u00fczenlemek; di\u011fer otoritelerce \u00f6ng\u00f6r\u00fclen bilgi saklama, raporlama, bilgilendirme y\u00fck\u00fcml\u00fcl\u00fcklerine uymak; talep edilen hizmetleri sunabilmek; kar\u015f\u0131l\u0131kl\u0131 aktedilen s\u00f6zle\u015fmelerin ifas\u0131 amac\u0131yla; abone gruplar\u0131n\u0131n tespit edilmesi, abonelerin ihtiya\u00e7lar\u0131na g\u00f6re \u00e7al\u0131\u015fma\/geli\u015ftirme yap\u0131lmas\u0131, faaliyet izni kapsam\u0131nda hizmet sunulmas\u0131 gibi yasalarla belirlenmi\u015f ama\u00e7larla ki\u015fisel verileriniz \u0130daremizce i\u015flenebilmektedir<\/p>\n\n\n\n<h4 class=\"wp-block-heading\">\u0130\u015eLENEN K\u0130\u015e\u0130SEL VER\u0130LER\u0130N AKTARILAB\u0130LECE\u011e\u0130 K\u0130\u015e\u0130LER VE AKTARMA AMACI<\/h4>\n\n\n\n<p>ASK\u0130, ki\u015fisel verilerinizi mevzuat h\u00fck\u00fcmlerine uygun olarak, \u0130zmir B\u00fcy\u00fck\u015fehir Belediyesi ve ba\u011fl\u0131 kurulu\u015flar\u0131na, \u00fcniversitelere, kamu kurum ve kurulu\u015flar\u0131na, kartl\u0131 \u00f6deme sistemleri kurum ve kurulu\u015flar\u0131na, taraf\u0131n\u0131za verilecek olan hizmetlerin veya faaliyetlerin y\u00fcr\u00fct\u00fclmesi i\u00e7in hizmet al\u0131nan veya birlikte \u00e7al\u0131\u015f\u0131lan i\u015f ortaklar\u0131na ve hizmet sa\u011flay\u0131c\u0131lar\u0131na; ASK\u0130\u2019nin bizzat veya alt y\u00fckleniciler eliyle y\u00fcr\u00fctt\u00fc\u011f\u00fc hizmetlerin sa\u011flanmas\u0131, sa\u011flanan hizmetlerin g\u00fcvenilir ve kesintisiz bir \u015fekilde temin edilmesi, abone memnuniyetinin en \u00fcst seviyeye \u00e7\u0131kar\u0131lmas\u0131, \u00f6demelerin yap\u0131lmas\u0131, mezk\u00fbr hizmetlere ili\u015fkin \u00e7e\u015fitli i\u015flemlerin yerine getirilmesi, taraf\u0131n\u0131zla akdedilen s\u00f6zle\u015fmelerin gereklerinin yerine getirilmesi, istatistiklerin tutulmas\u0131, \u0130dare i\u00e7i planlamalar yap\u0131lmas\u0131, tan\u0131t\u0131m ve bilgi ara\u015ft\u0131rmalar\u0131 faaliyetlerinin ger\u00e7ekle\u015ftirilmesi ama\u00e7lar\u0131yla veri aktar\u0131m\u0131 yap\u0131labilir. Ayr\u0131ca ASK\u0130, ilgili mevzuat uyar\u0131nca kamu otoriteleri taraf\u0131ndan istenen bilgileri, bilgilendirme y\u00fck\u00fcml\u00fcl\u00fcklerine uymak amac\u0131yla mezk\u00fbr otoritelere raporlar. Bu madde kapsam\u0131nda aktar\u0131lan verileriniz, aktar\u0131m\u0131n ger\u00e7ekle\u015fti\u011fi \u00fc\u00e7\u00fcnc\u00fc ki\u015filer taraf\u0131ndan ki\u015fisel verilerin korunmas\u0131 mevzuat\u0131na uygun olarak elde edilebilir, kaydedilebilir, depolanabilir, muhafaza edilebilir, de\u011fi\u015ftirilebilir, yeniden d\u00fczenlenebilir, a\u00e7\u0131klanabilir, aktar\u0131labilir, devral\u0131nabilir, s\u0131n\u0131fland\u0131r\u0131labilir, i\u015flenebilir ya da verilerin kullan\u0131m\u0131 engellenebilir.<\/p>\n\n\n\n<h4 class=\"wp-block-heading\">K\u0130\u015e\u0130SEL VER\u0130 TOPLAMANIN Y\u00d6NTEM\u0130<\/h4>\n\n\n\n<p>Ki\u015fisel verileriniz ilgili mevzuatlar uyar\u0131nca onay ve\/veya imzan\u0131zla tanzim edilen i\u015flemlere ili\u015fkin t\u00fcm beyanname\/bilgilendirme formlar\u0131 ve sair belgelerle, elektronik onay ve\/veya imzan\u0131z ile yapaca\u011f\u0131n\u0131z bildirimlerle, \u0130daremize ba\u011fl\u0131 hizmet birimleri, internet sayfalar\u0131, \u00e7a\u011fr\u0131 merkezleri, kiosklar ve hizmet verilen noktalar arac\u0131l\u0131\u011f\u0131yla s\u00f6zl\u00fc ve\/veya yaz\u0131l\u0131 olarak ya da g\u00fcvenlikli elektronik ortamlar arac\u0131l\u0131\u011f\u0131yla ve hizmet ifas\u0131 gere\u011fi akdedilen s\u00f6zle\u015fmeler uyar\u0131nca toplanabilir<\/p>\n\n\n\n<h4 class=\"wp-block-heading\">K\u0130\u015e\u0130SEL VER\u0130LER\u0130N S\u0130L\u0130NMES\u0130, YOK ED\u0130LMES\u0130 VEYA ANON\u0130M H\u00c2LE GET\u0130R\u0130LMES\u0130<\/h4>\n\n\n\n<p>6698 say\u0131l\u0131 Kanun ve ilgili di\u011fer kanun h\u00fck\u00fcmlerine uygun olarak i\u015flenmi\u015f olmas\u0131na ra\u011fmen, i\u015flenmesini gerektiren sebeplerin ortadan kalkmas\u0131 h\u00e2linde ki\u015fisel veriler resen veya ilgili ki\u015finin talebi \u00fczerine veri sorumlusu taraf\u0131ndan silinir, yok edilir veya anonim h\u00e2le getirilir. Ancak kesinle\u015fmi\u015f bir mahkeme karar\u0131n\u0131n s\u00f6z konusu olmas\u0131 halinde mahkeme karar\u0131 ile h\u00fckmedilen imha y\u00f6ntemi uygulanmak zorundad\u0131r.<\/p>\n\n\n\n<p>Ki\u015fisel verilerin silinmesi, yok edilmesi veya anonim hale getirilmesinde 6698 say\u0131l\u0131 Kanun&#8217;un 4 \u00fcnc\u00fc maddesindeki genel ilkeler ile 12 nci maddesi kapsam\u0131nda al\u0131nmas\u0131 gereken teknik ve idari tedbirlere, ilgili mevzuat h\u00fck\u00fcmlerine, Kurul kararlar\u0131na ve kesinle\u015fmi\u015f bir mahkeme karar\u0131n\u0131n s\u00f6z konusu olmas\u0131 halinde mahkeme karar\u0131 ile h\u00fckmedilen imha y\u00f6ntemine uygun hareket edilmesi zorunludur<\/p>\n\n\n\n<p>Ki\u015fisel verilerin silinmesi, yok edilmesi ve anonim hale getirilmesiyle ilgili yap\u0131lan b\u00fct\u00fcn i\u015flemler kay\u0131t alt\u0131na al\u0131n\u0131r ve s\u00f6z konusu kay\u0131tlar, di\u011fer hukuki y\u00fck\u00fcml\u00fcl\u00fckler hari\u00e7 olmak \u00fczere en az \u00fc\u00e7 y\u0131l s\u00fcreyle saklan\u0131r.<\/p>\n\n\n\n<p>Ki\u015fisel verilerin silinmesi, yok edilmesi veya anonim h\u00e2le getirilmesine ili\u015fkin di\u011fer kanunlarda yer alan h\u00fck\u00fcmler sakl\u0131d\u0131r.<\/p>\n\n\n\n<h4 class=\"wp-block-heading\">KANUN\u2019UN 11 \u0130NC\u0130 MADDES\u0130 GERE\u011e\u0130 HAKLARINIZ<\/h4>\n\n\n\n<p>6698 say\u0131l\u0131 Kanun gere\u011fince \u0130daremize ba\u015fvurarak, ki\u015fisel verilerinizin;<\/p>\n\n\n\n<ol class=\"wp-block-list\" type=\"a\">\n<li>\u0130\u015flenip i\u015flenmedi\u011fini \u00f6\u011frenme,<\/li>\n\n\n\n<li>\u0130\u015flenmi\u015fse bilgi talep etme,<\/li>\n\n\n\n<li>\u0130\u015flenme amac\u0131n\u0131 ve amac\u0131na uygun kullan\u0131p kullan\u0131lmad\u0131\u011f\u0131n\u0131 \u00f6\u011frenme,<\/li>\n\n\n\n<li>Yurt i\u00e7inde\/yurt d\u0131\u015f\u0131nda aktar\u0131ld\u0131\u011f\u0131 3. Ki\u015fileri bilme,<\/li>\n\n\n\n<li>Eksik\/yanl\u0131\u015f i\u015flenmi\u015fse d\u00fczeltilmesini isteme,<\/li>\n\n\n\n<li><a><\/a> Kanun\u2019un 7 nci maddesinde \u00f6ng\u00f6r\u00fclen \u015fartlar \u00e7er\u00e7evesinde silinmesini\/yok edilmesini isteme,<\/li>\n\n\n\n<li>Aktar\u0131ld\u0131\u011f\u0131 3 \u00fcnc\u00fc ki\u015filere yukar\u0131da say\u0131lan (d) ve (e) bentleri uyar\u0131nca yap\u0131lan i\u015flemlerin bildirilmesini isteme,<\/li>\n\n\n\n<li>M\u00fcnhas\u0131ran otomatik sistemler ile analiz edilmesi nedeniyle aleyhinize bir sonucun ortaya \u00e7\u0131kmas\u0131na itiraz etme,<\/li>\n\n\n\n<li>Kanuna ayk\u0131r\u0131 olarak i\u015flenmesi sebebiyle zarara u\u011framan\u0131z h\u00e2linde zarar\u0131n giderilmesini talep etme hakk\u0131na sahipsiniz<\/li>\n<\/ol>\n\n\n\n<h2 class=\"wp-block-heading\">\u00c7erez Politikas\u0131<\/h2>\n\n\n\n<p>Web sitemize \u015fahsi herhangi bir bilgi vermeden ziyaret edebilir, \u00fcr\u00fcnlerimiz ve servislerimiz<br>hakk\u0131nda bilgi alarak ihtiya\u00e7lar\u0131n\u0131z\u0131 kar\u015f\u0131layabilirsiniz. Ziyaretlerde site kullan\u0131m\u0131na ili\u015fkin bilgi<br>toplamak i\u00e7in \u00e7erez kullan\u0131lmaktad\u0131r. Buradaki amac\u0131m\u0131z; web sitemizi ziyaret eden kullan\u0131c\u0131ya<br>kolayl\u0131k sa\u011flamak ve daha iyi bir internet deneyimi sunmakt\u0131r.<\/p>\n\n\n\n<p><strong>\u00c7erez <\/strong>bir internet sitesinin d\u00fczg\u00fcn bir \u015fekilde \u00e7al\u0131\u015fmas\u0131, kullan\u0131c\u0131 deneyiminin iyile\u015ftirilmesi, sitenin<br>geli\u015ftirilmesi ve optimize edilmesi ve  ziyaret\u00e7iler i\u00e7in ilgi \u00e7ekici ve ki\u015fiselle\u015ftirilmi\u015f bir internet sitesi\/uygulama ve reklam portf\u00f6y\u00fc sunmak amac\u0131yla cihazlara (bilgisayar, telefon, tablet) yerle\u015ftirilen k\u00fc\u00e7\u00fck veri par\u00e7ac\u0131klar\u0131d\u0131r.<\/p>\n\n\n\n<p><br><strong>\u00c7erez T\u00fcrleri:<\/strong> \u00c7erezler farkl\u0131 s\u0131n\u0131fland\u0131rma t\u00fcrlerine g\u00f6re farkl\u0131 t\u00fcrlerde g\u00f6r\u00fcnebilirler.<br>Ge\u00e7erlilik s\u00fcrelerine g\u00f6re Kal\u0131c\u0131 \u00c7erez ve Ge\u00e7ici \u00c7erez olarak iki \u00e7erez tipi bulunmaktad\u0131r. Ge\u00e7ici<br>\u00e7erezler internet sitesini ziyaret etti\u011finiz esnada olu\u015fturulur ve sadece taray\u0131c\u0131n\u0131z\u0131 kapat\u0131ncaya<br>kadar ge\u00e7erlidirler. Kal\u0131c\u0131 \u00e7erezler ise internet sitesini ziyaret etti\u011finizde olu\u015fturulur ve siz silinceye<br>veya s\u00fcreleri doluncaya kadar kal\u0131rlar. Ayarlar\u0131n\u0131z ile uyumlu ki\u015fiselle\u015ftirilmi\u015f bir deneyim sunma<br>gibi i\u015flemler yapmak i\u00e7in kal\u0131c\u0131 \u00e7erezler kullan\u0131l\u0131rlar.<\/p>\n\n\n\n<p>Zorunlu \u00e7erezler internet sitesinin d\u00fczg\u00fcn bir \u015fekilde \u00e7al\u0131\u015fabilmesi ve kullan\u0131c\u0131lar\u0131n sitede gezinme<br>ve \u00f6zelliklerinden yararlanmas\u0131n\u0131 sa\u011flar. Zorunlu \u00e7erezler anonim niteliktedirler.<br>\u0130\u015flevsel ve Analitik \u00e7erezler tercihlerinizi hat\u0131rlamak, internet sitesinin etkin \u015fekilde kullan\u0131lmas\u0131,<br>sitenin kullan\u0131c\u0131 isteklerine cevap verecek \u015fekilde optimize edilmesi ve ziyaret\u00e7ilerin siteyi nas\u0131l<br>kulland\u0131\u011f\u0131 hakk\u0131nda verileri i\u00e7erir. Niteli\u011fi gere\u011fi bu t\u00fcrdeki \u00e7erezler kullan\u0131c\u0131 ad\u0131 vb. ki\u015fisel<br>bilgilerinizi i\u00e7erebilir. Ki\u015fisel veri i\u015flenmesi s\u00f6z konusu oldu\u011fu takdirde ASK\u0130\u2019nin Ki\u015fisel Verilerin<br>Korunmas\u0131 Hakk\u0131nda Politikalar\u0131na ve Ayd\u0131nlatma Metinlerine uygun olarak a\u00e7\u0131k r\u0131za al\u0131nmas\u0131<br>gerekti\u011fi hallerde r\u0131zan\u0131z al\u0131narak veri i\u015fleme faaliyeti ger\u00e7ekle\u015ftirilecektir.<\/p>\n\n\n\n<p><strong>\u00c7erez \u0130zinleri:<\/strong> ASK\u0130\u2019 ye ait internet siteleri\/mobil uygulamalar\u0131\/mobil internet sitelerini kullanarak<br>\u00e7erezlerin Politika kapsam\u0131nda uyumlu \u015fekilde kullan\u0131lmas\u0131na onay vermi\u015f olursunuz. Elektronik<br>cihaz\u0131n\u0131zda \u00c7erez uygulamalar\u0131m\u0131z\u0131 kabul etmek istemiyorsan\u0131z \u00c7erez uygulamas\u0131n\u0131<br>reddedebilirsiniz. \u00c7erezleri reddetmeniz durumunda internet sitemiz veya mobil uygulamalar\u0131m\u0131z<br>gerekti\u011fi gibi \u00e7al\u0131\u015fmayabilir veya talep etti\u011finiz hizmetlerin sunulmas\u0131 s\u0131ras\u0131nda aksakl\u0131klara neden<br>olabilir.<br>\u00c7erezlerin kullan\u0131m\u0131 hakk\u0131nda bilgilendirme ASK\u0130\u2019ye ait internet siteleri\/mobil uygulamalar\u0131\/mobil<br>internet sitelerine yap\u0131lacak ilk ziyarette a\u00e7\u0131l\u0131r pencere ile verilecektir. Bu pencereyi kapatt\u0131\u011f\u0131n\u0131zda<br>kabul etmi\u015f say\u0131lacaks\u0131n\u0131z.<\/p>\n\n\n\n<p><strong>\u00c7erez Y\u00f6netimi:<\/strong> \u00c7erezleri devre d\u0131\u015f\u0131 b\u0131rakana kadar depolanm\u0131\u015f olan \u00e7erez verilerini y\u00f6netebilir<br>ve temizleyebilirsiniz. Bu ayarlar\u0131n yeri kulland\u0131\u011f\u0131n\u0131z taray\u0131c\u0131ya g\u00f6re de\u011fi\u015fmektedir. Taray\u0131c\u0131n\u0131zdaki<br>&#8220;Yard\u0131m&#8221; fonksiyonunu kullanarak ilgili ayarlar\u0131n yerini bulabilirsiniz.<\/p>\n\n\n\n<h2 class=\"wp-block-heading\">Di\u011fer sitelerden g\u00f6m\u00fclen i\u00e7erik<\/h2>\n\n\n\n<p>Bu sitedeki makaleler g\u00f6m\u00fcl\u00fc i\u00e7erik (\u00f6r. videolar, g\u00f6rseller, makaleler, vb.) i\u00e7erebilir. Di\u011fer web sitelerinden g\u00f6m\u00fclen i\u00e7erik, ziyaret\u00e7inin di\u011fer web sitesini ziyaret etmi\u015f gibi davran\u0131r.<\/p>\n\n\n\n<p>Y\u00f6nlendirildi\u011finiz internet siteleri sizin hakk\u0131n\u0131zda veri toplayabilir, \u00e7erez kullanabilir, bir hesab\u0131n\u0131z varsa ve bu web sitesinde oturum a\u00e7t\u0131ysan\u0131z, g\u00f6m\u00fclen i\u00e7erikle etkle\u015fiminizi takip etme dahil olmak \u00fczere, bu g\u00f6m\u00fclen i\u00e7erikle etkile\u015fiminizi izleyebilir.<\/p>\n\n\n\n<p><\/p>\n","protected":false},"excerpt":{"rendered":"<p>\u0130\u015fbu gizlilik politikas\u0131, Ayd\u0131n B\u00fcy\u00fck\u015fehir Bediyesi Su Ve Kanalizasyon \u0130daresi Genel M\u00fcd\u00fcrl\u00fc\u011f\u00fc (k\u0131saca &#8220;ASK\u0130&#8221; olarak adland\u0131r\u0131lacakt\u0131r.) taraf\u0131ndan y\u00fcr\u00fct\u00fclen t\u00fcm internet uygulamalar\u0131 ve \u00fc\u00e7\u00fcnc\u00fc parti yaz\u0131l\u0131mlar i\u00e7in ge\u00e7erlidir. ASK\u0130, ki\u015fisel verilerinizin hukuka uygun olarak toplanmas\u0131,saklanmas\u0131 ve payla\u015f\u0131lmas\u0131n\u0131 sa\u011flamak ve gizlili\u011finizi korumak amac\u0131yla m\u00fcmk\u00fcn olan en \u00fcstseviyede g\u00fcvenlik tedbirlerini almaktad\u0131r. \u0130\u015flemlere devam etmeden \u00f6nce 6698 say\u0131l\u0131 Ki\u015fisel [&hellip;]<\/p>\n","protected":false},"author":1,"featured_media":0,"parent":0,"menu_order":0,"comment_status":"closed","ping_status":"open","template":"","meta":{"ngg_post_thumbnail":0,"footnotes":""},"class_list":["post-3","page","type-page","status-publish","hentry"],"_links":{"self":[{"href":"https:\/\/www.aydinaski.gov.tr\/index.php\/wp-json\/wp\/v2\/pages\/3","targetHints":{"allow":["GET"]}}],"collection":[{"href":"https:\/\/www.aydinaski.gov.tr\/index.php\/wp-json\/wp\/v2\/pages"}],"about":[{"href":"https:\/\/www.aydinaski.gov.tr\/index.php\/wp-json\/wp\/v2\/types\/page"}],"author":[{"embeddable":true,"href":"https:\/\/www.aydinaski.gov.tr\/index.php\/wp-json\/wp\/v2\/users\/1"}],"replies":[{"embeddable":true,"href":"https:\/\/www.aydinaski.gov.tr\/index.php\/wp-json\/wp\/v2\/comments?post=3"}],"version-history":[{"count":3,"href":"https:\/\/www.aydinaski.gov.tr\/index.php\/wp-json\/wp\/v2\/pages\/3\/revisions"}],"predecessor-version":[{"id":1708,"href":"https:\/\/www.aydinaski.gov.tr\/index.php\/wp-json\/wp\/v2\/pages\/3\/revisions\/1708"}],"wp:attachment":[{"href":"https:\/\/www.aydinaski.gov.tr\/index.php\/wp-json\/wp\/v2\/media?parent=3"}],"curies":[{"name":"wp","href":"https:\/\/api.w.org\/{rel}","templated":true}]}}