{"id":2802,"date":"2023-04-27T15:05:27","date_gmt":"2023-04-27T12:05:27","guid":{"rendered":"https:\/\/www.aydinaski.gov.tr\/?page_id=2802"},"modified":"2023-04-27T15:07:38","modified_gmt":"2023-04-27T12:07:38","slug":"7440-sayili-yeniden-yapilandirma-kanunu","status":"publish","type":"page","link":"https:\/\/www.aydinaski.gov.tr\/index.php\/7440-sayili-yeniden-yapilandirma-kanunu\/","title":{"rendered":"7440 Say\u0131l\u0131 Yeniden Yap\u0131land\u0131rma Kanunu"},"content":{"rendered":"\n<p>12.03.2023 tarihinde resmi gazetede yay\u0131nlanan, baz\u0131 alacaklar\u0131n yeniden yap\u0131land\u0131r\u0131lmas\u0131 ile ilgili kanun gere\u011fince 31.12.2022 tarihi ve \u00f6ncesindeki bor\u00e7lar ilgili kanun \u00e7er\u00e7evesinde yeniden yap\u0131land\u0131r\u0131lacakt\u0131r.<\/p>\n\n\n\n<p>Kanundan yararlanmak isteyen vatanda\u015flar\u0131m\u0131z\u0131n 31.05.2023 (Son g\u00fcn) tarihine kadar, abone servislerimize bizzat ba\u015fvuru yapmalar\u0131 gerekmektedir.<\/p>\n\n\n\n<p>Kanunun orjinal metnine ula\u015fmak i\u00e7in <a href=\"https:\/\/www.gib.gov.tr\/sites\/default\/files\/fileadmin\/mevzuatek\/7440\/7440.pdf\" data-type=\"URL\" data-id=\"https:\/\/www.gib.gov.tr\/sites\/default\/files\/fileadmin\/mevzuatek\/7440\/7440.pdf\" target=\"_blank\" rel=\"noreferrer noopener\">t\u0131klay\u0131n\u0131z.<\/a><\/p>\n","protected":false},"excerpt":{"rendered":"<p>12.03.2023 tarihinde resmi gazetede yay\u0131nlanan, baz\u0131 alacaklar\u0131n yeniden yap\u0131land\u0131r\u0131lmas\u0131 ile ilgili kanun gere\u011fince 31.12.2022 tarihi ve \u00f6ncesindeki bor\u00e7lar ilgili kanun \u00e7er\u00e7evesinde yeniden yap\u0131land\u0131r\u0131lacakt\u0131r. Kanundan yararlanmak isteyen vatanda\u015flar\u0131m\u0131z\u0131n 31.05.2023 (Son g\u00fcn) tarihine kadar, abone servislerimize bizzat ba\u015fvuru yapmalar\u0131 gerekmektedir. Kanunun orjinal metnine ula\u015fmak i\u00e7in t\u0131klay\u0131n\u0131z.<\/p>\n","protected":false},"author":1,"featured_media":0,"parent":0,"menu_order":0,"comment_status":"closed","ping_status":"closed","template":"","meta":{"ngg_post_thumbnail":0,"footnotes":""},"class_list":["post-2802","page","type-page","status-publish","hentry"],"_links":{"self":[{"href":"https:\/\/www.aydinaski.gov.tr\/index.php\/wp-json\/wp\/v2\/pages\/2802","targetHints":{"allow":["GET"]}}],"collection":[{"href":"https:\/\/www.aydinaski.gov.tr\/index.php\/wp-json\/wp\/v2\/pages"}],"about":[{"href":"https:\/\/www.aydinaski.gov.tr\/index.php\/wp-json\/wp\/v2\/types\/page"}],"author":[{"embeddable":true,"href":"https:\/\/www.aydinaski.gov.tr\/index.php\/wp-json\/wp\/v2\/users\/1"}],"replies":[{"embeddable":true,"href":"https:\/\/www.aydinaski.gov.tr\/index.php\/wp-json\/wp\/v2\/comments?post=2802"}],"version-history":[{"count":2,"href":"https:\/\/www.aydinaski.gov.tr\/index.php\/wp-json\/wp\/v2\/pages\/2802\/revisions"}],"predecessor-version":[{"id":2805,"href":"https:\/\/www.aydinaski.gov.tr\/index.php\/wp-json\/wp\/v2\/pages\/2802\/revisions\/2805"}],"wp:attachment":[{"href":"https:\/\/www.aydinaski.gov.tr\/index.php\/wp-json\/wp\/v2\/media?parent=2802"}],"curies":[{"name":"wp","href":"https:\/\/api.w.org\/{rel}","templated":true}]}}