{"id":2559,"date":"2023-02-27T09:03:55","date_gmt":"2023-02-27T06:03:55","guid":{"rendered":"https:\/\/www.aydinaski.gov.tr\/?page_id=2559"},"modified":"2023-02-27T09:51:48","modified_gmt":"2023-02-27T06:51:48","slug":"devam-eden-projelerimiz","status":"publish","type":"page","link":"https:\/\/www.aydinaski.gov.tr\/index.php\/devam-eden-projelerimiz\/","title":{"rendered":"Devam Eden Yat\u0131r\u0131m Projelerimiz"},"content":{"rendered":"\n<table id=\"tablepress-7\" class=\"tablepress tablepress-id-7\">\n<thead>\n<tr class=\"row-1 odd\">\n\t<th class=\"column-1\">Proje Ad\u0131<\/th><th class=\"column-2\">Durumu<\/th><th class=\"column-3\">Detay<\/th>\n<\/tr>\n<\/thead>\n<tbody class=\"row-hover\">\n<tr class=\"row-2 even\">\n\t<td class=\"column-1\">Ku\u015fadas\u0131 \u0130l\u00e7esi Davutlar-G\u00fczel\u00e7aml\u0131 Mah. Kanalizasyon Hatt\u0131 \u0130n\u015faat\u0131<\/td><td class=\"column-2\">G\u00fczel\u00e7eml\u0131 Mh. \u00d8630 luk hat palplanj \u00e7ak\u0131m\u0131 ve kaz\u0131 \u00e7al\u0131\u015fmalar\u0131 devam ediyor.<\/td><td class=\"column-3\"><a href=\"https:\/\/www.aydinaski.gov.tr\/index.php\/2023\/08\/16\/kusadasi-ilcesi-davutlar-guzelcamli-mah-kanalizasyon-hatti-insaati\/\">Detay i\u00e7in t\u0131klay\u0131n\u0131z.<\/a><\/td>\n<\/tr>\n<tr class=\"row-3 odd\">\n\t<td class=\"column-1\">S\u00f6ke Karakaya \u0130\u00e7me Suyu Hatt\u0131<\/td><td class=\"column-2\">\u00c7elik boru hat d\u00f6\u015femesi bitti, hatta su verildi. Sanat yap\u0131lar\u0131 ve betonlama kal\u0131p \u00e7al\u0131\u015fmalar\u0131 devam ediyor.<\/td><td class=\"column-3\"><a href=\"https:\/\/www.aydinaski.gov.tr\/index.php\/2023\/08\/16\/soke-karakaya-icme-suyu-hatti\/\">Detay i\u00e7in t\u0131klay\u0131n\u0131z.<\/a><\/td>\n<\/tr>\n<tr class=\"row-4 even\">\n\t<td class=\"column-1\">S\u00f6ke Atburgaz\u0131-Tuzburgaz\u0131 ve Do\u011fanbey \u0130\u00e7me Suyu Yap\u0131m\u0131<\/td><td class=\"column-2\">\u0130\u00e7mesuyu hat \u00e7al\u0131\u015fmalar\u0131 tamamland\u0131 ve hatta su verildi. Ge\u00e7ici K\u0131smi Kabul yap\u0131ld\u0131. Do\u011fanbey Mh. \u0130\u00e7mesuyu deposu i\u00e7in izin yaz\u0131s\u0131 geldi. Haz\u0131rl\u0131klar yap\u0131l\u0131yor.<\/td><td class=\"column-3\"><a href=\"https:\/\/www.aydinaski.gov.tr\/index.php\/2023\/08\/16\/soke-atburgazi-tuzburgazi-ve-doganbey-icme-suyu-yapimi\/\">Detay i\u00e7in t\u0131klay\u0131n\u0131z.<\/a><\/td>\n<\/tr>\n<tr class=\"row-5 odd\">\n\t<td class=\"column-1\">Buharkent (Ayd\u0131n) Kanalizasyon, Ya\u011fmur Suyu, \u0130\u00e7me Suyu ve At\u0131k Su Ar\u0131tma Tesisi Yap\u0131m\u0131<\/td><td class=\"column-2\">- \u0130stiklal Mahallesi bir ekip \u00d8110 luk i\u00e7mesuyu \u015febeke hatt\u0131,<br \/>\n- \u0130stiklal Mahallesi bir ekip \u00d8200 l\u00fck kanalizasyon hatt\u0131,<br \/>\n- \u0130stiklal Mahallesi bir ekip \u0131zgara ekibi,<br \/>\n<\/td><td class=\"column-3\"><a href=\"https:\/\/www.aydinaski.gov.tr\/index.php\/2023\/08\/16\/buharkent-aydin-kanalizasyon-yagmur-suyu-icme-suyu-ve-atik-su-aritma-tesisi-yapimi\/\">Detay i\u00e7in t\u0131klay\u0131n\u0131z.<\/a><\/td>\n<\/tr>\n<tr class=\"row-6 even\">\n\t<td class=\"column-1\">S\u00f6ke (Ayd\u0131n) K\u0131smi Kanalizasyon, Kolekt\u00f6r Hatt\u0131 ve Ya\u011fmur Suyu; Savuca ve Yenido\u011fan Mahalleleri Kanalizasyon Yap\u0131m\u0131 ve Sazl\u0131 Mahallesi Kanalizasyon Terfi Hatt\u0131 \u0130n\u015faat\u0131 Yap\u0131m\u0131<\/td><td class=\"column-2\">- S\u00f6ke \u2013 Davutlar A\u011fa\u00e7l\u0131 yolu bir ekip \u00d8200 l\u00fck kanalizasyon hatt\u0131, <br \/>\n- Savuca Mh. bir ekip \u00d8200 l\u00fck kanalizasyon hatt\u0131,<br \/>\n- Yenido\u011fan Mh. bir ekip palplan\u015f \u00e7ak\u0131m\u0131 ve \u00d8300 l\u00fck hat d\u00f6\u015femesi,<br \/>\n- G\u00f6n\u00fclkent Villalar\u0131 bir ekip \u00d8200 l\u00fck kanalizasyon hatt\u0131,<br \/>\n- G\u00f6n\u00fclkent Villalar\u0131 bir ekip yatay delgi,<br \/>\n<\/td><td class=\"column-3\"><a href=\"https:\/\/www.aydinaski.gov.tr\/index.php\/2023\/08\/16\/soke-aydin-kismi-kanalizasyonterfi-hatti-insaati-yapimi\/\">Detay i\u00e7in t\u0131klay\u0131n\u0131z.<\/a><\/td>\n<\/tr>\n<tr class=\"row-7 odd\">\n\t<td class=\"column-1\">Didim (Ayd\u0131n) Akb\u00fck, Fevzipa\u015fa ve Denizk\u00f6y Mahalleleri Kanalizasyon Ana Ku\u015faklama Kolekt\u00f6r\u00fc \u0130n\u015faat\u0131 Yap\u0131m\u0131<\/td><td class=\"column-2\">-  Akb\u00fck Denizk\u00f6y TM4 \u2013 YO1 aras\u0131 \u00d8200, \u00d8630 ve  \u00d8710 luk kanalizasyon hatt\u0131 tamamland\u0131. \u00d81000 lik kanalizasyon hatlar\u0131 imalat\u0131 devam ediyor. <br \/>\n- Akb\u00fck Denizk\u00f6y Mh. bir ekip \u00d8200 l\u00fck \u015febeke hatt\u0131,<br \/>\n- Fevzipa\u015fa Mh. bir ekip \u00d8800 l\u00fck kanalizasyon kolekt\u00f6r hatt\u0131 devam ediyor.<br \/>\n<\/td><td class=\"column-3\"><a href=\"https:\/\/www.aydinaski.gov.tr\/index.php\/2023\/08\/16\/didim-aydin-kanalizasyon-ana-kusaklama-kolektoru-insaati-yapimi\/\">Detay i\u00e7in t\u0131klay\u0131n\u0131z.<\/a><\/td>\n<\/tr>\n<tr class=\"row-8 even\">\n\t<td class=\"column-1\">Mursall\u0131 Mah. \u0130\u00e7mesuyu ve Kanalizasyon Yap\u0131m\u0131<\/td><td class=\"column-2\">Tamamland\u0131.<br \/>\n<\/td><td class=\"column-3\"><\/td>\n<\/tr>\n<tr class=\"row-9 odd\">\n\t<td class=\"column-1\">Nazilli \u0130l\u00e7esi Pirlibey Mah. Kanalizasyon ve \u0130\u00e7mesuyu Yap\u0131m\u0131<\/td><td class=\"column-2\">Tamamland\u0131<br \/>\n<\/td><td class=\"column-3\"><\/td>\n<\/tr>\n<tr class=\"row-10 even\">\n\t<td class=\"column-1\">Nazilli \u0130l\u00e7esi \u0130sabeyli Ye\u015fildere Mahallesi Kanalizasyon Hatt\u0131 Yap\u0131m \u0130\u015fi<\/td><td class=\"column-2\">Tamamland\u0131.<\/td><td class=\"column-3\"><\/td>\n<\/tr>\n<tr class=\"row-11 odd\">\n\t<td class=\"column-1\">S\u00f6ke G\u00fcll\u00fcbah\u00e7e \u0130lave Kanalizasyon Hatt\u0131 Yap\u0131m\u0131<\/td><td class=\"column-2\">Tamamland\u0131.<\/td><td class=\"column-3\"><\/td>\n<\/tr>\n<tr class=\"row-12 even\">\n\t<td class=\"column-1\">Ko\u00e7arl\u0131 At\u0131ksu Terfi Kolekt\u00f6r Hatt\u0131<\/td><td class=\"column-2\">Tamamland\u0131.<\/td><td class=\"column-3\"><\/td>\n<\/tr>\n<tr class=\"row-13 odd\">\n\t<td class=\"column-1\">Ko\u00e7arl\u0131 \u0130l\u00e7esi B\u0131y\u0131kl\u0131 Grup \u0130\u00e7me suyu Terfi Hatt\u0131<\/td><td class=\"column-2\">Tamamland\u0131.<\/td><td class=\"column-3\"><\/td>\n<\/tr>\n<\/tbody>\n<\/table>\n<!-- #tablepress-7 from cache -->\n","protected":false},"excerpt":{"rendered":"","protected":false},"author":1,"featured_media":0,"parent":0,"menu_order":0,"comment_status":"closed","ping_status":"closed","template":"","meta":{"ngg_post_thumbnail":0,"footnotes":""},"class_list":["post-2559","page","type-page","status-publish","hentry"],"_links":{"self":[{"href":"https:\/\/www.aydinaski.gov.tr\/index.php\/wp-json\/wp\/v2\/pages\/2559","targetHints":{"allow":["GET"]}}],"collection":[{"href":"https:\/\/www.aydinaski.gov.tr\/index.php\/wp-json\/wp\/v2\/pages"}],"about":[{"href":"https:\/\/www.aydinaski.gov.tr\/index.php\/wp-json\/wp\/v2\/types\/page"}],"author":[{"embeddable":true,"href":"https:\/\/www.aydinaski.gov.tr\/index.php\/wp-json\/wp\/v2\/users\/1"}],"replies":[{"embeddable":true,"href":"https:\/\/www.aydinaski.gov.tr\/index.php\/wp-json\/wp\/v2\/comments?post=2559"}],"version-history":[{"count":3,"href":"https:\/\/www.aydinaski.gov.tr\/index.php\/wp-json\/wp\/v2\/pages\/2559\/revisions"}],"predecessor-version":[{"id":2565,"href":"https:\/\/www.aydinaski.gov.tr\/index.php\/wp-json\/wp\/v2\/pages\/2559\/revisions\/2565"}],"wp:attachment":[{"href":"https:\/\/www.aydinaski.gov.tr\/index.php\/wp-json\/wp\/v2\/media?parent=2559"}],"curies":[{"name":"wp","href":"https:\/\/api.w.org\/{rel}","templated":true}]}}