{"id":1611,"date":"2022-10-19T15:17:57","date_gmt":"2022-10-19T12:17:57","guid":{"rendered":"https:\/\/10.0.0.157\/?page_id=1611"},"modified":"2024-09-04T15:51:08","modified_gmt":"2024-09-04T12:51:08","slug":"balikkoy-su-aritma-tesisi","status":"publish","type":"page","link":"https:\/\/www.aydinaski.gov.tr\/index.php\/balikkoy-su-aritma-tesisi\/","title":{"rendered":"Bal\u0131kk\u00f6y Su Ar\u0131tma Tesisi"},"content":{"rendered":"\n<!-- default-view.php -->\n<div\n\tclass=\"ngg-galleryoverview default-view \"\n\tid=\"ngg-gallery-e39150147f998c570e0d83f5df8a1765-1\">\n\n\t\t<!-- Thumbnails -->\n\t\t\t\t<div id=\"ngg-image-0\" class=\"ngg-gallery-thumbnail-box \" >\n\t\t\t\t        <div class=\"ngg-gallery-thumbnail\">\n            <a href=\"https:\/\/www.aydinaski.gov.tr\/wp-content\/gallery\/balikkoy-atik-su-aritma-tesisi\/balikkoy-yeni-aritma-14.jpg\"\n               title=\"0.9.138\"\n               data-src=\"https:\/\/www.aydinaski.gov.tr\/wp-content\/gallery\/balikkoy-atik-su-aritma-tesisi\/balikkoy-yeni-aritma-14.jpg\"\n               data-thumbnail=\"https:\/\/www.aydinaski.gov.tr\/wp-content\/gallery\/balikkoy-atik-su-aritma-tesisi\/thumbs\/thumbs_balikkoy-yeni-aritma-14.jpg\"\n               data-image-id=\"25\"\n               data-title=\"DCIM100MEDIADJI_0032.JPG\"\n               data-description=\"0.9.138\"\n               data-image-slug=\"balikkoy-yeni-aritma-14\"\n               class=\"ngg-simplelightbox\" rel=\"e39150147f998c570e0d83f5df8a1765\">\n                <img\n                    title=\"DCIM100MEDIADJI_0032.JPG\"\n                    alt=\"DCIM100MEDIADJI_0032.JPG\"\n                    src=\"https:\/\/www.aydinaski.gov.tr\/wp-content\/gallery\/balikkoy-atik-su-aritma-tesisi\/thumbs\/thumbs_balikkoy-yeni-aritma-14.jpg\"\n                    width=\"240\"\n                    height=\"160\"\n                    style=\"max-width:100%;\"\n                \/>\n            <\/a>\n        <\/div>\n\t\t\t\t\t\t\t<\/div> \n\t\t\t\n\t\t\t\t<div id=\"ngg-image-1\" class=\"ngg-gallery-thumbnail-box \" >\n\t\t\t\t        <div class=\"ngg-gallery-thumbnail\">\n            <a href=\"https:\/\/www.aydinaski.gov.tr\/wp-content\/gallery\/balikkoy-atik-su-aritma-tesisi\/balikkoy-yeni-aritma-13.jpg\"\n               title=\"0.9.138\"\n               data-src=\"https:\/\/www.aydinaski.gov.tr\/wp-content\/gallery\/balikkoy-atik-su-aritma-tesisi\/balikkoy-yeni-aritma-13.jpg\"\n               data-thumbnail=\"https:\/\/www.aydinaski.gov.tr\/wp-content\/gallery\/balikkoy-atik-su-aritma-tesisi\/thumbs\/thumbs_balikkoy-yeni-aritma-13.jpg\"\n               data-image-id=\"26\"\n               data-title=\"DCIM100MEDIADJI_0031.JPG\"\n               data-description=\"0.9.138\"\n               data-image-slug=\"balikkoy-yeni-aritma-13\"\n               class=\"ngg-simplelightbox\" rel=\"e39150147f998c570e0d83f5df8a1765\">\n                <img\n                    title=\"DCIM100MEDIADJI_0031.JPG\"\n                    alt=\"DCIM100MEDIADJI_0031.JPG\"\n                    src=\"https:\/\/www.aydinaski.gov.tr\/wp-content\/gallery\/balikkoy-atik-su-aritma-tesisi\/thumbs\/thumbs_balikkoy-yeni-aritma-13.jpg\"\n                    width=\"240\"\n                    height=\"160\"\n                    style=\"max-width:100%;\"\n                \/>\n            <\/a>\n        <\/div>\n\t\t\t\t\t\t\t<\/div> \n\t\t\t\n\t\t\t\t<div id=\"ngg-image-2\" class=\"ngg-gallery-thumbnail-box \" >\n\t\t\t\t        <div class=\"ngg-gallery-thumbnail\">\n            <a href=\"https:\/\/www.aydinaski.gov.tr\/wp-content\/gallery\/balikkoy-atik-su-aritma-tesisi\/balikkoy-yeni-aritma-11.jpg\"\n               title=\"0.9.138\"\n               data-src=\"https:\/\/www.aydinaski.gov.tr\/wp-content\/gallery\/balikkoy-atik-su-aritma-tesisi\/balikkoy-yeni-aritma-11.jpg\"\n               data-thumbnail=\"https:\/\/www.aydinaski.gov.tr\/wp-content\/gallery\/balikkoy-atik-su-aritma-tesisi\/thumbs\/thumbs_balikkoy-yeni-aritma-11.jpg\"\n               data-image-id=\"27\"\n               data-title=\"DCIM100MEDIADJI_0029.JPG\"\n               data-description=\"0.9.138\"\n               data-image-slug=\"balikkoy-yeni-aritma-11\"\n               class=\"ngg-simplelightbox\" rel=\"e39150147f998c570e0d83f5df8a1765\">\n                <img\n                    title=\"DCIM100MEDIADJI_0029.JPG\"\n                    alt=\"DCIM100MEDIADJI_0029.JPG\"\n                    src=\"https:\/\/www.aydinaski.gov.tr\/wp-content\/gallery\/balikkoy-atik-su-aritma-tesisi\/thumbs\/thumbs_balikkoy-yeni-aritma-11.jpg\"\n                    width=\"240\"\n                    height=\"160\"\n                    style=\"max-width:100%;\"\n                \/>\n            <\/a>\n        <\/div>\n\t\t\t\t\t\t\t<\/div> \n\t\t\t\n\t\t\t\t<div id=\"ngg-image-3\" class=\"ngg-gallery-thumbnail-box \" >\n\t\t\t\t        <div class=\"ngg-gallery-thumbnail\">\n            <a href=\"https:\/\/www.aydinaski.gov.tr\/wp-content\/gallery\/balikkoy-atik-su-aritma-tesisi\/balikkoy-yeni-aritma-8.jpg\"\n               title=\"0.9.138\"\n               data-src=\"https:\/\/www.aydinaski.gov.tr\/wp-content\/gallery\/balikkoy-atik-su-aritma-tesisi\/balikkoy-yeni-aritma-8.jpg\"\n               data-thumbnail=\"https:\/\/www.aydinaski.gov.tr\/wp-content\/gallery\/balikkoy-atik-su-aritma-tesisi\/thumbs\/thumbs_balikkoy-yeni-aritma-8.jpg\"\n               data-image-id=\"28\"\n               data-title=\"DCIM100MEDIADJI_0026.JPG\"\n               data-description=\"0.9.138\"\n               data-image-slug=\"balikkoy-yeni-aritma-8\"\n               class=\"ngg-simplelightbox\" rel=\"e39150147f998c570e0d83f5df8a1765\">\n                <img\n                    title=\"DCIM100MEDIADJI_0026.JPG\"\n                    alt=\"DCIM100MEDIADJI_0026.JPG\"\n                    src=\"https:\/\/www.aydinaski.gov.tr\/wp-content\/gallery\/balikkoy-atik-su-aritma-tesisi\/thumbs\/thumbs_balikkoy-yeni-aritma-8.jpg\"\n                    width=\"240\"\n                    height=\"160\"\n                    style=\"max-width:100%;\"\n                \/>\n            <\/a>\n        <\/div>\n\t\t\t\t\t\t\t<\/div> \n\t\t\t\n\t\t\t\t<div id=\"ngg-image-4\" class=\"ngg-gallery-thumbnail-box \" >\n\t\t\t\t        <div class=\"ngg-gallery-thumbnail\">\n            <a href=\"https:\/\/www.aydinaski.gov.tr\/wp-content\/gallery\/balikkoy-atik-su-aritma-tesisi\/balikkoy-yeni-aritma-6.jpg\"\n               title=\"0.9.138\"\n               data-src=\"https:\/\/www.aydinaski.gov.tr\/wp-content\/gallery\/balikkoy-atik-su-aritma-tesisi\/balikkoy-yeni-aritma-6.jpg\"\n               data-thumbnail=\"https:\/\/www.aydinaski.gov.tr\/wp-content\/gallery\/balikkoy-atik-su-aritma-tesisi\/thumbs\/thumbs_balikkoy-yeni-aritma-6.jpg\"\n               data-image-id=\"29\"\n               data-title=\"DCIM100MEDIADJI_0024.JPG\"\n               data-description=\"0.9.138\"\n               data-image-slug=\"balikkoy-yeni-aritma-6\"\n               class=\"ngg-simplelightbox\" rel=\"e39150147f998c570e0d83f5df8a1765\">\n                <img\n                    title=\"DCIM100MEDIADJI_0024.JPG\"\n                    alt=\"DCIM100MEDIADJI_0024.JPG\"\n                    src=\"https:\/\/www.aydinaski.gov.tr\/wp-content\/gallery\/balikkoy-atik-su-aritma-tesisi\/thumbs\/thumbs_balikkoy-yeni-aritma-6.jpg\"\n                    width=\"240\"\n                    height=\"160\"\n                    style=\"max-width:100%;\"\n                \/>\n            <\/a>\n        <\/div>\n\t\t\t\t\t\t\t<\/div> \n\t\t\t\n\t\t\t\t<div id=\"ngg-image-5\" class=\"ngg-gallery-thumbnail-box \" >\n\t\t\t\t        <div class=\"ngg-gallery-thumbnail\">\n            <a href=\"https:\/\/www.aydinaski.gov.tr\/wp-content\/gallery\/balikkoy-atik-su-aritma-tesisi\/balikkoy-yeni-aritma-3.jpg\"\n               title=\"0.9.138\"\n               data-src=\"https:\/\/www.aydinaski.gov.tr\/wp-content\/gallery\/balikkoy-atik-su-aritma-tesisi\/balikkoy-yeni-aritma-3.jpg\"\n               data-thumbnail=\"https:\/\/www.aydinaski.gov.tr\/wp-content\/gallery\/balikkoy-atik-su-aritma-tesisi\/thumbs\/thumbs_balikkoy-yeni-aritma-3.jpg\"\n               data-image-id=\"30\"\n               data-title=\"DCIM100MEDIADJI_0031.JPG\"\n               data-description=\"0.9.138\"\n               data-image-slug=\"balikkoy-yeni-aritma-3\"\n               class=\"ngg-simplelightbox\" rel=\"e39150147f998c570e0d83f5df8a1765\">\n                <img\n                    title=\"DCIM100MEDIADJI_0031.JPG\"\n                    alt=\"DCIM100MEDIADJI_0031.JPG\"\n                    src=\"https:\/\/www.aydinaski.gov.tr\/wp-content\/gallery\/balikkoy-atik-su-aritma-tesisi\/thumbs\/thumbs_balikkoy-yeni-aritma-3.jpg\"\n                    width=\"240\"\n                    height=\"160\"\n                    style=\"max-width:100%;\"\n                \/>\n            <\/a>\n        <\/div>\n\t\t\t\t\t\t\t<\/div> \n\t\t\t\n\t\t\t\t<div id=\"ngg-image-6\" class=\"ngg-gallery-thumbnail-box \" >\n\t\t\t\t        <div class=\"ngg-gallery-thumbnail\">\n            <a href=\"https:\/\/www.aydinaski.gov.tr\/wp-content\/gallery\/balikkoy-atik-su-aritma-tesisi\/balikkoy-yeni-aritma-1.jpg\"\n               title=\"0.9.138\"\n               data-src=\"https:\/\/www.aydinaski.gov.tr\/wp-content\/gallery\/balikkoy-atik-su-aritma-tesisi\/balikkoy-yeni-aritma-1.jpg\"\n               data-thumbnail=\"https:\/\/www.aydinaski.gov.tr\/wp-content\/gallery\/balikkoy-atik-su-aritma-tesisi\/thumbs\/thumbs_balikkoy-yeni-aritma-1.jpg\"\n               data-image-id=\"31\"\n               data-title=\"DCIM100MEDIADJI_0033.JPG\"\n               data-description=\"0.9.138\"\n               data-image-slug=\"balikkoy-yeni-aritma-1\"\n               class=\"ngg-simplelightbox\" rel=\"e39150147f998c570e0d83f5df8a1765\">\n                <img\n                    title=\"DCIM100MEDIADJI_0033.JPG\"\n                    alt=\"DCIM100MEDIADJI_0033.JPG\"\n                    src=\"https:\/\/www.aydinaski.gov.tr\/wp-content\/gallery\/balikkoy-atik-su-aritma-tesisi\/thumbs\/thumbs_balikkoy-yeni-aritma-1.jpg\"\n                    width=\"240\"\n                    height=\"160\"\n                    style=\"max-width:100%;\"\n                \/>\n            <\/a>\n        <\/div>\n\t\t\t\t\t\t\t<\/div> \n\t\t\t\n\t\n\t<br style=\"clear: both\" \/>\n\n\t\n\t\t<!-- Pagination -->\n\t<div class='ngg-clear'><\/div>\t<\/div>\n\n","protected":false},"excerpt":{"rendered":"","protected":false},"author":1,"featured_media":0,"parent":0,"menu_order":0,"comment_status":"closed","ping_status":"closed","template":"","meta":{"ngg_post_thumbnail":0,"footnotes":""},"class_list":["post-1611","page","type-page","status-publish","hentry"],"_links":{"self":[{"href":"https:\/\/www.aydinaski.gov.tr\/index.php\/wp-json\/wp\/v2\/pages\/1611","targetHints":{"allow":["GET"]}}],"collection":[{"href":"https:\/\/www.aydinaski.gov.tr\/index.php\/wp-json\/wp\/v2\/pages"}],"about":[{"href":"https:\/\/www.aydinaski.gov.tr\/index.php\/wp-json\/wp\/v2\/types\/page"}],"author":[{"embeddable":true,"href":"https:\/\/www.aydinaski.gov.tr\/index.php\/wp-json\/wp\/v2\/users\/1"}],"replies":[{"embeddable":true,"href":"https:\/\/www.aydinaski.gov.tr\/index.php\/wp-json\/wp\/v2\/comments?post=1611"}],"version-history":[{"count":2,"href":"https:\/\/www.aydinaski.gov.tr\/index.php\/wp-json\/wp\/v2\/pages\/1611\/revisions"}],"predecessor-version":[{"id":8772,"href":"https:\/\/www.aydinaski.gov.tr\/index.php\/wp-json\/wp\/v2\/pages\/1611\/revisions\/8772"}],"wp:attachment":[{"href":"https:\/\/www.aydinaski.gov.tr\/index.php\/wp-json\/wp\/v2\/media?parent=1611"}],"curies":[{"name":"wp","href":"https:\/\/api.w.org\/{rel}","templated":true}]}}