{"id":143,"date":"2022-09-12T15:55:56","date_gmt":"2022-09-12T12:55:56","guid":{"rendered":"http:\/\/localhost:8080\/aydinaski\/?page_id=143"},"modified":"2026-02-23T11:30:11","modified_gmt":"2026-02-23T08:30:11","slug":"vezne-irtibat-adresleri-2","status":"publish","type":"page","link":"https:\/\/www.aydinaski.gov.tr\/index.php\/vezne-irtibat-adresleri-2\/","title":{"rendered":"Vezne \u0130rtibat Adresleri"},"content":{"rendered":"\n<h3 class=\"wp-block-heading\"><strong>ASK\u0130 GENEL M\u00dcD\u00dcRL\u00dc\u011e\u00dc ABONE VE TAHAKKUK \u015eUBELER\u0130 VE ADRESLER\u0130<\/strong><\/h3>\n\n\n\n<figure class=\"wp-block-table is-style-stripes\"><table><tbody><tr><td>1<\/td><td><strong>ASK\u0130 GENEL M\u00dcD\u00dcRL\u00dc\u011e\u00dc<\/strong><\/td><td>G\u00fczelhisar Mah. Istiklal Cad. No:4 AYDIN&nbsp;<\/td><td><a href=\"https:\/\/maps.app.goo.gl\/4Z7XRt5jiVaqAcYE6\" data-type=\"link\" data-id=\"https:\/\/maps.app.goo.gl\/4Z7XRt5jiVaqAcYE6\" target=\"_blank\" rel=\"noreferrer noopener\">Haritada G\u00f6ster<\/a><\/td><\/tr><tr><td>2<\/td><td><strong>ASK\u0130 NAZ\u0130LL\u0130 MERKEZ \u015eUBE<\/strong><\/td><td>Ye\u015filyurt Mah.&nbsp; Denizli Cad. No:123 Nazilli&nbsp; &nbsp; &nbsp; &nbsp; &nbsp;&nbsp;<\/td><td><a href=\"https:\/\/goo.gl\/maps\/5HkruZrnA8NSMF8PA\" data-type=\"URL\" data-id=\"https:\/\/goo.gl\/maps\/5HkruZrnA8NSMF8PA\" target=\"_blank\" rel=\"noreferrer noopener\">Haritada G\u00f6ster<\/a><\/td><\/tr><tr><td>3<\/td><td>ASK\u0130 NAZ\u0130LL\u0130 CUMHUR\u0130YET MAH. VEZ.<\/td><td>Cumhuriyet Mah. 187 Sok. No:21B Nazilli<\/td><td><a href=\"https:\/\/goo.gl\/maps\/8thGYLfYKC6rrgbEA\" data-type=\"URL\" data-id=\"https:\/\/goo.gl\/maps\/8thGYLfYKC6rrgbEA\" target=\"_blank\" rel=\"noreferrer noopener\">Haritada G\u00f6ster<\/a><\/td><\/tr><tr><td>4<\/td><td>ASK\u0130 NAZ\u0130LL\u0130 YEN\u0130 MAH. VEZNES\u0130<\/td><td>Yeni Mah. Sa\u011fl\u0131k Cad. No:17A Nazilli<\/td><td><a href=\"https:\/\/goo.gl\/maps\/trQT8gCCDcGkTUan6\" data-type=\"URL\" data-id=\"https:\/\/goo.gl\/maps\/trQT8gCCDcGkTUan6\" target=\"_blank\" rel=\"noreferrer noopener\">Haritada G\u00f6ster<\/a><\/td><\/tr><tr><td>5<\/td><td>ASK\u0130 \u0130SABEYL\u0130 VEZNES\u0130<\/td><td>\u0130sabeyli Mah. Atat\u00fcrk(\u0130sabeyli) Bulv. No:174\/C Nazilli<\/td><td><a href=\"https:\/\/goo.gl\/maps\/stWHPCtBRz8xrQjP6\" data-type=\"URL\" data-id=\"https:\/\/goo.gl\/maps\/stWHPCtBRz8xrQjP6\" target=\"_blank\" rel=\"noreferrer noopener\">Haritada G\u00f6ster<\/a><\/td><\/tr><tr><td>6<\/td><td><strong>ASK\u0130 D\u0130D\u0130M MERKEZ \u015eUBE<\/strong><\/td><td>Yeni Mah. 824 Sok. No:14&nbsp;Didim<\/td><td><a href=\"https:\/\/goo.gl\/maps\/oUZaa6Fr8Ypk7qfk8\" data-type=\"URL\" data-id=\"https:\/\/goo.gl\/maps\/oUZaa6Fr8Ypk7qfk8\" target=\"_blank\" rel=\"noreferrer noopener\">Haritada G\u00f6ster<\/a><\/td><\/tr><tr><td>7<\/td><td>ASK\u0130 D\u0130D\u0130M AKYEN\u0130K\u00d6Y VEZNES\u0130<\/td><td>Akyenik\u00f6y Mah. Menderes Bulv. No:124 Didim<\/td><td><a href=\"https:\/\/goo.gl\/maps\/fG51ff9sTXg7LAUc8\" data-type=\"URL\" data-id=\"https:\/\/goo.gl\/maps\/fG51ff9sTXg7LAUc8\" target=\"_blank\" rel=\"noreferrer noopener\">Haritada G\u00f6ster<\/a><\/td><\/tr><tr><td>8<\/td><td>ASK\u0130 D\u0130D\u0130M AKB\u00dcK VEZNES\u0130<\/td><td>Akb\u00fck Mah. 5500 Cad. No:12 Didim<\/td><td><a href=\"https:\/\/goo.gl\/maps\/miaBRZsKH1YTHv1S8\" data-type=\"URL\" data-id=\"https:\/\/goo.gl\/maps\/miaBRZsKH1YTHv1S8\" target=\"_blank\" rel=\"noreferrer noopener\">Haritada G\u00f6ster<\/a><\/td><\/tr><tr><td>9<\/td><td>ASK\u0130 D\u0130D\u0130M \u00c7AMLIK VEZNES\u0130<\/td><td>\u00c7aml\u0131k Mah. G\u00f6kduman Cad. No:30A Didim<\/td><td><a href=\"https:\/\/goo.gl\/maps\/JoEUquYXBfoaj9XV8\" data-type=\"URL\" data-id=\"https:\/\/goo.gl\/maps\/JoEUquYXBfoaj9XV8\" target=\"_blank\" rel=\"noreferrer noopener\">Haritada G\u00f6ster<\/a><\/td><\/tr><tr><td>10<\/td><td>ASK\u0130 ALTINKUM VEZNES\u0130<\/td><td>\u00c7aml\u0131k Mah. Yal\u0131 Cad. No:193\/2 Didim<\/td><td><a rel=\"noreferrer noopener\" href=\"https:\/\/goo.gl\/maps\/trQT8gCCDcGkTUan6\" data-type=\"URL\" data-id=\"https:\/\/goo.gl\/maps\/trQT8gCCDcGkTUan6\" target=\"_blank\">Haritada G\u00f6ster<\/a><\/td><\/tr><tr><td>11<\/td><td>ASK\u0130 D\u0130D\u0130M MAV\u0130\u015eEH\u0130R VEZNES\u0130<\/td><td>Mavi\u015fehir Mah. Atat\u00fcrk Bulv. No:413D Didim<\/td><td><a href=\"https:\/\/goo.gl\/maps\/5B2F6y9mc5mPXFp98\" data-type=\"URL\" data-id=\"https:\/\/goo.gl\/maps\/5B2F6y9mc5mPXFp98\" target=\"_blank\" rel=\"noreferrer noopener\">Haritada G\u00f6ster<\/a><\/td><\/tr><tr><td>12<\/td><td><strong>ASK\u0130 GERMENC\u0130K MERKEZ \u015eUBE<\/strong><\/td><td>Cami Kebir Mah. Lozan Cad. No:14 Germencik<\/td><td><a href=\"https:\/\/goo.gl\/maps\/fy2HA2qYo9qqefwj8\" data-type=\"URL\" data-id=\"https:\/\/goo.gl\/maps\/fy2HA2qYo9qqefwj8\" target=\"_blank\" rel=\"noreferrer noopener\">Haritada G\u00f6ster<\/a><\/td><\/tr><tr><td>13<\/td><td>ASK\u0130 GERMENC\u0130K ORTAKLAR VEZNES\u0130<\/td><td>Ortaklar Mah. Atat\u00fcrk(Ortaklar) Cad. No:20B Germencik<\/td><td><a href=\"https:\/\/goo.gl\/maps\/vddUXob8ropYS4R37\" data-type=\"URL\" data-id=\"https:\/\/goo.gl\/maps\/vddUXob8ropYS4R37\" target=\"_blank\" rel=\"noreferrer noopener\">Haritada G\u00f6ster<\/a><\/td><\/tr><tr><td>14<\/td><td><strong>ASK\u0130 K\u00d6\u015eK MERKEZ \u015eUBE<\/strong><\/td><td>So\u011fukkuyu Mah. \u015een\u00a0Sok. No:1\u00a0\u00a0K\u00f6\u015fk\u00a0 \u00a0<\/td><td><a href=\"https:\/\/goo.gl\/maps\/eGsqSr2EciFWQEqa8\" data-type=\"URL\" data-id=\"https:\/\/goo.gl\/maps\/eGsqSr2EciFWQEqa8\" target=\"_blank\" rel=\"noreferrer noopener\">Haritada G\u00f6ster<\/a><\/td><\/tr><tr><td>15<\/td><td><strong>ASK\u0130 KU\u015eADASI MERKEZ \u015eUBE<\/strong><\/td><td>Camikebir Mah. Sabucal\u0131 Sok. No:17 Ku\u015fadas\u0131<\/td><td><a href=\"https:\/\/goo.gl\/maps\/NnL1jeTYzrGmpowa7\" data-type=\"URL\" data-id=\"https:\/\/goo.gl\/maps\/NnL1jeTYzrGmpowa7\" target=\"_blank\" rel=\"noreferrer noopener\">Haritada G\u00f6ster<\/a><\/td><\/tr><tr><td>16<\/td><td>ASK\u0130 KU\u015eADASI G\u00dcZEL\u00c7AMLI VEZ.<\/td><td>G\u00fczel\u00e7aml\u0131 Mah. \u00d6zert\u00fcrk Cad. No:18B Ku\u015fadas\u0131<\/td><td><a href=\"https:\/\/goo.gl\/maps\/yqRgW6SFtWT1UBc67\" data-type=\"URL\" data-id=\"https:\/\/goo.gl\/maps\/yqRgW6SFtWT1UBc67\" target=\"_blank\" rel=\"noreferrer noopener\">Haritada G\u00f6ster<\/a><\/td><\/tr><tr><td>17<\/td><td>ASK\u0130 KU\u015eADASI DAVUTLAR VEZ.<\/td><td>Davutlar Mah. Ahmet Yesevi Cad. No:12 Ku\u015fadas\u0131<\/td><td><a href=\"https:\/\/goo.gl\/maps\/fcNTHm93Jdu3nFC39\" data-type=\"URL\" data-id=\"https:\/\/goo.gl\/maps\/fcNTHm93Jdu3nFC39\" target=\"_blank\" rel=\"noreferrer noopener\">Haritada G\u00f6ster<\/a><\/td><\/tr><tr><td>18<\/td><td><strong>ASK\u0130 BUHARKENT MERKEZ \u015eUBE<\/strong><\/td><td>Zafer Mah. \u00c7olak \u0130brahim Bey&nbsp;Cad. No:25\/A&nbsp;Buharkent<\/td><td><a href=\"https:\/\/goo.gl\/maps\/wbjh2zZ5M73Wmm6t6\" data-type=\"URL\" data-id=\"https:\/\/goo.gl\/maps\/wbjh2zZ5M73Wmm6t6\" target=\"_blank\" rel=\"noreferrer noopener\">Haritada G\u00f6ster<\/a><\/td><\/tr><tr><td>19<\/td><td><strong>ASK\u0130 S\u00d6KE MERKEZ \u015eUBE<\/strong><\/td><td>Konak Mah. Ayd\u0131n Cad. No:36 S\u00f6ke<\/td><td><a href=\"https:\/\/goo.gl\/maps\/ZYDFLyzPFeEECFzT9\" data-type=\"URL\" data-id=\"https:\/\/goo.gl\/maps\/ZYDFLyzPFeEECFzT9\" target=\"_blank\" rel=\"noreferrer noopener\">Haritada G\u00f6ster<\/a><\/td><\/tr><tr><td>20<\/td><td>ASK\u0130 S\u00d6KE SAZLI VEZ.<\/td><td>Sazl\u0131 Mah. Ayd\u0131n Cad. No:96 S\u00f6ke<\/td><td><a href=\"https:\/\/goo.gl\/maps\/CcuPW7SVTGv6F7Ju6\" data-type=\"URL\" data-id=\"https:\/\/goo.gl\/maps\/CcuPW7SVTGv6F7Ju6\" target=\"_blank\" rel=\"noreferrer noopener\">Haritada G\u00f6ster<\/a><\/td><\/tr><tr><td>21<\/td><td>ASK\u0130 S\u00d6KE G\u00dcLL\u00dcBAH\u00c7E VEZ.<\/td><td>G\u00fcll\u00fcbah\u00e7e Mah. Atat\u00fcrk Cad. No:72 S\u00f6ke<\/td><td><a href=\"https:\/\/goo.gl\/maps\/nqwQageAB1rjkfsJ9\" data-type=\"URL\" data-id=\"https:\/\/goo.gl\/maps\/nqwQageAB1rjkfsJ9\" target=\"_blank\" rel=\"noreferrer noopener\">Haritada G\u00f6ster<\/a><\/td><\/tr><tr><td>22<\/td><td>ASK\u0130 S\u00d6KE SARIKEMER VEZ.<\/td><td>Sar\u0131kemer Mah. \u00d6mera\u011fa Cad. No:1C S\u00f6ke<\/td><td><a href=\"https:\/\/goo.gl\/maps\/6Ea2Q9EJVFUV36Dc8\" data-type=\"URL\" data-id=\"https:\/\/goo.gl\/maps\/6Ea2Q9EJVFUV36Dc8\" target=\"_blank\" rel=\"noreferrer noopener\">Haritada G\u00f6ster<\/a><\/td><\/tr><tr><td>23<\/td><td>ASK\u0130 S\u00d6KE BA\u011eARASI VEZ.<\/td><td>Ba\u011faras\u0131 Mah. Atat\u00fcrk Cad. No:22A S\u00f6ke<\/td><td><a href=\"https:\/\/goo.gl\/maps\/gMHqogSocNyqRcJc7\" data-type=\"URL\" data-id=\"https:\/\/goo.gl\/maps\/gMHqogSocNyqRcJc7\" target=\"_blank\" rel=\"noreferrer noopener\">Haritada G\u00f6ster<\/a><\/td><\/tr><tr><td>24<\/td><td>ASK\u0130 S\u00d6KE ATBURGAZI VEZ.<\/td><td>Atburgaz\u0131 Mah. Muammer Aksoy Cad. No:14 S\u00f6ke<\/td><td><a href=\"https:\/\/goo.gl\/maps\/TJsudabmdPY77oG76\" data-type=\"URL\" data-id=\"https:\/\/goo.gl\/maps\/TJsudabmdPY77oG76\" target=\"_blank\" rel=\"noreferrer noopener\">Haritada G\u00f6ster<\/a><\/td><\/tr><tr><td>25<\/td><td><strong>ASK\u0130 \u0130NC\u0130RL\u0130OVA MERKEZ \u015eUBE<\/strong><\/td><td>Cumhuriyet Mah. H\u00fck\u00fcmet Cad. No:8 \u0130ncirliova<\/td><td><a href=\"https:\/\/goo.gl\/maps\/TAVVtoLKVE9DyZW16\" data-type=\"URL\" data-id=\"https:\/\/goo.gl\/maps\/TAVVtoLKVE9DyZW16\" target=\"_blank\" rel=\"noreferrer noopener\">Haritada G\u00f6ster<\/a><\/td><\/tr><tr><td>26<\/td><td>ASK\u0130 \u0130NC\u0130RL\u0130OVA ACARLAR VEZ.<\/td><td>Acarlar Mah. Adnan Menderes Bulv. No:131B \u0130ncirliova<\/td><td><a href=\"https:\/\/goo.gl\/maps\/h868aEN8qTcNP7b98\" data-type=\"URL\" data-id=\"https:\/\/goo.gl\/maps\/h868aEN8qTcNP7b98\" target=\"_blank\" rel=\"noreferrer noopener\">Haritada G\u00f6ster<\/a><\/td><\/tr><tr><td>27<\/td><td><strong>ASK\u0130 YEN\u0130PAZAR MERKEZ \u015eUBE<\/strong><\/td><td>\u00c7ar\u015f\u0131 Mah. Y\u00f6r\u00fck Ali Efe Cad. No:46 Yenipazar<\/td><td><a href=\"https:\/\/goo.gl\/maps\/5ECycJcd1cm8Wzre9\" data-type=\"URL\" data-id=\"https:\/\/goo.gl\/maps\/5ECycJcd1cm8Wzre9\" target=\"_blank\" rel=\"noreferrer noopener\">Haritada G\u00f6ster<\/a><\/td><\/tr><tr><td>28<\/td><td><strong>ASK\u0130&nbsp; KUYUCAK MERKEZ \u015eUBE<\/strong><\/td><td>Be\u015feyl\u00fcl Mah. Atat\u00fcrk Cad. No:5\/C Kuyucak<\/td><td><a href=\"https:\/\/goo.gl\/maps\/GuLmGeA7XWtMRBwp7\" data-type=\"URL\" data-id=\"https:\/\/goo.gl\/maps\/GuLmGeA7XWtMRBwp7\" target=\"_blank\" rel=\"noreferrer noopener\">Haritada G\u00f6ster<\/a><\/td><\/tr><tr><td>29<\/td><td>ASK\u0130 KUYUCAK BA\u015eARAN VEZ.<\/td><td>Ba\u015faran Mah. Atat\u00fcrk(Ba\u015faran) Cad. No:28 Kuyucak<\/td><td><a href=\"https:\/\/goo.gl\/maps\/D6PVhSVa9ez7zqYFA\" data-type=\"URL\" data-id=\"https:\/\/goo.gl\/maps\/D6PVhSVa9ez7zqYFA\" target=\"_blank\" rel=\"noreferrer noopener\">Haritada G\u00f6ster<\/a><\/td><\/tr><tr><td>30<\/td><td>ASK\u0130 KUYUCAK YAMALAK VEZ.<\/td><td>Yamalak Mah. Atat\u00fcrk(Yamalak) Cad. No:85 Kuyucak<\/td><td><a href=\"https:\/\/goo.gl\/maps\/QooHjhNiWLWiFuJ16\" data-type=\"URL\" data-id=\"https:\/\/goo.gl\/maps\/QooHjhNiWLWiFuJ16\" target=\"_blank\" rel=\"noreferrer noopener\">Haritada G\u00f6ster<\/a><\/td><\/tr><tr><td>31<\/td><td>ASK\u0130 KUYUCAK PAMUK\u00d6REN VEZ<\/td><td>Pamuk\u00f6ren Mah. Mehmet Ayd\u0131n Cad. No:2 Kuyucak<\/td><td><a href=\"https:\/\/goo.gl\/maps\/a14Vkgxv3rtfi4odA\" data-type=\"URL\" data-id=\"https:\/\/goo.gl\/maps\/a14Vkgxv3rtfi4odA\" target=\"_blank\" rel=\"noreferrer noopener\">Haritada G\u00f6ster<\/a><\/td><\/tr><tr><td>32<\/td><td>ASK\u0130 KUYUCAK HORSUNLU VEZ.<\/td><td>Horsunlu Mah. Pazaryeri Cad. No:1\/1 Kuyucak<\/td><td><a href=\"https:\/\/goo.gl\/maps\/VLVHMvbvvdLeusWw9\" data-type=\"URL\" data-id=\"https:\/\/goo.gl\/maps\/VLVHMvbvvdLeusWw9\" target=\"_blank\" rel=\"noreferrer noopener\">Haritada G\u00f6ster<\/a><\/td><\/tr><tr><td>33<\/td><td>ASK\u0130 KUYUCAK KURTULU\u015e VEZ.<\/td><td>Kurtulu\u015f Mah. Kaplan Cad. No:7 Kuyucak<\/td><td><a href=\"https:\/\/goo.gl\/maps\/Vrdi5TnmnhSWJJGn8\" data-type=\"URL\" data-id=\"https:\/\/goo.gl\/maps\/Vrdi5TnmnhSWJJGn8\" target=\"_blank\" rel=\"noreferrer noopener\">Haritada G\u00f6ster<\/a><\/td><\/tr><tr><td>34<\/td><td><strong>ASK\u0130&nbsp; KO\u00c7ARLI MERKEZ \u015eUBE<\/strong><\/td><td>G\u00fcndo\u011fan Mahallesi \u00c7ine Cad. No:16\/1 Ko\u00e7arl\u0131<\/td><td><a href=\"https:\/\/maps.app.goo.gl\/xdmYBJuniofvXpjaA\" data-type=\"URL\" data-id=\"https:\/\/goo.gl\/maps\/DY3rLd3YbqsbsgzdA\" target=\"_blank\" rel=\"noreferrer noopener\">Haritada G\u00f6ster<\/a><\/td><\/tr><tr><td>35<\/td><td>ASK\u0130 KO\u00c7ARLI BIYIKLI VEZ.<\/td><td>B\u0131y\u0131kl\u0131 Mah. Ali Piyanc\u0131 Sok. No:4 Ko\u00e7arl\u0131<\/td><td><a href=\"https:\/\/goo.gl\/maps\/i9JmahCpEJRfwcRn6\" data-type=\"URL\" data-id=\"https:\/\/goo.gl\/maps\/i9JmahCpEJRfwcRn6\" target=\"_blank\" rel=\"noreferrer noopener\">Haritada G\u00f6ster<\/a><\/td><\/tr><tr><td>36<\/td><td>ASK\u0130 KO\u00c7ARLI YEN\u0130K\u00d6Y VEZ.<\/td><td>Yenik\u00f6y Mah. Mehmet Akif Cad. No:2 Ko\u00e7arl\u0131<\/td><td><a href=\"https:\/\/goo.gl\/maps\/r6bJaF2E7UYrR4G38\" data-type=\"URL\" data-id=\"https:\/\/goo.gl\/maps\/r6bJaF2E7UYrR4G38\" target=\"_blank\" rel=\"noreferrer noopener\">Haritada G\u00f6ster<\/a><\/td><\/tr><tr><td>37<\/td><td><strong>ASK\u0130&nbsp; KARPUZLU MERKEZ \u015eUBE<\/strong><\/td><td>Bayraktepe Mah. O\u011fuz \u00c7atalo\u011flu Cad. No:3\/A Karpuzlu<\/td><td><a href=\"https:\/\/goo.gl\/maps\/xW5tkrjKsPKPaUDz7\" data-type=\"URL\" data-id=\"https:\/\/goo.gl\/maps\/xW5tkrjKsPKPaUDz7\" target=\"_blank\" rel=\"noreferrer noopener\">Haritada G\u00f6ster<\/a><\/td><\/tr><tr><td>38<\/td><td><strong>ASK\u0130&nbsp; \u00c7\u0130NE MERKEZ \u015eUBE<\/strong><\/td><td>Hamidabat Mah. Muhtar Nuri \u00dclg\u00fc\u00e7 Cad. No:12\/A \u00c7ine <\/td><td><a href=\"https:\/\/goo.gl\/maps\/MPEQHTXagKoYyF6Q8\" data-type=\"URL\" data-id=\"https:\/\/goo.gl\/maps\/MPEQHTXagKoYyF6Q8\" target=\"_blank\" rel=\"noreferrer noopener\">Haritada G\u00f6ster<\/a><\/td><\/tr><tr><td>39<\/td><td>ASK\u0130 \u00c7\u0130NE AK\u00c7AOVA VEZ.<\/td><td>Ak\u00e7aova Mah. Atat\u00fcrk(Ak\u00e7aova) Cad. No:2C \u00c7ine<\/td><td><a href=\"https:\/\/goo.gl\/maps\/oPHo3uWJqs8rTLmKA\" data-type=\"URL\" data-id=\"https:\/\/goo.gl\/maps\/oPHo3uWJqs8rTLmKA\" target=\"_blank\" rel=\"noreferrer noopener\">Haritada G\u00f6ster<\/a><\/td><\/tr><tr><td>40<\/td><td><strong>ASK\u0130&nbsp; KARACASU MERKEZ \u015eUBE<\/strong><\/td><td>Yaylal\u0131 Mahallesi Mustafa Kemal Pa\u015fa Caddesi No:52 Karacasu<\/td><td><a href=\"https:\/\/goo.gl\/maps\/5eQjWgBzJ3325k1m7\" data-type=\"URL\" data-id=\"https:\/\/goo.gl\/maps\/5eQjWgBzJ3325k1m7\" target=\"_blank\" rel=\"noreferrer noopener\">Haritada G\u00f6ster<\/a><\/td><\/tr><tr><td>41<\/td><td>ASK\u0130 KARACASU YEN\u0130CE VEZ.<\/td><td>Yenice Mah. Atat\u00fcrk Cad. No:102 Karacasu<\/td><td><a href=\"https:\/\/goo.gl\/maps\/p9c9VBHMfPoW1PzZ8\" data-type=\"URL\" data-id=\"https:\/\/goo.gl\/maps\/p9c9VBHMfPoW1PzZ8\" target=\"_blank\" rel=\"noreferrer noopener\">Haritada G\u00f6ster<\/a><\/td><\/tr><tr><td>42<\/td><td>ASK\u0130 KARACASU GEYRE VEZ.<\/td><td>Geyre Mah. Atat\u00fcrk(Geyre) Bulv. No:19C Karacasu<\/td><td><a href=\"https:\/\/goo.gl\/maps\/doWiuqAyNReipNkc6\" data-type=\"URL\" data-id=\"https:\/\/goo.gl\/maps\/doWiuqAyNReipNkc6\" target=\"_blank\" rel=\"noreferrer noopener\">Haritada G\u00f6ster<\/a><\/td><\/tr><tr><td>43<\/td><td>ASK\u0130 KARACASU ATAEYM\u0130R VEZ.<\/td><td>Ataeymir Mah. Belediye Meydan\u0131 No:2 Karacasu<\/td><td><a href=\"https:\/\/goo.gl\/maps\/dpSCQRGwDj5wscGx7\" data-type=\"URL\" data-id=\"https:\/\/goo.gl\/maps\/dpSCQRGwDj5wscGx7\" target=\"_blank\" rel=\"noreferrer noopener\">Haritada G\u00f6ster<\/a><\/td><\/tr><tr><td>44<\/td><td><strong>ASK\u0130&nbsp; SULTANH\u0130SAR MERKEZ \u015eUBE<\/strong><\/td><td>Kurtulu\u015f Mah. Cumhuriyet Meydan\u0131 No:2 Sultanhisar<\/td><td><a href=\"https:\/\/goo.gl\/maps\/9B9TmoZ7d3ET959Z9\" data-type=\"URL\" data-id=\"https:\/\/goo.gl\/maps\/9B9TmoZ7d3ET959Z9\" target=\"_blank\" rel=\"noreferrer noopener\">Haritada G\u00f6ster<\/a><\/td><\/tr><tr><td>45<\/td><td>ASK\u0130 SULTANH\u0130SAR AT\u00c7A VEZ.<\/td><td>At\u00e7a Mah. 140 Sok. No:4A Sultanhisar<\/td><td><a href=\"https:\/\/goo.gl\/maps\/463SwUm4rjhrPXJp6\" data-type=\"URL\" data-id=\"https:\/\/goo.gl\/maps\/463SwUm4rjhrPXJp6\" target=\"_blank\" rel=\"noreferrer noopener\">Haritada G\u00f6ster<\/a><\/td><\/tr><tr><td>46<\/td><td>ASK\u0130 SULTANH\u0130SAR SALAVATLI VEZ.<\/td><td>Salavatl\u0131 Mah. \u0130stasyon Cad. No:22 Sultanhisar<\/td><td><a href=\"https:\/\/goo.gl\/maps\/zj4CxwpCozWmR3sz7\" data-type=\"URL\" data-id=\"https:\/\/goo.gl\/maps\/zj4CxwpCozWmR3sz7\" target=\"_blank\" rel=\"noreferrer noopener\">Haritada G\u00f6ster<\/a><\/td><\/tr><tr><td>47<\/td><td><strong>ASK\u0130&nbsp; BOZDO\u011eAN MERKEZ \u015eUBE<\/strong><\/td><td>\u00c7ars\u0131 Mahallesi Atat\u00fcrk Cad. No:4\/A Bozdo\u011fan<\/td><td><a href=\"https:\/\/goo.gl\/maps\/4aw8wAyDRk4qZVrg9\" data-type=\"URL\" data-id=\"https:\/\/goo.gl\/maps\/4aw8wAyDRk4qZVrg9\" target=\"_blank\" rel=\"noreferrer noopener\">Haritada G\u00f6ster<\/a><\/td><\/tr><\/tbody><\/table><\/figure>\n\n\n\n<h3 class=\"wp-block-heading\"><strong>ASK\u0130 GENEL M\u00dcD\u00dcRL\u00dc\u011e\u00dc EFELER &nbsp;DI\u015e VEZNE &nbsp;ADRESLER\u0130<\/strong><\/h3>\n\n\n\n<figure class=\"wp-block-table is-style-stripes\"><table><tbody><tr><td>1<\/td><td>ASK\u0130 M\u0130MAR S\u0130NAN&nbsp;MAH. VEZ.<\/td><td>Mimar Sinan Mah. 2326 sk. No:1 Efeler\/Ayd\u0131n<\/td><\/tr><tr><td>2<\/td><td>ASK\u0130 EFELER MAH. VEZ.<\/td><td>Efeler Mah. 1407 Sok. No:3B Efeler\/Ayd\u0131n<\/td><\/tr><tr><td>3<\/td><td>ASK\u0130 FAT\u0130H MAH. VEZ.<\/td><td>Fatih Mah.Halide Edip Cad. No:20\/1D Efeler\/Ayd\u0131n<\/td><\/tr><tr><td>4<\/td><td>ASK\u0130 G\u0130RNE MAH. VEZ.<\/td><td>Girne Mah. Girne Bulv. No:16A Efeler\/Ayd\u0131n<\/td><\/tr><tr><td>5<\/td><td>ASK\u0130 ATA MAH. VEZ.<\/td><td>Ata Mah. Tepecik Bulv. No:89 Efeler\/Ayd\u0131n<\/td><\/tr><tr><td>6<\/td><td>ASK\u0130 ADNAN MENDERES MAH. VEZ.<\/td><td>Adnan Menderes Mah. Do\u011fu Ayd\u0131n Bulv. No:19 Efeler\/Ayd\u0131n<\/td><\/tr><tr><td>7<\/td><td>ASK\u0130 \u00c7E\u015eTEPE MAH. VEZ.<\/td><td>\u00c7e\u015ftepe Mah. 3428 Sok. No:4C Efeler\/Ayd\u0131n<\/td><\/tr><tr><td>8<\/td><td>ASK\u0130 YED\u0130EYL\u00dcL VEZ.<\/td><td>Yedieyl\u00fcl Mah. Mehmet Akif Cad. No:14 Efeler\/Ayd\u0131n<\/td><\/tr><tr><td>9<\/td><td>ASK\u0130 DALAMA MAH. VEZ.<\/td><td>Dalama\u00a0 Mah.\u00a0 Atat\u00fcrk(Dalama) Cad. No:48D Efeler\/Ayd\u0131n<\/td><\/tr><tr><td>10<\/td><td>ASK\u0130 UMURLU MAH. VEZ.<\/td><td>Umurlu Mah. T\u00fcrkoca\u011f\u0131 Cad. No:1C Efeler\/Ayd\u0131n<\/td><\/tr><tr><td>11<\/td><td>ASK\u0130 OSMAN YOZGATLI MAH. VEZ.<\/td><td>Osman Yozgatl\u0131 Mah.\u00a0 Eski \u00c7ine Cad. No:75A Efeler\/Ayd\u0131n<\/td><\/tr><tr><td>12<\/td><td>ASK\u0130 CUMHUR\u0130YET MAH. VEZ<\/td><td>Cumhuriyet Mah. Cumhuriyet Cad. No:39C Efeler\/Ayd\u0131n<\/td><\/tr><tr><td>13<\/td><td>ASK\u0130 OVAEYM\u0130R MAH. VEZ.<\/td><td>Ovaeymir Mah. Mimar Sinan(Ovaeymir) Cad. No:20BEfeler\/Ayd\u0131n<\/td><\/tr><tr><td>14<\/td><td>ASK\u0130 \u00c7AR\u015eAMBA MAH. VEZ.<\/td><td>Hasan Efendi Ramazan Pa\u015fa Mah. Atat\u00fcrk Bulv.No:33 Efeler\/Ayd\u0131n<\/td><\/tr><tr><td>15<\/td><td>ASK\u0130 ORTA MAH. VEZ.<\/td><td>Orta Mah.222 Sok.No:45 Efeler\/Ayd\u0131n<\/td><\/tr><\/tbody><\/table><\/figure>\n\n\n\n<p><\/p>\n\n\n\n<h3 class=\"wp-block-heading\"><strong>ASK\u0130 GENEL M\u00dcD\u00dcRL\u00dc\u011e\u00dc AVS (AKILLI VEZNE S\u0130STEM\u0130) ADRESLER\u0130<\/strong><\/h3>\n\n\n\n<figure class=\"wp-block-table is-style-stripes\"><table><tbody><tr><td>1<\/td><td>Kurtulu\u015f Mahallesi Sa\u011fl\u0131k Caddesi No:6\/2 (Kozdibi Mevkii) Efeler \/ Ayd\u0131n<\/td><\/tr><tr><td>2<\/td><td>Kurtulu\u015f Mahallesi Adnan Menderes Bulvar\u0131 (Vali Yaz\u0131c\u0131o\u011flu K\u00fclt\u00fcr Merkezi Binas\u0131 Yan\u0131) No:80\/1 Efeler \/ Ayd\u0131n<\/td><\/tr><tr><td>3<\/td><td>Yeni Mahalle Atat\u00fcrk Bulv. ATM\u2019 ler B\u00f6lgesi (Sedef Pastanesi \u00d6n\u00fc) Didim\/Ayd\u0131n<\/td><\/tr><tr><td>4<\/td><td>Veysi Pa\u015fa Mahallesi H\u00fck\u00fcmet Bulvar\u0131 Kav\u015fa\u011f\u0131 No:59\/1 Efeler \/ Ayd\u0131n<\/td><\/tr><tr><td>5<\/td><td>Orta Mahalle M\u00fcze Bulvar\u0131 Forum Al\u0131\u015fveri\u015f Merkezi No:1A Efeler \/ Ayd\u0131n<\/td><\/tr><tr><td>6<\/td><td>Mimar Sinan Mahallesi \u00dcnal \u00d6zg\u00f6dek Caddesi No:28\/2 Efeler \/ Ayd\u0131n<\/td><\/tr><\/tbody><\/table><\/figure>\n","protected":false},"excerpt":{"rendered":"<p>ASK\u0130 GENEL M\u00dcD\u00dcRL\u00dc\u011e\u00dc ABONE VE TAHAKKUK \u015eUBELER\u0130 VE ADRESLER\u0130 1 ASK\u0130 GENEL M\u00dcD\u00dcRL\u00dc\u011e\u00dc G\u00fczelhisar Mah. Istiklal Cad. No:4 AYDIN&nbsp; Haritada G\u00f6ster 2 ASK\u0130 NAZ\u0130LL\u0130 MERKEZ \u015eUBE Ye\u015filyurt Mah.&nbsp; Denizli Cad. No:123 Nazilli&nbsp; &nbsp; &nbsp; &nbsp; &nbsp;&nbsp; Haritada G\u00f6ster 3 ASK\u0130 NAZ\u0130LL\u0130 CUMHUR\u0130YET MAH. VEZ. Cumhuriyet Mah. 187 Sok. No:21B Nazilli Haritada G\u00f6ster 4 ASK\u0130 NAZ\u0130LL\u0130 [&hellip;]<\/p>\n","protected":false},"author":1,"featured_media":0,"parent":0,"menu_order":0,"comment_status":"closed","ping_status":"closed","template":"","meta":{"ngg_post_thumbnail":0,"footnotes":""},"class_list":["post-143","page","type-page","status-publish","hentry"],"_links":{"self":[{"href":"https:\/\/www.aydinaski.gov.tr\/index.php\/wp-json\/wp\/v2\/pages\/143","targetHints":{"allow":["GET"]}}],"collection":[{"href":"https:\/\/www.aydinaski.gov.tr\/index.php\/wp-json\/wp\/v2\/pages"}],"about":[{"href":"https:\/\/www.aydinaski.gov.tr\/index.php\/wp-json\/wp\/v2\/types\/page"}],"author":[{"embeddable":true,"href":"https:\/\/www.aydinaski.gov.tr\/index.php\/wp-json\/wp\/v2\/users\/1"}],"replies":[{"embeddable":true,"href":"https:\/\/www.aydinaski.gov.tr\/index.php\/wp-json\/wp\/v2\/comments?post=143"}],"version-history":[{"count":134,"href":"https:\/\/www.aydinaski.gov.tr\/index.php\/wp-json\/wp\/v2\/pages\/143\/revisions"}],"predecessor-version":[{"id":9247,"href":"https:\/\/www.aydinaski.gov.tr\/index.php\/wp-json\/wp\/v2\/pages\/143\/revisions\/9247"}],"wp:attachment":[{"href":"https:\/\/www.aydinaski.gov.tr\/index.php\/wp-json\/wp\/v2\/media?parent=143"}],"curies":[{"name":"wp","href":"https:\/\/api.w.org\/{rel}","templated":true}]}}