{"id":132,"date":"2022-09-12T15:41:20","date_gmt":"2022-09-12T12:41:20","guid":{"rendered":"http:\/\/localhost:8080\/aydinaski\/?page_id=132"},"modified":"2022-12-30T14:31:58","modified_gmt":"2022-12-30T11:31:58","slug":"akilli-vezne-sistemleri","status":"publish","type":"page","link":"https:\/\/www.aydinaski.gov.tr\/index.php\/akilli-vezne-sistemleri\/","title":{"rendered":"Ak\u0131ll\u0131 Vezne Sistemleri"},"content":{"rendered":"\n<p><strong>\u00d6demelerinizi \u015fubelerimize u\u011framadan ak\u0131ll\u0131 vezne sistemlerimizden 7\/24, nakit veya kredi kart\u0131 kullanarak ger\u00e7ekle\u015ftirebilirsiniz.<\/strong><\/p>\n\n\n\n<p>Ayd\u0131n Aski su aboneleri g\u00fcncel ve eski su faturalar\u0131na ait \u00f6demelerini , \u015fubelerimize u\u011framadan ak\u0131ll\u0131 veznelerimizden de 7\/24, nakit veya kredi kart\u0131 kullanarak ger\u00e7ele\u015ftirebilmektedir.<\/p>\n\n\n\n<p>Tamam\u0131, Ayd\u0131n Efeler il\u00e7emizde bulunan toplamda alt\u0131 adet ak\u0131ll\u0131 veznemiz bulunmaktad\u0131r. A\u015fa\u011f\u0131daki tabloda ak\u0131ll\u0131 veznelerimizin adresleri yer almaktad\u0131r. <\/p>\n\n\n\n<figure class=\"wp-block-table is-style-stripes\"><table><tbody><tr><td><strong>1<\/strong><\/td><td>KURTULU\u015e MAHALLES\u0130 SA\u011eLIK CADDES\u0130 NO:9<\/td><\/tr><tr><td><strong>2<\/strong><\/td><td>KURTULU\u015e MAHALLES\u0130 ADNAN MENDERES BULVARI NO :76- 78 ARASI<\/td><\/tr><tr><td><strong>3<\/strong><\/td><td>EFELER MAHALLES\u0130 \u0130ZM\u0130R BULVARI TOTAL BENZ\u0130NL\u0130K YANI&nbsp;<\/td><\/tr><tr><td><strong>4<\/strong><\/td><td>VEYS\u0130 PA\u015eA MAHALLES\u0130 H\u00dcK\u00dcMET BULVARI NO:55-57 ARASI<\/td><\/tr><tr><td><strong>5<\/strong><\/td><td>ORTA MAHALLER M\u00dcZE BULVARI NO :1 FORUM ALI\u015eVER\u0130\u015e MERKEZ\u0130<\/td><\/tr><tr><td><strong>6<\/strong><\/td><td>M\u0130MAR S\u0130NAN MAHALLES\u0130 \u00dcNAL \u00d6ZG\u00d6DEK BULVARI NO :42 \u00d6N\u00dc&nbsp;<\/td><\/tr><\/tbody><\/table><figcaption class=\"wp-element-caption\">Ayd\u0131n Su ve Kanalizasyon \u0130daresi Genel M\u00fcd\u00fcrl\u00fc\u011f\u00fc Ak\u0131ll\u0131 Vezne Adresleri.<\/figcaption><\/figure>\n","protected":false},"excerpt":{"rendered":"<p>\u00d6demelerinizi \u015fubelerimize u\u011framadan ak\u0131ll\u0131 vezne sistemlerimizden 7\/24, nakit veya kredi kart\u0131 kullanarak ger\u00e7ekle\u015ftirebilirsiniz. Ayd\u0131n Aski su aboneleri g\u00fcncel ve eski su faturalar\u0131na ait \u00f6demelerini , \u015fubelerimize u\u011framadan ak\u0131ll\u0131 veznelerimizden de 7\/24, nakit veya kredi kart\u0131 kullanarak ger\u00e7ele\u015ftirebilmektedir. Tamam\u0131, Ayd\u0131n Efeler il\u00e7emizde bulunan toplamda alt\u0131 adet ak\u0131ll\u0131 veznemiz bulunmaktad\u0131r. A\u015fa\u011f\u0131daki tabloda ak\u0131ll\u0131 veznelerimizin adresleri yer almaktad\u0131r. [&hellip;]<\/p>\n","protected":false},"author":1,"featured_media":0,"parent":0,"menu_order":0,"comment_status":"closed","ping_status":"closed","template":"","meta":{"ngg_post_thumbnail":0,"footnotes":""},"class_list":["post-132","page","type-page","status-publish","hentry"],"_links":{"self":[{"href":"https:\/\/www.aydinaski.gov.tr\/index.php\/wp-json\/wp\/v2\/pages\/132","targetHints":{"allow":["GET"]}}],"collection":[{"href":"https:\/\/www.aydinaski.gov.tr\/index.php\/wp-json\/wp\/v2\/pages"}],"about":[{"href":"https:\/\/www.aydinaski.gov.tr\/index.php\/wp-json\/wp\/v2\/types\/page"}],"author":[{"embeddable":true,"href":"https:\/\/www.aydinaski.gov.tr\/index.php\/wp-json\/wp\/v2\/users\/1"}],"replies":[{"embeddable":true,"href":"https:\/\/www.aydinaski.gov.tr\/index.php\/wp-json\/wp\/v2\/comments?post=132"}],"version-history":[{"count":4,"href":"https:\/\/www.aydinaski.gov.tr\/index.php\/wp-json\/wp\/v2\/pages\/132\/revisions"}],"predecessor-version":[{"id":2349,"href":"https:\/\/www.aydinaski.gov.tr\/index.php\/wp-json\/wp\/v2\/pages\/132\/revisions\/2349"}],"wp:attachment":[{"href":"https:\/\/www.aydinaski.gov.tr\/index.php\/wp-json\/wp\/v2\/media?parent=132"}],"curies":[{"name":"wp","href":"https:\/\/api.w.org\/{rel}","templated":true}]}}