{"id":130,"date":"2022-09-12T15:40:54","date_gmt":"2022-09-12T12:40:54","guid":{"rendered":"http:\/\/localhost:8080\/aydinaski\/?page_id=130"},"modified":"2022-09-15T17:10:13","modified_gmt":"2022-09-15T14:10:13","slug":"odeme-noktalari","status":"publish","type":"page","link":"https:\/\/www.aydinaski.gov.tr\/index.php\/odeme-noktalari\/","title":{"rendered":"\u00d6deme Noktalar\u0131"},"content":{"rendered":"\n<h3 class=\"wp-block-heading\"><strong>ASK\u0130 GENEL M\u00dcD\u00dcRL\u00dc\u011e\u00dc H\u0130ZMET B\u0130NASI ADRESLER\u0130<\/strong><\/h3>\n\n\n\n<figure class=\"wp-block-table\"><table><tbody><tr><td>ASK\u0130 GENEL M\u00dcD\u00dcRL\u00dc\u011e\u00dc<\/td><td>Cumhuriyet Mah. Cumhuriyet Cad. No:40 Efeler<\/td><\/tr><tr><td>ASK\u0130 NAZ\u0130LL\u0130 MERKEZ \u015eB.<\/td><td>Ye\u015filyurt Mah.&nbsp; Denizli Cad. No:123 Nazilli<\/td><\/tr><tr><td>ASK\u0130 NAZ\u0130LL\u0130 CUMHUR\u0130YET MAH. TAHS\u0130LAT \u015eB.<\/td><td>Cumhuriyet Mah. 187 Sok. No:23\/A Nazilli<\/td><\/tr><tr><td>ASK\u0130 D\u0130D\u0130M \u015eB.<\/td><td>Yeni Mahalle 824 Sok. No:14 Didim<\/td><\/tr><tr><td>ASK\u0130 GERMENC\u0130K \u015eB.<\/td><td>Cami Kebir Mah. Lozan&nbsp; Cad. No:14 Germencik<\/td><\/tr><tr><td>ASK\u0130 K\u00d6\u015eK \u015eB.<\/td><td>So\u011fukkuyu Mah. \u015een&nbsp;Sok. No:1&nbsp;K\u00f6\u015fk<\/td><\/tr><tr><td>ASK\u0130 KU\u015eADASI \u015eB.<\/td><td>\u0130ki\u00e7e\u015fmelik Mah. S\u00fcleyman Demirel Bulv. No:3&nbsp;Zemin:15 ve 1.Kat Ku\u015fadas\u0131<\/td><\/tr><tr><td>ASK\u0130 BUHARKENT \u015eB.<\/td><td>Zafer Mah. \u00c7olak \u0130brahim Bey Cad.&nbsp;No:25\/A&nbsp; Buharkent<\/td><\/tr><tr><td>ASK\u0130 S\u00d6KE \u015eB.<\/td><td>Konak Mah. Ayd\u0131n Cad. No:36 S\u00f6ke<\/td><\/tr><tr><td>ASK\u0130 \u0130NC\u0130RL\u0130OVA \u015eB.<\/td><td>Cumhuriyet Mah. H\u00fcrriyet Cad. No:8 \u0130ncirliova<\/td><\/tr><tr><td>ASK\u0130 YEN\u0130PAZAR \u015eB.<\/td><td>\u00c7ar\u015f\u0131 Mah. \u0130n\u00f6n\u00fc Cad. No:32 Yenipazar<\/td><\/tr><tr><td>ASK\u0130&nbsp; KUYUCAK \u015eB.<\/td><td>Fatih Mah. \u0130n\u00f6n\u00fc Cad. No:16\/A Kuyucak<\/td><\/tr><tr><td>ASK\u0130&nbsp; KO\u00c7ARLI \u015eB.<\/td><td>G\u00fcndo\u011fan Mah. \u00c7ine Cad. No:16\/1 Ko\u00e7arl\u0131<\/td><\/tr><tr><td>ASK\u0130&nbsp; KARPUZLU \u015eB.<\/td><td>Cumhuriyet&nbsp; Caddesi No : 102&nbsp; Karpuzlu<\/td><\/tr><tr><td>ASK\u0130&nbsp; \u00c7\u0130NE \u015eB.<\/td><td>Hamidabat Mahallesi Muhtar Nuri \u00dclg\u00fc\u00e7 Sok. No:12\/A \u00c7ine<\/td><\/tr><tr><td>ASK\u0130&nbsp; KARACASU \u015eB.<\/td><td>Yaylal\u0131 Mahallesi Mustafa Kemal Pa\u015fa Cad. No:52 Karacasu<\/td><\/tr><tr><td>ASK\u0130&nbsp; SULTANH\u0130SAR \u015eB.<\/td><td>Kurtulu\u015f mah. Cumhuriyet Meydan\u0131 K:1&nbsp;Sultanhisar<\/td><\/tr><tr><td>ASK\u0130&nbsp; BOZDO\u011eAN \u015eB.<\/td><td>\u00c7ars\u0131 Mahallesi Okullar Caddesi Atat\u00fcrk Park\u0131 Kar\u015f\u0131s\u0131 No:4 Bozdo\u011fan<\/td><\/tr><\/tbody><\/table><\/figure>\n\n\n\n<h3 class=\"wp-block-heading\"><strong>ASK\u0130 GENEL M\u00dcD\u00dcRL\u00dc\u011e\u00dc AVS (AKILLI VEZNE S\u0130STEM\u0130) ADRESLER\u0130<\/strong><\/h3>\n\n\n\n<figure class=\"wp-block-table\"><table><tbody><tr><td>1<\/td><td>KURTULU\u015e MAHALLES\u0130 SA\u011eLIK CADDES\u0130 NO:9<\/td><\/tr><tr><td>2<\/td><td>KURTULU\u015e MAHALLES\u0130 ADNAN MENDERES BULVARI NO :76- 78 ARASI<\/td><\/tr><tr><td>3<\/td><td>EFELER MAHALLES\u0130 \u0130ZM\u0130R BULVARI TOTAL BENZ\u0130NL\u0130K YANI&nbsp;<\/td><\/tr><tr><td>4<\/td><td>VEYS\u0130 PA\u015eA MAHALLES\u0130 H\u00dcK\u00dcMET BULVARI NO:55-57 ARASI<\/td><\/tr><tr><td>5<\/td><td>ORTA MAHALLER M\u00dcZE BULVARI NO :1 FORUM ALI\u015eVER\u0130\u015e MERKEZ\u0130<\/td><\/tr><tr><td>6<\/td><td>M\u0130MAR S\u0130NAN MAHALLES\u0130 \u00dcNAL \u00d6ZG\u00d6DEK BULVARI NO :42 \u00d6N\u00dc&nbsp;<\/td><\/tr><\/tbody><\/table><\/figure>\n\n\n\n<h3 class=\"wp-block-heading\"><strong>ASK\u0130 GENEL M\u00dcD\u00dcRL\u00dc\u011e\u00dc EFELER &nbsp;DI\u015e VEZNE &nbsp;ADRESLER\u0130<\/strong><\/h3>\n\n\n\n<figure class=\"wp-block-table\"><table><tbody><tr><td>ASK\u0130 M\u0130MAR S\u0130NAN&nbsp; VEZNE<\/td><td>M\u0130MAR S\u0130NAN MAHALLES\u0130 AL\u0130 \u0130HSAN PA\u015eA BULVARI MUHTARLIK YANI&nbsp;<\/td><\/tr><tr><td>ASK\u0130 EFELER VEZNE&nbsp;<\/td><td>EFELER MAHALLES\u0130 1407 SOKAK MUHTARLIK YANI&nbsp;<\/td><\/tr><tr><td>ASK\u0130 G\u0130RNE VEZNE&nbsp;<\/td><td>G\u0130RNE MAHALLES\u0130 G\u0130RNE BULVARI MUHTARLIK YANI&nbsp;<\/td><\/tr><tr><td>ASK\u0130 ATA MAH. VEZNE&nbsp;<\/td><td>ATA MAHALLES\u0130 TEPEC\u0130K BULVARI MUHTARLIK YANI&nbsp;<\/td><\/tr><tr><td>ASK\u0130 ADNAN MENDERES VEZNE<\/td><td>ADNAN MENDERES MAHALLES\u0130 AYDIN BULVARI MUHTARLIK YANI&nbsp;<\/td><\/tr><tr><td>ASK\u0130 \u00c7AR\u015eAMBA VEZNE&nbsp;<\/td><td>ME\u015eRUT\u0130YET MAHALLES\u0130 ATAT\u00dcRK BULVARI NO :35<\/td><\/tr><tr><td>ASK\u0130 YED\u0130 EYL\u00dcL VEZNE&nbsp;<\/td><td>YED\u0130 EYL\u00dcL MAHALLES\u0130 MEHMET AK\u0130F CADDES\u0130 MUHTARLIK YANI&nbsp;<\/td><\/tr><tr><td>ASK\u0130 FAT\u0130H VEZNE&nbsp;<\/td><td>FAT\u0130H MAHALLES\u0130 AYDIN BULVARI MUHTARLIK YANI&nbsp;<\/td><\/tr><\/tbody><\/table><\/figure>\n","protected":false},"excerpt":{"rendered":"<p>ASK\u0130 GENEL M\u00dcD\u00dcRL\u00dc\u011e\u00dc H\u0130ZMET B\u0130NASI ADRESLER\u0130 ASK\u0130 GENEL M\u00dcD\u00dcRL\u00dc\u011e\u00dc Cumhuriyet Mah. Cumhuriyet Cad. No:40 Efeler ASK\u0130 NAZ\u0130LL\u0130 MERKEZ \u015eB. Ye\u015filyurt Mah.&nbsp; Denizli Cad. No:123 Nazilli ASK\u0130 NAZ\u0130LL\u0130 CUMHUR\u0130YET MAH. TAHS\u0130LAT \u015eB. Cumhuriyet Mah. 187 Sok. No:23\/A Nazilli ASK\u0130 D\u0130D\u0130M \u015eB. Yeni Mahalle 824 Sok. No:14 Didim ASK\u0130 GERMENC\u0130K \u015eB. Cami Kebir Mah. Lozan&nbsp; Cad. No:14 [&hellip;]<\/p>\n","protected":false},"author":1,"featured_media":0,"parent":0,"menu_order":0,"comment_status":"closed","ping_status":"closed","template":"","meta":{"ngg_post_thumbnail":0,"footnotes":""},"class_list":["post-130","page","type-page","status-publish","hentry"],"_links":{"self":[{"href":"https:\/\/www.aydinaski.gov.tr\/index.php\/wp-json\/wp\/v2\/pages\/130","targetHints":{"allow":["GET"]}}],"collection":[{"href":"https:\/\/www.aydinaski.gov.tr\/index.php\/wp-json\/wp\/v2\/pages"}],"about":[{"href":"https:\/\/www.aydinaski.gov.tr\/index.php\/wp-json\/wp\/v2\/types\/page"}],"author":[{"embeddable":true,"href":"https:\/\/www.aydinaski.gov.tr\/index.php\/wp-json\/wp\/v2\/users\/1"}],"replies":[{"embeddable":true,"href":"https:\/\/www.aydinaski.gov.tr\/index.php\/wp-json\/wp\/v2\/comments?post=130"}],"version-history":[{"count":2,"href":"https:\/\/www.aydinaski.gov.tr\/index.php\/wp-json\/wp\/v2\/pages\/130\/revisions"}],"predecessor-version":[{"id":277,"href":"https:\/\/www.aydinaski.gov.tr\/index.php\/wp-json\/wp\/v2\/pages\/130\/revisions\/277"}],"wp:attachment":[{"href":"https:\/\/www.aydinaski.gov.tr\/index.php\/wp-json\/wp\/v2\/media?parent=130"}],"curies":[{"name":"wp","href":"https:\/\/api.w.org\/{rel}","templated":true}]}}