{"id":126,"date":"2022-09-12T15:40:11","date_gmt":"2022-09-12T12:40:11","guid":{"rendered":"http:\/\/localhost:8080\/aydinaski\/?page_id=126"},"modified":"2022-12-30T14:43:02","modified_gmt":"2022-12-30T11:43:02","slug":"kartli-sayac-uygulamasi","status":"publish","type":"page","link":"https:\/\/www.aydinaski.gov.tr\/index.php\/kartli-sayac-uygulamasi\/","title":{"rendered":"Kartl\u0131 Saya\u00e7 Uygulamas\u0131"},"content":{"rendered":"\n<p><strong>Ak\u0131ll\u0131 Saya\u00e7(Kartl\u0131 Saya\u00e7) Sistemi Nedir ?<\/strong><\/p>\n\n\n\n<p>Abonelerin su kullan\u0131m miktarlar\u0131n\u0131n hesaplanmas\u0131 ve kullan\u0131m bedelinin pe\u015fin olarak \u00f6denmesi esas\u0131na dayanan bir \u00f6deme sistemidir. Her sayaca bir abone kart\u0131 tan\u0131mlanmaktad\u0131r. Bu kartlara abone, kredi y\u00fckleme merkezlerinden (Vezne, AVS, Kiosk) istedi\u011fi miktarda kredi y\u00fckleyebilir. Ak\u0131ll\u0131 kart sayaca okutuldu\u011fu zaman karta y\u00fcklenmi\u015f olan bu krediler sayaca aktar\u0131lm\u0131\u015f olur.<\/p>\n\n\n\n<p>Kredi bitti\u011fi anda saya\u00e7 vanay\u0131 kapat\u0131r. Abone kart\u0131n\u0131 sayaca tekrar takt\u0131\u011f\u0131nda, karttaki yedek kredi sayaca y\u00fcklenerek vana a\u00e7\u0131l\u0131r. B\u00f6ylelikle abonenin yedek kredi miktar\u0131 kadar su kullan\u0131labilecek ve ayn\u0131 zamanda kredi sat\u0131n al\u0131nmas\u0131 i\u00e7in ikaz edilecektir.<\/p>\n\n\n\n<p>Aboneler kartlar\u0131na, kredi y\u00fckleme noktalar\u0131(kiosk) lardan mesai saatleri d\u0131\u015f\u0131nda y\u00fckleme yapabilirler.<\/p>\n\n\n\n<p>Sayac\u0131n endeksi her iki g\u00f6stergeden okunabildi\u011fi gibi, elektronik g\u00f6stergede t\u00fcketim, bakiye, bor\u00e7, kredi fiyat\u0131 ceza ve pil durumu bilgileri g\u00f6r\u00fclebilir.<\/p>\n\n\n\n<p>Bu bilgiler abone kart\u0131 vas\u0131tas\u0131 ile sisteme aktar\u0131l\u0131r. Sayaca m\u00fcdahale olmas\u0131 durumunda, saya\u00e7 m\u00fcdahale tarihini kaydedip cezal\u0131 durumuna ge\u00e7er ve otomatik olarak vanas\u0131 kapat\u0131l\u0131p yetkili personelin m\u00fcdahalesini bekler.<\/p>\n\n\n\n<p><strong>Kont\u00f6r Y\u00fckleme \u0130\u015flemi Nas\u0131l Yap\u0131l\u0131r ?<\/strong><\/p>\n\n\n\n<p>Aboneler ak\u0131ll\u0131 kartlar\u0131n\u0131 ASK\u0130 Merkez ve \u0130l\u00e7e \u015eubelerinden, ve Kiosk &#8216;lardan\u00a0 kredi y\u00fckleyebilirler. Ak\u0131ll\u0131 kart sayaca yakla\u015ft\u0131r\u0131l\u0131p butona bas\u0131ld\u0131\u011f\u0131 anda karta y\u00fcklenmi\u015f olan bu krediler sayaca aktar\u0131lm\u0131\u015f olur. Buna istinaden LCD ekranda &#8220;Y\u00dcKLENEN&#8221; mesaj\u0131 ile miktar\u0131 g\u00f6r\u00fcnt\u00fclenir.<\/p>\n\n\n\n<p>Su sayac\u0131 y\u00fcklenmi\u015f olan kredinin bitmesi durumunda vanas\u0131n\u0131 kapat\u0131r. Abone kart\u0131n\u0131 tekrar sayaca takt\u0131\u011f\u0131nda, karttaki yedek kredi sayaca y\u00fcklenerek vana a\u00e7\u0131l\u0131r. B\u00f6ylelikle abonenin yedek kredi miktar\u0131 kadar su kullanabilecek ve ayn\u0131 zamanda kredi sat\u0131n almas\u0131 i\u00e7in ikaz edilecektir. Sayac\u0131n endeksi her iki g\u00f6stergeden okunabildi\u011fi gibi, elektronik g\u00f6stergede t\u00fcketim, bakiye, bor\u00e7, kredi fiyat\u0131 ceza ve pil durumu bilgileri g\u00f6r\u00fclebilir. Bu bilgiler abone kart\u0131 vas\u0131tas\u0131 ile sisteme aktar\u0131l\u0131r.<\/p>\n\n\n\n<p><strong>Ak\u0131ll\u0131 Sayac\u0131n Aboneye Sa\u011flad\u0131\u011f\u0131 Avantajlar<\/strong><\/p>\n\n\n\n<p>&#8211; Faiz YOK<\/p>\n\n\n\n<p>&#8211; Fatura derdi YOK<\/p>\n\n\n\n<p>&#8211; Kuyrukta bekleme ve stres YOK<\/p>\n\n\n\n<p>&#8211; &nbsp;Ev sahibi &#8211; kirac\u0131, devre m\u00fclk &#8211; idare anla\u015fmazl\u0131klar\u0131 YOK<\/p>\n\n\n\n<p>&#8211; Aboneler, istedikleri kadar krediyi sabit fiyat garantisi ile alabilecekleri i\u00e7in ve s\u0131k s\u0131k yap\u0131lan tarife de\u011fi\u015fikliklerinden (zam) etkilenmemi\u015f olurlar.<\/p>\n\n\n\n<p>&#8211; A\u00e7\u0131k unutulan musluklar ve ka\u00e7aklardan dolay\u0131 su basmalar\u0131 ve gereksiz sarfiyat \u00f6nlenmi\u015f olur.<\/p>\n\n\n\n<p>&#8211; Abone ne kadar su harcamas\u0131 yapt\u0131\u011f\u0131n\u0131 ve daha ne kadar yapabilece\u011fini her an kontrol edebilir.<\/p>\n","protected":false},"excerpt":{"rendered":"<p>Ak\u0131ll\u0131 Saya\u00e7(Kartl\u0131 Saya\u00e7) Sistemi Nedir ? Abonelerin su kullan\u0131m miktarlar\u0131n\u0131n hesaplanmas\u0131 ve kullan\u0131m bedelinin pe\u015fin olarak \u00f6denmesi esas\u0131na dayanan bir \u00f6deme sistemidir. Her sayaca bir abone kart\u0131 tan\u0131mlanmaktad\u0131r. Bu kartlara abone, kredi y\u00fckleme merkezlerinden (Vezne, AVS, Kiosk) istedi\u011fi miktarda kredi y\u00fckleyebilir. Ak\u0131ll\u0131 kart sayaca okutuldu\u011fu zaman karta y\u00fcklenmi\u015f olan bu krediler sayaca aktar\u0131lm\u0131\u015f olur. Kredi [&hellip;]<\/p>\n","protected":false},"author":1,"featured_media":0,"parent":0,"menu_order":0,"comment_status":"closed","ping_status":"closed","template":"","meta":{"ngg_post_thumbnail":0,"footnotes":""},"class_list":["post-126","page","type-page","status-publish","hentry"],"_links":{"self":[{"href":"https:\/\/www.aydinaski.gov.tr\/index.php\/wp-json\/wp\/v2\/pages\/126","targetHints":{"allow":["GET"]}}],"collection":[{"href":"https:\/\/www.aydinaski.gov.tr\/index.php\/wp-json\/wp\/v2\/pages"}],"about":[{"href":"https:\/\/www.aydinaski.gov.tr\/index.php\/wp-json\/wp\/v2\/types\/page"}],"author":[{"embeddable":true,"href":"https:\/\/www.aydinaski.gov.tr\/index.php\/wp-json\/wp\/v2\/users\/1"}],"replies":[{"embeddable":true,"href":"https:\/\/www.aydinaski.gov.tr\/index.php\/wp-json\/wp\/v2\/comments?post=126"}],"version-history":[{"count":4,"href":"https:\/\/www.aydinaski.gov.tr\/index.php\/wp-json\/wp\/v2\/pages\/126\/revisions"}],"predecessor-version":[{"id":2351,"href":"https:\/\/www.aydinaski.gov.tr\/index.php\/wp-json\/wp\/v2\/pages\/126\/revisions\/2351"}],"wp:attachment":[{"href":"https:\/\/www.aydinaski.gov.tr\/index.php\/wp-json\/wp\/v2\/media?parent=126"}],"curies":[{"name":"wp","href":"https:\/\/api.w.org\/{rel}","templated":true}]}}