{"id":124,"date":"2022-09-12T15:39:44","date_gmt":"2022-09-12T12:39:44","guid":{"rendered":"http:\/\/localhost:8080\/aydinaski\/?page_id=124"},"modified":"2024-05-22T17:18:11","modified_gmt":"2024-05-22T14:18:11","slug":"abonelik-islemleri","status":"publish","type":"page","link":"https:\/\/www.aydinaski.gov.tr\/index.php\/abonelik-islemleri\/","title":{"rendered":"Abonelik \u0130\u015flemleri"},"content":{"rendered":"\n<p class=\"has-text-align-center\"><strong>Gerekli Belgeler<\/strong><\/p>\n\n\n\n<p class=\"has-text-align-center\"><strong>\u0130lk Konut Aboneli\u011fi<\/strong><\/p>\n\n\n\n<hr class=\"wp-block-separator has-alpha-channel-opacity\"\/>\n\n\n\n<p class=\"has-text-align-left\">Gerekli Evraklar;<\/p>\n\n\n\n<p>1- Tapu<\/p>\n\n\n\n<p>2- Kimlik Belgesi<\/p>\n\n\n\n<p>3- Zorunlu Deprem Sigortas\u0131 (Dask)<\/p>\n\n\n\n<p>4- Yap\u0131 Kullan\u0131m \u0130zin Belgesi<\/p>\n\n\n\n<p>5- Saya\u00e7 \u00dczerindeki Son Endeks<\/p>\n\n\n\n<p>6- Tesisat Muayene \u0130\u015f Bitirme Belgesi (Tesisat Muayene Servisinden Al\u0131nacak)<\/p>\n\n\n\n<p class=\"has-text-align-center\"><strong>Eski (Kullan\u0131lm\u0131\u015f Bina) Konut Aboneli\u011fi<\/strong><\/p>\n\n\n\n<hr class=\"wp-block-separator has-alpha-channel-opacity\"\/>\n\n\n\n<p class=\"has-text-align-left\">&nbsp;Gerekli Evraklar;<\/p>\n\n\n\n<p>1- Kimlik Belgesi<\/p>\n\n\n\n<p>2- Zorunlu Deprem Sigortas\u0131 (Dask)<\/p>\n\n\n\n<p>3- Abone, Saya\u00e7 Numaras\u0131 ve Saya\u00e7 \u00dczerindeki Son Endeks.<\/p>\n\n\n\n<p class=\"has-text-align-center\"><br><strong>\u0130lk \u0130\u015f Yeri Aboneli\u011fi<\/strong><\/p>\n\n\n\n<hr class=\"wp-block-separator has-alpha-channel-opacity\"\/>\n\n\n\n<p class=\"has-text-align-left\">Gerekli Evraklar;<\/p>\n\n\n\n<p>1-Tapu<\/p>\n\n\n\n<p>2- Kimlik Belgesi<\/p>\n\n\n\n<p>3- Zorunlu Deprem Sigortas\u0131 (Dask)<\/p>\n\n\n\n<p>4- Yap\u0131 Kullan\u0131m \u0130zin Belgesi<\/p>\n\n\n\n<p>5- Saya\u00e7 \u00dczerindeki Son Endeks Bilgisi<\/p>\n\n\n\n<p>6- Tesisat Muayene \u0130\u015f Bitirme Belgesi (Tesisat Muayene Servisinden Al\u0131nacak)<\/p>\n\n\n\n<p>7- Vergi Levhas\u0131<\/p>\n\n\n\n<p>8- \u015eirket Ad\u0131na \u0130se \u0130mza Sirk\u00fcleri, \u015eirket Ka\u015fesi, Yetki Belgesi, Kimlik Beyan\u0131<\/p>\n\n\n\n<p class=\"has-text-align-center\"><strong>Eski \u0130\u015fyeri Aboneli\u011fi<\/strong><\/p>\n\n\n\n<hr class=\"wp-block-separator has-alpha-channel-opacity\"\/>\n\n\n\n<p class=\"has-text-align-left\"><br>&nbsp; Gerekli Evraklar;<\/p>\n\n\n\n<p>1- Kimlik Belgesi<\/p>\n\n\n\n<p>2- Zorunlu Deprem Sigortas\u0131 (Dask)<\/p>\n\n\n\n<p>3- Abone, Saya\u00e7 Numaras\u0131 ve Saya\u00e7 \u00dczerindeki Son Endeks.<\/p>\n\n\n\n<p>4- Vergi Levhas\u0131 veya Vergi Numaras\u0131<\/p>\n\n\n\n<p>5- \u015eirket Ad\u0131na \u0130se \u0130mza Sirk\u00fcleri, \u015eirket Ka\u015fesi, Yetki Belgesi, Kimlik Beyan\u0131<\/p>\n\n\n\n<p class=\"has-text-align-center\"><br><strong>\u0130n\u015faat Aboneli\u011fi<\/strong><\/p>\n\n\n\n<hr class=\"wp-block-separator has-alpha-channel-opacity\"\/>\n\n\n\n<p class=\"has-text-align-left\">&nbsp; Gerekli Evraklar<\/p>\n\n\n\n<p>1- \u0130n\u015faat Ruhsat\u0131<\/p>\n\n\n\n<p>2- Tesisat Muayene \u0130\u015f Bitirme Belgesi (Tesisat Muayene Servisinden Al\u0131nacak)<\/p>\n\n\n\n<p>3- Kimlik Beyan\u0131<\/p>\n\n\n\n<p>4- \u015eah\u0131s Ad\u0131na \u0130se Ruhsattaki \u0130sim<\/p>\n\n\n\n<p>5- \u015eirket Ad\u0131na \u0130se \u0130mza Sirk\u00fcleri, \u015eirket Ka\u015fesi, Yetki Belgesi, Kimlik Beyan\u0131<\/p>\n\n\n\n<p><\/p>\n\n\n\n<p><\/p>\n","protected":false},"excerpt":{"rendered":"<p>Gerekli Belgeler \u0130lk Konut Aboneli\u011fi Gerekli Evraklar; 1- Tapu 2- Kimlik Belgesi 3- Zorunlu Deprem Sigortas\u0131 (Dask) 4- Yap\u0131 Kullan\u0131m \u0130zin Belgesi 5- Saya\u00e7 \u00dczerindeki Son Endeks 6- Tesisat Muayene \u0130\u015f Bitirme Belgesi (Tesisat Muayene Servisinden Al\u0131nacak) Eski (Kullan\u0131lm\u0131\u015f Bina) Konut Aboneli\u011fi &nbsp;Gerekli Evraklar; 1- Kimlik Belgesi 2- Zorunlu Deprem Sigortas\u0131 (Dask) 3- Abone, Saya\u00e7 [&hellip;]<\/p>\n","protected":false},"author":1,"featured_media":0,"parent":0,"menu_order":0,"comment_status":"closed","ping_status":"closed","template":"","meta":{"ngg_post_thumbnail":0,"footnotes":""},"class_list":["post-124","page","type-page","status-publish","hentry"],"_links":{"self":[{"href":"https:\/\/www.aydinaski.gov.tr\/index.php\/wp-json\/wp\/v2\/pages\/124","targetHints":{"allow":["GET"]}}],"collection":[{"href":"https:\/\/www.aydinaski.gov.tr\/index.php\/wp-json\/wp\/v2\/pages"}],"about":[{"href":"https:\/\/www.aydinaski.gov.tr\/index.php\/wp-json\/wp\/v2\/types\/page"}],"author":[{"embeddable":true,"href":"https:\/\/www.aydinaski.gov.tr\/index.php\/wp-json\/wp\/v2\/users\/1"}],"replies":[{"embeddable":true,"href":"https:\/\/www.aydinaski.gov.tr\/index.php\/wp-json\/wp\/v2\/comments?post=124"}],"version-history":[{"count":14,"href":"https:\/\/www.aydinaski.gov.tr\/index.php\/wp-json\/wp\/v2\/pages\/124\/revisions"}],"predecessor-version":[{"id":7496,"href":"https:\/\/www.aydinaski.gov.tr\/index.php\/wp-json\/wp\/v2\/pages\/124\/revisions\/7496"}],"wp:attachment":[{"href":"https:\/\/www.aydinaski.gov.tr\/index.php\/wp-json\/wp\/v2\/media?parent=124"}],"curies":[{"name":"wp","href":"https:\/\/api.w.org\/{rel}","templated":true}]}}