{"id":106,"date":"2022-09-12T15:32:55","date_gmt":"2022-09-12T12:32:55","guid":{"rendered":"http:\/\/localhost:8080\/aydinaski\/?page_id=106"},"modified":"2022-11-11T11:35:39","modified_gmt":"2022-11-11T08:35:39","slug":"duyurular","status":"publish","type":"page","link":"https:\/\/www.aydinaski.gov.tr\/index.php\/duyurular\/","title":{"rendered":"Duyurular"},"content":{"rendered":"<style id=\"sp_pcp_dynamic_style1736\">#pcp_wrapper-1736 .sp-pcp-row{ margin-right: -5px;margin-left: -5px;}#pcp_wrapper-1736 .sp-pcp-row [class*='sp-pcp-col-']{padding-right: 5px;padding-left: 5px;padding-bottom: 10px;}.pcp-wrapper-1736 .sp-pcp-title a {color: #1e73be;display: inherit;} .pcp-wrapper-1736 .sp-pcp-title a:hover {color: #1e73be;}#pcp_wrapper-1736 .sp-pcp-post {padding: 0 0 0 0;}#pcp_wrapper-1736 .sp-pcp-post {border: 0px solid #e2e2e2;}#pcp_wrapper-1736 .sp-pcp-post {border-radius: 0px;}#pcp_wrapper-1736 .sp-pcp-post{background-color: transparent;}.pcp-wrapper-1736 .sp-pcp-post-meta li,.pcp-wrapper-1736 .sp-pcp-post-meta ul,.pcp-wrapper-1736 .sp-pcp-post-meta li a{color: #888;}.pcp-wrapper-1736 .sp-pcp-post-meta li a:hover{color: #e1624b;}#pcp_wrapper-1736 .pcp-readmore-link{ background: transparent; color: #1e73be; border-color: #1e73be; } #pcp_wrapper-1736 .pcp-readmore-link:hover { background: #1e73be; color: #ffffff; border-color: #1e73be; }#pcp_wrapper-1736 .pcp-post-pagination .page-numbers.current, #pcp_wrapper-1736 .pcp-post-pagination a.active , #pcp_wrapper-1736 .pcp-post-pagination a:hover{ color: #ffffff; background: #1e73be; border-color: #1e73be; }#pcp_wrapper-1736 .pcp-post-pagination .page-numbers, .pcp-post-pagination a{ background: #ffffff; color:#1e73be; border-color: #1e73be; }\/* KART YATAY *\/.sp-pcp-post { display: flex !important; flex-direction: row !important; align-items: stretch !important; \/*background: #fff !important;*\/ backdrop-filter:blur(25px); border-radius: 18px !important; overflow: hidden !important; box-shadow: 0 8px 20px rgba(0,0,0,0.08) !important; border:1px solid #ADD8E6 !important;}\/* SOL (RES\u0130M) \u2192 1 birim *\/.pcp-post-thumb-wrapper { flex: 1 !important; max-width: 180px !important; \/* sabit s\u0131n\u0131r *\/ border-radius:20px !important; padding:5px; height: 140px !important; \/* SAB\u0130T Y\u00dcKSEKL\u0130K *\/ overflow: hidden !important;}\/* RES\u0130M *\/.sp-pcp-post-thumb-area,.sp-pcp-post-thumb-area img { width: 100% !important; height: 100% !important;}.sp-pcp-post-thumb-area img { object-fit: cover !important; display: block !important; border-radius: 10px;}\/* SA\u011e (CONTENT) \u2192 2 birim *\/.sp-pcp-post-content { flex: 2 !important; \/* 2 KATI GEN\u0130\u015e *\/ padding: 15px !important; display: flex !important; flex-direction: column !important; justify-content: space-between !important;}\/* BA\u015eLIK *\/.sp-pcp-post-content p { font-size: 14px !important; font-weight: 600 !important; color:white !important; \/*color: #0a4f7a !important;*\/ line-height: 1.4 !important; display: -webkit-box !important; -webkit-line-clamp: 3 !important; -webkit-box-orient: vertical !important; overflow: hidden !important;}\/* BUTON *\/.pcp-readmore-link { display: inline-block !important; padding: 6px 14px !important; border-radius: 16px !important; background: #0077b6 !important; color: #fff !important; font-size: 12px !important;}@media (max-width: 768px) { .sp-pcp-post { flex-direction: column !important; align-items:center !important; justify-content:center !important; } .sp-pcp-post-content p { color: #0a4f7a !important; } .pcp-post-thumb-wrapper { width: 200px !important; max-width: 100% !important; height: 180px !important; } .sp-pcp-post-content { flex: unset !important; }}.pcp-button-prev,.pcp-button-next{backdrop-filter:blur(50px); border-radius:10px;}<\/style>\n<div id=\"pcp_wrapper-1736\" class=\"sp-pcp-section sp-pcp-container pcp-wrapper-1736\">\n\t<div class=\"sp-pcp-row\">\n\t\t\t\t<div class=\" sp-pcp-col-xs-1 sp-pcp-col-sm-2 sp-pcp-col-md-2 sp-pcp-col-lg-2 sp-pcp-col-xl-2\">\n\t\t\t<div class=\"sp-pcp-post pcp-item-9331\" data-id=\"9331\">\n\t\t\t\t\t\t\t\t<div class=\"pcp-post-thumb-wrapper\">\n\t\t\t\t\t<div class=\"sp-pcp-post-thumb-area\">\n\t\t\t\t\t\t\t\t\t\t\t\t<a class=\"sp-pcp-thumb\" href=\"https:\/\/www.aydinaski.gov.tr\/index.php\/2026\/05\/08\/aydin-su-ve-kanalizasyon-idaresi-genel-mudurlugu-2026-yili-mayis-ayi-olagan-genel-kurul-toplanti-daveti\/\" target=\"_self\" >\n\t\t\t\t\t\t\t\t\t\t\t\t\t<img loading=\"lazy\" decoding=\"async\" src=\"https:\/\/www.aydinaski.gov.tr\/wp-content\/uploads\/2022\/10\/logopaylasim.jpg\" width=\"283\" height=\"300\" alt=\"\">\n\t\t\t\t\t\t<\/a>\n\t\t\t\t\t<\/div>\n\t\t\t\t<\/div>\n\t\t\t\t\t\t\t<h1 class=\"sp-pcp-title\">\n\t\t\t\t\t\t\t\t\t<a href=\"https:\/\/www.aydinaski.gov.tr\/index.php\/2026\/05\/08\/aydin-su-ve-kanalizasyon-idaresi-genel-mudurlugu-2026-yili-mayis-ayi-olagan-genel-kurul-toplanti-daveti\/\"  target=\"_self\">AYDIN SU VE KANAL\u0130ZASYON \u0130DARES\u0130 GENEL M\u00dcD\u00dcRL\u00dc\u011e\u00dc 2026 YILI MAYIS AYI OLA\u011eAN GENEL KURUL TOPLANTI DAVET\u0130<\/a>\t\t\t\t\t\t\t<\/h1>\n\t\t\t\t\t\t<div class=\"sp-pcp-post-content\">\n\t\t\t\t\t<div class=\"sp-pcp-readmore\">\n\t\t\t\t\t\t\t<a class=\"pcp-readmore-link\" target=\"_self\" href=\"https:\/\/www.aydinaski.gov.tr\/index.php\/2026\/05\/08\/aydin-su-ve-kanalizasyon-idaresi-genel-mudurlugu-2026-yili-mayis-ayi-olagan-genel-kurul-toplanti-daveti\/\" >\n\t\t\t\t\t\tDevam <\/a>\n\t\t<\/div>\n\t\t\t\t\t<\/div>\n\t\t\t\t\t\t<\/div>\n\t\t<\/div>\n\t\t\t\t<div class=\" sp-pcp-col-xs-1 sp-pcp-col-sm-2 sp-pcp-col-md-2 sp-pcp-col-lg-2 sp-pcp-col-xl-2\">\n\t\t\t<div class=\"sp-pcp-post pcp-item-9328\" data-id=\"9328\">\n\t\t\t\t\t\t\t\t<div class=\"pcp-post-thumb-wrapper\">\n\t\t\t\t\t<div class=\"sp-pcp-post-thumb-area\">\n\t\t\t\t\t\t\t\t\t\t\t\t<a class=\"sp-pcp-thumb\" href=\"https:\/\/www.aydinaski.gov.tr\/index.php\/2026\/05\/08\/aydin-su-ve-kanalizasyon-idaresi-genel-mudurlugu-2026-yili-mayis-ayi-olagan-genel-kurul-toplanti-durusu\/\" target=\"_self\" >\n\t\t\t\t\t\t\t\t\t\t\t\t\t<img loading=\"lazy\" decoding=\"async\" src=\"https:\/\/www.aydinaski.gov.tr\/wp-content\/uploads\/2025\/11\/a03a33dd-8b08-4b93-9d32-b64113f86f23_removalai_preview-283x300.png\" width=\"283\" height=\"300\" alt=\"\">\n\t\t\t\t\t\t<\/a>\n\t\t\t\t\t<\/div>\n\t\t\t\t<\/div>\n\t\t\t\t\t\t\t<h1 class=\"sp-pcp-title\">\n\t\t\t\t\t\t\t\t\t<a href=\"https:\/\/www.aydinaski.gov.tr\/index.php\/2026\/05\/08\/aydin-su-ve-kanalizasyon-idaresi-genel-mudurlugu-2026-yili-mayis-ayi-olagan-genel-kurul-toplanti-durusu\/\"  target=\"_self\">AYDIN SU VE KANAL\u0130ZASYON \u0130DARES\u0130 GENEL M\u00dcD\u00dcRL\u00dc\u011e\u00dc 2026 YILI MAYIS AYI OLA\u011eAN GENEL KURUL TOPLANTI DURUSU<\/a>\t\t\t\t\t\t\t<\/h1>\n\t\t\t\t\t\t<div class=\"sp-pcp-post-content\">\n\t\t\t\t\t<div class=\"sp-pcp-readmore\">\n\t\t\t\t\t\t\t<a class=\"pcp-readmore-link\" target=\"_self\" href=\"https:\/\/www.aydinaski.gov.tr\/index.php\/2026\/05\/08\/aydin-su-ve-kanalizasyon-idaresi-genel-mudurlugu-2026-yili-mayis-ayi-olagan-genel-kurul-toplanti-durusu\/\" >\n\t\t\t\t\t\tDevam <\/a>\n\t\t<\/div>\n\t\t\t\t\t<\/div>\n\t\t\t\t\t\t<\/div>\n\t\t<\/div>\n\t\t\t\t<div class=\" sp-pcp-col-xs-1 sp-pcp-col-sm-2 sp-pcp-col-md-2 sp-pcp-col-lg-2 sp-pcp-col-xl-2\">\n\t\t\t<div class=\"sp-pcp-post pcp-item-9167\" data-id=\"9167\">\n\t\t\t\t\t\t\t\t<div class=\"pcp-post-thumb-wrapper\">\n\t\t\t\t\t<div class=\"sp-pcp-post-thumb-area\">\n\t\t\t\t\t\t\t\t\t\t\t\t<a class=\"sp-pcp-thumb\" href=\"https:\/\/www.aydinaski.gov.tr\/index.php\/2025\/11\/20\/aydin-aski-cebinizde\/\" target=\"_self\" >\n\t\t\t\t\t\t\t\t\t\t\t\t\t<img loading=\"lazy\" decoding=\"async\" src=\"https:\/\/www.aydinaski.gov.tr\/wp-content\/uploads\/2025\/11\/21.11.2025-212x300.png\" width=\"212\" height=\"300\" alt=\"\">\n\t\t\t\t\t\t<\/a>\n\t\t\t\t\t<\/div>\n\t\t\t\t<\/div>\n\t\t\t\t\t\t\t<h1 class=\"sp-pcp-title\">\n\t\t\t\t\t\t\t\t\t<a href=\"https:\/\/www.aydinaski.gov.tr\/index.php\/2025\/11\/20\/aydin-aski-cebinizde\/\"  target=\"_self\">Ayd\u0131n Aski Mobil Uygulamam\u0131z Haz\u0131r<\/a>\t\t\t\t\t\t\t<\/h1>\n\t\t\t\t\t\t<div class=\"sp-pcp-post-content\">\n\t\t\t\t\t<div class=\"sp-pcp-readmore\">\n\t\t\t\t\t\t\t<a class=\"pcp-readmore-link\" target=\"_self\" href=\"https:\/\/www.aydinaski.gov.tr\/index.php\/2025\/11\/20\/aydin-aski-cebinizde\/\" >\n\t\t\t\t\t\tDevam <\/a>\n\t\t<\/div>\n\t\t\t\t\t<\/div>\n\t\t\t\t\t\t<\/div>\n\t\t<\/div>\n\t\t\t\t<div class=\" sp-pcp-col-xs-1 sp-pcp-col-sm-2 sp-pcp-col-md-2 sp-pcp-col-lg-2 sp-pcp-col-xl-2\">\n\t\t\t<div class=\"sp-pcp-post pcp-item-2475\" data-id=\"2475\">\n\t\t\t\t\t\t\t\t<div class=\"pcp-post-thumb-wrapper\">\n\t\t\t\t\t<div class=\"sp-pcp-post-thumb-area\">\n\t\t\t\t\t\t\t\t\t\t\t\t<a class=\"sp-pcp-thumb\" href=\"https:\/\/www.aydinaski.gov.tr\/index.php\/2025\/11\/18\/su-tasarrufu\/\" target=\"_self\" >\n\t\t\t\t\t\t\t\t\t\t\t\t\t<img loading=\"lazy\" decoding=\"async\" src=\"https:\/\/www.aydinaski.gov.tr\/wp-content\/uploads\/2023\/02\/pngwing.com-3-294x300.png\" width=\"294\" height=\"300\" alt=\"\">\n\t\t\t\t\t\t<\/a>\n\t\t\t\t\t<\/div>\n\t\t\t\t<\/div>\n\t\t\t\t\t\t\t<h1 class=\"sp-pcp-title\">\n\t\t\t\t\t\t\t\t\t<a href=\"https:\/\/www.aydinaski.gov.tr\/index.php\/2025\/11\/18\/su-tasarrufu\/\"  target=\"_self\">Su Tasarrufu<\/a>\t\t\t\t\t\t\t<\/h1>\n\t\t\t\t\t\t<div class=\"sp-pcp-post-content\">\n\t\t\t\t\t<div class=\"sp-pcp-readmore\">\n\t\t\t\t\t\t\t<a class=\"pcp-readmore-link\" target=\"_self\" href=\"https:\/\/www.aydinaski.gov.tr\/index.php\/2025\/11\/18\/su-tasarrufu\/\" >\n\t\t\t\t\t\tDevam <\/a>\n\t\t<\/div>\n\t\t\t\t\t<\/div>\n\t\t\t\t\t\t<\/div>\n\t\t<\/div>\n\t\t\t\t<div class=\" sp-pcp-col-xs-1 sp-pcp-col-sm-2 sp-pcp-col-md-2 sp-pcp-col-lg-2 sp-pcp-col-xl-2\">\n\t\t\t<div class=\"sp-pcp-post pcp-item-9160\" data-id=\"9160\">\n\t\t\t\t\t\t\t\t<div class=\"pcp-post-thumb-wrapper\">\n\t\t\t\t\t<div class=\"sp-pcp-post-thumb-area\">\n\t\t\t\t\t\t\t\t\t\t\t\t<a class=\"sp-pcp-thumb\" href=\"https:\/\/www.aydinaski.gov.tr\/index.php\/2025\/11\/10\/aydin-su-ve-kanalizasyon-idaresi-genel-mudurlugu-2025-yili-kasim-ayi-olagan-genel-kurul-toplanti-daveti\/\" target=\"_self\" >\n\t\t\t\t\t\t\t\t\t\t\t\t\t<img loading=\"lazy\" decoding=\"async\" src=\"https:\/\/www.aydinaski.gov.tr\/wp-content\/uploads\/2025\/11\/a03a33dd-8b08-4b93-9d32-b64113f86f23_removalai_preview-283x300.png\" width=\"283\" height=\"300\" alt=\"\">\n\t\t\t\t\t\t<\/a>\n\t\t\t\t\t<\/div>\n\t\t\t\t<\/div>\n\t\t\t\t\t\t\t<h1 class=\"sp-pcp-title\">\n\t\t\t\t\t\t\t\t\t<a href=\"https:\/\/www.aydinaski.gov.tr\/index.php\/2025\/11\/10\/aydin-su-ve-kanalizasyon-idaresi-genel-mudurlugu-2025-yili-kasim-ayi-olagan-genel-kurul-toplanti-daveti\/\"  target=\"_self\">AYDIN SU VE KANAL\u0130ZASYON \u0130DARES\u0130 GENEL M\u00dcD\u00dcRL\u00dc\u011e\u00dc 2025 YILI KASIM AYI OLA\u011eAN GENEL KURUL TOPLANTI DAVET\u0130<\/a>\t\t\t\t\t\t\t<\/h1>\n\t\t\t\t\t\t<div class=\"sp-pcp-post-content\">\n\t\t\t\t\t<div class=\"sp-pcp-readmore\">\n\t\t\t\t\t\t\t<a class=\"pcp-readmore-link\" target=\"_self\" href=\"https:\/\/www.aydinaski.gov.tr\/index.php\/2025\/11\/10\/aydin-su-ve-kanalizasyon-idaresi-genel-mudurlugu-2025-yili-kasim-ayi-olagan-genel-kurul-toplanti-daveti\/\" >\n\t\t\t\t\t\tDevam <\/a>\n\t\t<\/div>\n\t\t\t\t\t<\/div>\n\t\t\t\t\t\t<\/div>\n\t\t<\/div>\n\t\t\t\t<div class=\" sp-pcp-col-xs-1 sp-pcp-col-sm-2 sp-pcp-col-md-2 sp-pcp-col-lg-2 sp-pcp-col-xl-2\">\n\t\t\t<div class=\"sp-pcp-post pcp-item-9152\" data-id=\"9152\">\n\t\t\t\t\t\t\t\t<div class=\"pcp-post-thumb-wrapper\">\n\t\t\t\t\t<div class=\"sp-pcp-post-thumb-area\">\n\t\t\t\t\t\t\t\t\t\t\t\t<a class=\"sp-pcp-thumb\" href=\"https:\/\/www.aydinaski.gov.tr\/index.php\/2025\/11\/10\/aydin-su-ve-kanalizasyon-idaresi-genel-mudurlugu-2025-yili-kasim-ayi-olagan-genel-kurul-toplanti-duyurusu\/\" target=\"_self\" >\n\t\t\t\t\t\t\t\t\t\t\t\t\t<img loading=\"lazy\" decoding=\"async\" src=\"https:\/\/www.aydinaski.gov.tr\/wp-content\/uploads\/2022\/10\/logopaylasim.jpg\" width=\"283\" height=\"300\" alt=\"\">\n\t\t\t\t\t\t<\/a>\n\t\t\t\t\t<\/div>\n\t\t\t\t<\/div>\n\t\t\t\t\t\t\t<h1 class=\"sp-pcp-title\">\n\t\t\t\t\t\t\t\t\t<a href=\"https:\/\/www.aydinaski.gov.tr\/index.php\/2025\/11\/10\/aydin-su-ve-kanalizasyon-idaresi-genel-mudurlugu-2025-yili-kasim-ayi-olagan-genel-kurul-toplanti-duyurusu\/\"  target=\"_self\">AYDIN SU VE KANAL\u0130ZASYON \u0130DARES\u0130 GENEL M\u00dcD\u00dcRL\u00dc\u011e\u00dc 2025 YILI KASIM AYI OLA\u011eAN GENEL KURUL TOPLANTI DUYURUSU<\/a>\t\t\t\t\t\t\t<\/h1>\n\t\t\t\t\t\t<div class=\"sp-pcp-post-content\">\n\t\t\t\t\t<div class=\"sp-pcp-readmore\">\n\t\t\t\t\t\t\t<a class=\"pcp-readmore-link\" target=\"_self\" href=\"https:\/\/www.aydinaski.gov.tr\/index.php\/2025\/11\/10\/aydin-su-ve-kanalizasyon-idaresi-genel-mudurlugu-2025-yili-kasim-ayi-olagan-genel-kurul-toplanti-duyurusu\/\" >\n\t\t\t\t\t\tDevam <\/a>\n\t\t<\/div>\n\t\t\t\t\t<\/div>\n\t\t\t\t\t\t<\/div>\n\t\t<\/div>\n\t\t\t\t<div class=\" sp-pcp-col-xs-1 sp-pcp-col-sm-2 sp-pcp-col-md-2 sp-pcp-col-lg-2 sp-pcp-col-xl-2\">\n\t\t\t<div class=\"sp-pcp-post pcp-item-8987\" data-id=\"8987\">\n\t\t\t\t\t\t\t\t<div class=\"pcp-post-thumb-wrapper\">\n\t\t\t\t\t<div class=\"sp-pcp-post-thumb-area\">\n\t\t\t\t\t\t\t\t\t\t\t\t<a class=\"sp-pcp-thumb\" href=\"https:\/\/www.aydinaski.gov.tr\/index.php\/2025\/05\/15\/abone-bilgilerinizi-guncelleyiniz\/\" target=\"_self\" >\n\t\t\t\t\t\t\t\t\t\t\t\t\t<img loading=\"lazy\" decoding=\"async\" src=\"https:\/\/www.aydinaski.gov.tr\/wp-content\/uploads\/2025\/05\/Screenshot_7-300x300.png\" width=\"300\" height=\"300\" alt=\"\">\n\t\t\t\t\t\t<\/a>\n\t\t\t\t\t<\/div>\n\t\t\t\t<\/div>\n\t\t\t\t\t\t\t<h1 class=\"sp-pcp-title\">\n\t\t\t\t\t\t\t\t\t<a href=\"https:\/\/www.aydinaski.gov.tr\/index.php\/2025\/05\/15\/abone-bilgilerinizi-guncelleyiniz\/\"  target=\"_self\">Abone Bilgilerinizi G\u00fcncelleyiniz<\/a>\t\t\t\t\t\t\t<\/h1>\n\t\t\t\t\t\t<div class=\"sp-pcp-post-content\">\n\t\t\t\t\t<div class=\"sp-pcp-readmore\">\n\t\t\t\t\t\t\t<a class=\"pcp-readmore-link\" target=\"_self\" href=\"https:\/\/www.aydinaski.gov.tr\/index.php\/2025\/05\/15\/abone-bilgilerinizi-guncelleyiniz\/\" >\n\t\t\t\t\t\tDevam <\/a>\n\t\t<\/div>\n\t\t\t\t\t<\/div>\n\t\t\t\t\t\t<\/div>\n\t\t<\/div>\n\t\t\t\t<div class=\" sp-pcp-col-xs-1 sp-pcp-col-sm-2 sp-pcp-col-md-2 sp-pcp-col-lg-2 sp-pcp-col-xl-2\">\n\t\t\t<div class=\"sp-pcp-post pcp-item-8980\" data-id=\"8980\">\n\t\t\t\t\t\t\t\t<div class=\"pcp-post-thumb-wrapper\">\n\t\t\t\t\t<div class=\"sp-pcp-post-thumb-area\">\n\t\t\t\t\t\t\t\t\t\t\t\t<a class=\"sp-pcp-thumb\" href=\"https:\/\/www.aydinaski.gov.tr\/index.php\/2025\/05\/09\/aydin-su-ve-kanalizasyon-idaresi-genel-mudurlugu-2025-yili-mayis-ayi-olagan-genel-kurul-toplanti-daveti\/\" target=\"_self\" >\n\t\t\t\t\t\t\t\t\t\t\t\t\t<img loading=\"lazy\" decoding=\"async\" src=\"https:\/\/www.aydinaski.gov.tr\/wp-content\/uploads\/2022\/10\/logopaylasim.jpg\" width=\"283\" height=\"300\" alt=\"\">\n\t\t\t\t\t\t<\/a>\n\t\t\t\t\t<\/div>\n\t\t\t\t<\/div>\n\t\t\t\t\t\t\t<h1 class=\"sp-pcp-title\">\n\t\t\t\t\t\t\t\t\t<a href=\"https:\/\/www.aydinaski.gov.tr\/index.php\/2025\/05\/09\/aydin-su-ve-kanalizasyon-idaresi-genel-mudurlugu-2025-yili-mayis-ayi-olagan-genel-kurul-toplanti-daveti\/\"  target=\"_self\">AYDIN SU VE KANAL\u0130ZASYON \u0130DARES\u0130 GENEL M\u00dcD\u00dcRL\u00dc\u011e\u00dc 2025 YILI MAYIS AYI OLA\u011eAN GENEL KURUL TOPLANTI DAVET\u0130<\/a>\t\t\t\t\t\t\t<\/h1>\n\t\t\t\t\t\t<div class=\"sp-pcp-post-content\">\n\t\t\t\t\t<div class=\"sp-pcp-readmore\">\n\t\t\t\t\t\t\t<a class=\"pcp-readmore-link\" target=\"_self\" href=\"https:\/\/www.aydinaski.gov.tr\/index.php\/2025\/05\/09\/aydin-su-ve-kanalizasyon-idaresi-genel-mudurlugu-2025-yili-mayis-ayi-olagan-genel-kurul-toplanti-daveti\/\" >\n\t\t\t\t\t\tDevam <\/a>\n\t\t<\/div>\n\t\t\t\t\t<\/div>\n\t\t\t\t\t\t<\/div>\n\t\t<\/div>\n\t\t\t\t<div class=\" sp-pcp-col-xs-1 sp-pcp-col-sm-2 sp-pcp-col-md-2 sp-pcp-col-lg-2 sp-pcp-col-xl-2\">\n\t\t\t<div class=\"sp-pcp-post pcp-item-8977\" data-id=\"8977\">\n\t\t\t\t\t\t\t\t<div class=\"pcp-post-thumb-wrapper\">\n\t\t\t\t\t<div class=\"sp-pcp-post-thumb-area\">\n\t\t\t\t\t\t\t\t\t\t\t\t<a class=\"sp-pcp-thumb\" href=\"https:\/\/www.aydinaski.gov.tr\/index.php\/2025\/05\/09\/aydin-su-ve-kanalizasyon-idaresi-genel-mudurlugu-2025-yili-mayis-ayi-olagan-genel-kurul-toplanti-duyurusu\/\" target=\"_self\" >\n\t\t\t\t\t\t\t\t\t\t\t\t\t<img loading=\"lazy\" decoding=\"async\" src=\"https:\/\/www.aydinaski.gov.tr\/wp-content\/uploads\/2022\/10\/logopaylasim.jpg\" width=\"283\" height=\"300\" alt=\"\">\n\t\t\t\t\t\t<\/a>\n\t\t\t\t\t<\/div>\n\t\t\t\t<\/div>\n\t\t\t\t\t\t\t<h1 class=\"sp-pcp-title\">\n\t\t\t\t\t\t\t\t\t<a href=\"https:\/\/www.aydinaski.gov.tr\/index.php\/2025\/05\/09\/aydin-su-ve-kanalizasyon-idaresi-genel-mudurlugu-2025-yili-mayis-ayi-olagan-genel-kurul-toplanti-duyurusu\/\"  target=\"_self\">AYDIN SU VE KANAL\u0130ZASYON \u0130DARES\u0130 GENEL M\u00dcD\u00dcRL\u00dc\u011e\u00dc 2025 YILI MAYIS AYI OLA\u011eAN GENEL KURUL TOPLANTI DUYURUSU<\/a>\t\t\t\t\t\t\t<\/h1>\n\t\t\t\t\t\t<div class=\"sp-pcp-post-content\">\n\t\t\t\t\t<div class=\"sp-pcp-readmore\">\n\t\t\t\t\t\t\t<a class=\"pcp-readmore-link\" target=\"_self\" href=\"https:\/\/www.aydinaski.gov.tr\/index.php\/2025\/05\/09\/aydin-su-ve-kanalizasyon-idaresi-genel-mudurlugu-2025-yili-mayis-ayi-olagan-genel-kurul-toplanti-duyurusu\/\" >\n\t\t\t\t\t\tDevam <\/a>\n\t\t<\/div>\n\t\t\t\t\t<\/div>\n\t\t\t\t\t\t<\/div>\n\t\t<\/div>\n\t\t\t\t<div class=\" sp-pcp-col-xs-1 sp-pcp-col-sm-2 sp-pcp-col-md-2 sp-pcp-col-lg-2 sp-pcp-col-xl-2\">\n\t\t\t<div class=\"sp-pcp-post pcp-item-5599\" data-id=\"5599\">\n\t\t\t\t\t\t\t\t<div class=\"pcp-post-thumb-wrapper\">\n\t\t\t\t\t<div class=\"sp-pcp-post-thumb-area\">\n\t\t\t\t\t\t\t\t\t\t\t\t<a class=\"sp-pcp-thumb\" href=\"https:\/\/www.aydinaski.gov.tr\/index.php\/2024\/12\/03\/su-sayaclarinizi-donma-tehlikelerine-karsi-koruyun\/\" target=\"_self\" >\n\t\t\t\t\t\t\t\t\t\t\t\t\t<img loading=\"lazy\" decoding=\"async\" src=\"https:\/\/www.aydinaski.gov.tr\/wp-content\/uploads\/2023\/12\/sayacdonmayakarsikoru-300x300.png\" width=\"300\" height=\"300\" alt=\"\">\n\t\t\t\t\t\t<\/a>\n\t\t\t\t\t<\/div>\n\t\t\t\t<\/div>\n\t\t\t\t\t\t\t<h1 class=\"sp-pcp-title\">\n\t\t\t\t\t\t\t\t\t<a href=\"https:\/\/www.aydinaski.gov.tr\/index.php\/2024\/12\/03\/su-sayaclarinizi-donma-tehlikelerine-karsi-koruyun\/\"  target=\"_self\">SU SAYA\u00c7LARINIZI DONMA TEHL\u0130KELER\u0130NE KAR\u015eI KORUYUN<\/a>\t\t\t\t\t\t\t<\/h1>\n\t\t\t\t\t\t<div class=\"sp-pcp-post-content\">\n\t\t\t\t\t<div class=\"sp-pcp-readmore\">\n\t\t\t\t\t\t\t<a class=\"pcp-readmore-link\" target=\"_self\" href=\"https:\/\/www.aydinaski.gov.tr\/index.php\/2024\/12\/03\/su-sayaclarinizi-donma-tehlikelerine-karsi-koruyun\/\" >\n\t\t\t\t\t\tDevam <\/a>\n\t\t<\/div>\n\t\t\t\t\t<\/div>\n\t\t\t\t\t\t<\/div>\n\t\t<\/div>\n\t\t\t\t<div class=\" sp-pcp-col-xs-1 sp-pcp-col-sm-2 sp-pcp-col-md-2 sp-pcp-col-lg-2 sp-pcp-col-xl-2\">\n\t\t\t<div class=\"sp-pcp-post pcp-item-8898\" data-id=\"8898\">\n\t\t\t\t\t\t\t\t<div class=\"pcp-post-thumb-wrapper\">\n\t\t\t\t\t<div class=\"sp-pcp-post-thumb-area\">\n\t\t\t\t\t\t\t\t\t\t\t\t<a class=\"sp-pcp-thumb\" href=\"https:\/\/www.aydinaski.gov.tr\/index.php\/2024\/11\/08\/aydin-su-ve-kanalizasyon-idaresi-genel-mudurlugu-2024-yili-kasim-ayi-olagan-genel-kurul-toplantisi-gundemi\/\" target=\"_self\" >\n\t\t\t\t\t\t\t\t\t\t\t\t\t<img loading=\"lazy\" decoding=\"async\" src=\"https:\/\/www.aydinaski.gov.tr\/wp-content\/uploads\/2022\/10\/logopaylasim.jpg\" width=\"283\" height=\"300\" alt=\"\">\n\t\t\t\t\t\t<\/a>\n\t\t\t\t\t<\/div>\n\t\t\t\t<\/div>\n\t\t\t\t\t\t\t<h1 class=\"sp-pcp-title\">\n\t\t\t\t\t\t\t\t\t<a href=\"https:\/\/www.aydinaski.gov.tr\/index.php\/2024\/11\/08\/aydin-su-ve-kanalizasyon-idaresi-genel-mudurlugu-2024-yili-kasim-ayi-olagan-genel-kurul-toplantisi-gundemi\/\"  target=\"_self\">AYDIN SU VE KANAL\u0130ZASYON \u0130DARES\u0130 GENEL M\u00dcD\u00dcRL\u00dc\u011e\u00dc 2024 YILI KASIM AYI OLA\u011eAN GENEL KURUL TOPLANTI DUYURUSU<\/a>\t\t\t\t\t\t\t<\/h1>\n\t\t\t\t\t\t<div class=\"sp-pcp-post-content\">\n\t\t\t\t\t<div class=\"sp-pcp-readmore\">\n\t\t\t\t\t\t\t<a class=\"pcp-readmore-link\" target=\"_self\" href=\"https:\/\/www.aydinaski.gov.tr\/index.php\/2024\/11\/08\/aydin-su-ve-kanalizasyon-idaresi-genel-mudurlugu-2024-yili-kasim-ayi-olagan-genel-kurul-toplantisi-gundemi\/\" >\n\t\t\t\t\t\tDevam <\/a>\n\t\t<\/div>\n\t\t\t\t\t<\/div>\n\t\t\t\t\t\t<\/div>\n\t\t<\/div>\n\t\t\t\t<div class=\" sp-pcp-col-xs-1 sp-pcp-col-sm-2 sp-pcp-col-md-2 sp-pcp-col-lg-2 sp-pcp-col-xl-2\">\n\t\t\t<div class=\"sp-pcp-post pcp-item-8893\" data-id=\"8893\">\n\t\t\t\t\t\t\t\t<div class=\"pcp-post-thumb-wrapper\">\n\t\t\t\t\t<div class=\"sp-pcp-post-thumb-area\">\n\t\t\t\t\t\t\t\t\t\t\t\t<a class=\"sp-pcp-thumb\" href=\"https:\/\/www.aydinaski.gov.tr\/index.php\/2024\/11\/08\/aydin-su-ve-kanalizasyon-idaresi-genel-mudurlugu-2024-yili-kasim-ayi-olagan-genel-kurul-toplanti-daveti\/\" target=\"_self\" >\n\t\t\t\t\t\t\t\t\t\t\t\t\t<img loading=\"lazy\" decoding=\"async\" src=\"https:\/\/www.aydinaski.gov.tr\/wp-content\/uploads\/2022\/10\/logopaylasim.jpg\" width=\"283\" height=\"300\" alt=\"\">\n\t\t\t\t\t\t<\/a>\n\t\t\t\t\t<\/div>\n\t\t\t\t<\/div>\n\t\t\t\t\t\t\t<h1 class=\"sp-pcp-title\">\n\t\t\t\t\t\t\t\t\t<a href=\"https:\/\/www.aydinaski.gov.tr\/index.php\/2024\/11\/08\/aydin-su-ve-kanalizasyon-idaresi-genel-mudurlugu-2024-yili-kasim-ayi-olagan-genel-kurul-toplanti-daveti\/\"  target=\"_self\">AYDIN SU VE KANAL\u0130ZASYON \u0130DARES\u0130 GENEL M\u00dcD\u00dcRL\u00dc\u011e\u00dc 2024 YILI KASIM AYI OLA\u011eAN GENEL KURUL TOPLANTI DAVET\u0130<\/a>\t\t\t\t\t\t\t<\/h1>\n\t\t\t\t\t\t<div class=\"sp-pcp-post-content\">\n\t\t\t\t\t<div class=\"sp-pcp-readmore\">\n\t\t\t\t\t\t\t<a class=\"pcp-readmore-link\" target=\"_self\" href=\"https:\/\/www.aydinaski.gov.tr\/index.php\/2024\/11\/08\/aydin-su-ve-kanalizasyon-idaresi-genel-mudurlugu-2024-yili-kasim-ayi-olagan-genel-kurul-toplanti-daveti\/\" >\n\t\t\t\t\t\tDevam <\/a>\n\t\t<\/div>\n\t\t\t\t\t<\/div>\n\t\t\t\t\t\t<\/div>\n\t\t<\/div>\n\t\t\t<\/div>\n\t\t<span class=\"sp-pcp-pagination-data\" style=\"display:none;\"><\/span>\n\n\t\t<nav class=\"pcp-post-pagination pcp-on-desktop\">\n\t\t\t<span aria-current=\"page\" class=\"page-numbers current\">1<\/span><a class=\"page-numbers\" href=\"https:\/\/www.aydinaski.gov.tr\/index.php\/wp-json\/wp\/v2\/pages\/106\/?paged1736=2\">2<\/a><a class=\"next page-numbers\" href=\"https:\/\/www.aydinaski.gov.tr\/index.php\/wp-json\/wp\/v2\/pages\/106\/?paged1736=2\"><i class=\"fa fa-angle-right\"><\/i><\/a>\t\t<\/nav>\n\t\t\t\t\t<nav class=\"pcp-post-pagination pcp-on-mobile\">\n\t\t\t<span aria-current=\"page\" class=\"page-numbers current\">1<\/span><a class=\"page-numbers\" href=\"https:\/\/www.aydinaski.gov.tr\/index.php\/wp-json\/wp\/v2\/pages\/106\/?paged1736=2\">2<\/a><a class=\"next page-numbers\" href=\"https:\/\/www.aydinaski.gov.tr\/index.php\/wp-json\/wp\/v2\/pages\/106\/?paged1736=2\"><i class=\"fa fa-angle-right\"><\/i><\/a>\t\t<\/nav>\n\t\t\t\t<\/div>\n\n","protected":false},"excerpt":{"rendered":"","protected":false},"author":1,"featured_media":0,"parent":0,"menu_order":0,"comment_status":"closed","ping_status":"closed","template":"","meta":{"ngg_post_thumbnail":0,"footnotes":""},"class_list":["post-106","page","type-page","status-publish","hentry"],"_links":{"self":[{"href":"https:\/\/www.aydinaski.gov.tr\/index.php\/wp-json\/wp\/v2\/pages\/106","targetHints":{"allow":["GET"]}}],"collection":[{"href":"https:\/\/www.aydinaski.gov.tr\/index.php\/wp-json\/wp\/v2\/pages"}],"about":[{"href":"https:\/\/www.aydinaski.gov.tr\/index.php\/wp-json\/wp\/v2\/types\/page"}],"author":[{"embeddable":true,"href":"https:\/\/www.aydinaski.gov.tr\/index.php\/wp-json\/wp\/v2\/users\/1"}],"replies":[{"embeddable":true,"href":"https:\/\/www.aydinaski.gov.tr\/index.php\/wp-json\/wp\/v2\/comments?post=106"}],"version-history":[{"count":6,"href":"https:\/\/www.aydinaski.gov.tr\/index.php\/wp-json\/wp\/v2\/pages\/106\/revisions"}],"predecessor-version":[{"id":1787,"href":"https:\/\/www.aydinaski.gov.tr\/index.php\/wp-json\/wp\/v2\/pages\/106\/revisions\/1787"}],"wp:attachment":[{"href":"https:\/\/www.aydinaski.gov.tr\/index.php\/wp-json\/wp\/v2\/media?parent=106"}],"curies":[{"name":"wp","href":"https:\/\/api.w.org\/{rel}","templated":true}]}}